{"id":57572,"date":"2025-09-16T10:05:51","date_gmt":"2025-09-16T08:05:51","guid":{"rendered":"https:\/\/sundar.be\/product\/chi-bergamote-huile-essentielle-biologique-10-ml\/"},"modified":"2025-11-24T10:20:17","modified_gmt":"2025-11-24T09:20:17","slug":"chi-bergamote-huile-essentielle-biologique-10-ml","status":"publish","type":"product","link":"https:\/\/sundar.be\/fr\/produit\/chi-bergamote-huile-essentielle-biologique-10-ml\/","title":{"rendered":"Chi Bergamote Huile Essentielle (Biologique) 10 ml"},"content":{"rendered":"<p>Le parfum de la bergamote est un v\u00e9ritable rayon de soleil : il apaise, rafra\u00eechit, \u00e9quilibre l\u2019esprit et procure instantan\u00e9ment une sensation de bonne humeur. D\u00e8s 1922, le professeur Rovesti de l\u2019Universit\u00e9 de Milan montrait d\u00e9j\u00e0 l\u2019effet profond\u00e9ment relaxant de l\u2019huile essentielle de bergamote et son aide pr\u00e9cieuse dans les moments d\u2019anxi\u00e9t\u00e9.  <\/p>\n<div class=\"x11i5rnm xat24cr x1mh8g0r x1vvkbs xtlvy1s x126k92a\">\n<div dir=\"auto\">Cette bergamote a m\u00fbri sur l\u2019arbre dans la r\u00e9gion de Calabre, au sud de l\u2019Italie \u2013 l\u2019unique endroit au monde o\u00f9 l\u2019on obtient une huile de bergamote d\u2019une qualit\u00e9 exceptionnelle. Cette huile b\u00e9n\u00e9ficie par ailleurs de la certification biologique europ\u00e9enne. <\/div>\n<\/div>\n<p>L\u2019huile de bergamote est vert-jaune et est obtenue par pression \u00e0 froid de l\u2019\u00e9corce d\u2019un fruit presque m\u00fbr. Les fruits, l\u00e9g\u00e8rement en forme de poire, deviennent jaunes \u00e0 maturit\u00e9. Les bergamotiers sont cultiv\u00e9s sp\u00e9cialement pour l\u2019extraction d\u2019huile essentielle et poussent presque exclusivement dans le sud de l\u2019Italie. La bergamote est \u00e9galement connue comme l\u2019ar\u00f4me caract\u00e9ristique du th\u00e9 Earl Grey. Sa fragrance est fra\u00eeche, douce et fruit\u00e9e. Il faut environ 200 kg de zestes frais pour produire 1 litre d\u2019huile essentielle.     <\/p>\n<p>L\u2019huile essentielle de bergamote appartient \u00e0 la famille des huiles d\u2019agrumes, mais se distingue nettement des autres. Elle contient plus de 300 composants, et contrairement aux autres huiles d\u2019agrumes, le limon\u00e8ne n\u2019est pas son compos\u00e9 principal. Ses principaux constituants sont le linalyl ac\u00e9tate et le linalool \u2014 les m\u00eames mol\u00e9cules majoritaires que dans la lavande vraie, ce qui explique la parent\u00e9 \u00e9tonnante dans leurs propri\u00e9t\u00e9s apaisantes et \u00e9quilibrantes.   <\/p>\n","protected":false},"excerpt":{"rendered":"<p>Le parfum de la bergamote est un v\u00e9ritable rayon de soleil : il apaise, rafra\u00eechit, \u00e9quilibre l\u2019esprit et procure instantan\u00e9ment une sensation de bonne humeur. D\u00e8s 1922, le professeur Rovesti de l\u2019Universit\u00e9 de Milan montrait d\u00e9j\u00e0 l\u2019effet profond\u00e9ment relaxant de l\u2019huile essentielle de bergamote et son aide pr\u00e9cieuse dans les moments d\u2019anxi\u00e9t\u00e9. Cette bergamote a [&hellip;]<\/p>\n","protected":false},"featured_media":57570,"comment_status":"open","ping_status":"closed","template":"","meta":{"_acf_changed":false},"product_brand":[],"product_cat":[6090,5678,6099,4972],"product_tag":[],"class_list":{"0":"post-57572","1":"product","2":"type-product","3":"status-publish","4":"has-post-thumbnail","6":"product_cat-chi-natural-life","7":"product_cat-huile-essentielles","8":"product_cat-huiles-essentielles-biologiques","9":"product_cat-nos-marques","11":"first","12":"instock","13":"taxable","14":"shipping-taxable","15":"product-type-simple"},"acf":[],"_links":{"self":[{"href":"https:\/\/sundar.be\/fr\/wp-json\/wp\/v2\/product\/57572","targetHints":{"allow":["GET"]}}],"collection":[{"href":"https:\/\/sundar.be\/fr\/wp-json\/wp\/v2\/product"}],"about":[{"href":"https:\/\/sundar.be\/fr\/wp-json\/wp\/v2\/types\/product"}],"replies":[{"embeddable":true,"href":"https:\/\/sundar.be\/fr\/wp-json\/wp\/v2\/comments?post=57572"}],"wp:featuredmedia":[{"embeddable":true,"href":"https:\/\/sundar.be\/fr\/wp-json\/wp\/v2\/media\/57570"}],"wp:attachment":[{"href":"https:\/\/sundar.be\/fr\/wp-json\/wp\/v2\/media?parent=57572"}],"wp:term":[{"taxonomy":"product_brand","embeddable":true,"href":"https:\/\/sundar.be\/fr\/wp-json\/wp\/v2\/product_brand?post=57572"},{"taxonomy":"product_cat","embeddable":true,"href":"https:\/\/sundar.be\/fr\/wp-json\/wp\/v2\/product_cat?post=57572"},{"taxonomy":"product_tag","embeddable":true,"href":"https:\/\/sundar.be\/fr\/wp-json\/wp\/v2\/product_tag?post=57572"}],"curies":[{"name":"wp","href":"https:\/\/api.w.org\/{rel}","templated":true}]}}