{"id":57569,"date":"2025-09-16T10:14:53","date_gmt":"2025-09-16T08:14:53","guid":{"rendered":"https:\/\/sundar.be\/product\/chi-romarin-cineole-france-huile-essentielle-biologique-10-ml\/"},"modified":"2025-11-24T10:17:34","modified_gmt":"2025-11-24T09:17:34","slug":"chi-romarin-cineole-france-huile-essentielle-biologique-10-ml","status":"publish","type":"product","link":"https:\/\/sundar.be\/fr\/produit\/chi-romarin-cineole-france-huile-essentielle-biologique-10-ml\/","title":{"rendered":"Chi Romarin Cin\u00e9ole France Huile Essentielle (Biologique) 10 ml"},"content":{"rendered":"<p>Le Romarin France correspond \u00e0 la vari\u00e9t\u00e9 dite Romarin Cin\u00e9ole. L\u2019huile essentielle de romarin est obtenue par distillation \u00e0 la vapeur de la plante en floraison. Le rendement est de 1 \u00e0 3 %, ce qui signifie qu\u2019il faut entre 50 et 100 kg de mati\u00e8re v\u00e9g\u00e9tale pour produire 1 litre d\u2019huile essentielle. Le romarin est un arbrisseau aromatique, toujours vert, dot\u00e9 de tiges dress\u00e9es et de feuilles en forme d\u2019aiguille. La plante peut atteindre jusqu\u2019\u00e0 1,5 m\u00e8tre de hauteur et est originaire des r\u00e9gions s\u00e8ches du bassin m\u00e9diterran\u00e9en.      <\/p>\n<p>Le romarin est \u00e9galement largement utilis\u00e9 comme herbe culinaire. Astuce gourmande : ajoutez 1 \u00e0 2 gouttes d\u2019huile essentielle de romarin dans un pot de miel \u2014 d\u00e9licieux au petit-d\u00e9jeuner.  <\/p>\n","protected":false},"excerpt":{"rendered":"<p>Le Romarin France correspond \u00e0 la vari\u00e9t\u00e9 dite Romarin Cin\u00e9ole. L\u2019huile essentielle de romarin est obtenue par distillation \u00e0 la vapeur de la plante en floraison. Le rendement est de 1 \u00e0 3 %, ce qui signifie qu\u2019il faut entre 50 et 100 kg de mati\u00e8re v\u00e9g\u00e9tale pour produire 1 litre d\u2019huile essentielle. Le romarin [&hellip;]<\/p>\n","protected":false},"featured_media":57566,"comment_status":"open","ping_status":"closed","template":"","meta":{"_acf_changed":false},"product_brand":[],"product_cat":[6090,5678,6099,4972],"product_tag":[],"class_list":{"0":"post-57569","1":"product","2":"type-product","3":"status-publish","4":"has-post-thumbnail","6":"product_cat-chi-natural-life","7":"product_cat-huile-essentielles","8":"product_cat-huiles-essentielles-biologiques","9":"product_cat-nos-marques","11":"first","12":"instock","13":"taxable","14":"shipping-taxable","15":"product-type-simple"},"acf":[],"_links":{"self":[{"href":"https:\/\/sundar.be\/fr\/wp-json\/wp\/v2\/product\/57569","targetHints":{"allow":["GET"]}}],"collection":[{"href":"https:\/\/sundar.be\/fr\/wp-json\/wp\/v2\/product"}],"about":[{"href":"https:\/\/sundar.be\/fr\/wp-json\/wp\/v2\/types\/product"}],"replies":[{"embeddable":true,"href":"https:\/\/sundar.be\/fr\/wp-json\/wp\/v2\/comments?post=57569"}],"wp:featuredmedia":[{"embeddable":true,"href":"https:\/\/sundar.be\/fr\/wp-json\/wp\/v2\/media\/57566"}],"wp:attachment":[{"href":"https:\/\/sundar.be\/fr\/wp-json\/wp\/v2\/media?parent=57569"}],"wp:term":[{"taxonomy":"product_brand","embeddable":true,"href":"https:\/\/sundar.be\/fr\/wp-json\/wp\/v2\/product_brand?post=57569"},{"taxonomy":"product_cat","embeddable":true,"href":"https:\/\/sundar.be\/fr\/wp-json\/wp\/v2\/product_cat?post=57569"},{"taxonomy":"product_tag","embeddable":true,"href":"https:\/\/sundar.be\/fr\/wp-json\/wp\/v2\/product_tag?post=57569"}],"curies":[{"name":"wp","href":"https:\/\/api.w.org\/{rel}","templated":true}]}}