{"id":57567,"date":"2025-09-16T10:17:48","date_gmt":"2025-09-16T08:17:48","guid":{"rendered":"https:\/\/sundar.be\/product\/chi-menthe-poivree-huile-essentielle-biologique-10-ml\/"},"modified":"2025-11-24T10:16:59","modified_gmt":"2025-11-24T09:16:59","slug":"chi-menthe-poivree-huile-essentielle-biologique-10-ml","status":"publish","type":"product","link":"https:\/\/sundar.be\/fr\/produit\/chi-menthe-poivree-huile-essentielle-biologique-10-ml\/","title":{"rendered":"Chi Menthe Poivr\u00e9e Huile Essentielle (Biologique) 10 ml"},"content":{"rendered":"<p>L\u2019huile essentielle de menthe poivr\u00e9e est obtenue par distillation \u00e0 la vapeur des feuilles r\u00e9colt\u00e9es juste avant la floraison. Il s\u2019agit d\u2019une huile incolore, au parfum puissant, frais et menthol\u00e9. Le rendement est d\u2019environ 0,5 \u00e0 1 %, ce qui signifie qu\u2019il faut entre 100 et 200 kg de plante pour produire 1 litre d\u2019huile essentielle de menthe poivr\u00e9e.<br \/>La menthe poivr\u00e9e est l\u2019esp\u00e8ce de menthe la plus connue. Il s\u2019agit d\u2019une plante vivace, issue d\u2019un croisement entre la menthe verte (spearmint) et la menthe aquatique, pouvant atteindre 90 cm de hauteur, avec des feuilles dentel\u00e9es et des fleurs lilas. Elle est largement cultiv\u00e9e aux \u00c9tats-Unis, au Japon, en Chine et en France.       <\/p>\n<p>En cuisine, l\u2019huile essentielle de menthe poivr\u00e9e \u2014 tout comme l\u2019hydrolat de menthe \u2014 est tr\u00e8s utilis\u00e9e. On la retrouve \u00e9galement comme ar\u00f4me dans l\u2019industrie du tabac et dans les liqueurs. <\/p>\n","protected":false},"excerpt":{"rendered":"<p>L\u2019huile essentielle de menthe poivr\u00e9e est obtenue par distillation \u00e0 la vapeur des feuilles r\u00e9colt\u00e9es juste avant la floraison. Il s\u2019agit d\u2019une huile incolore, au parfum puissant, frais et menthol\u00e9. Le rendement est d\u2019environ 0,5 \u00e0 1 %, ce qui signifie qu\u2019il faut entre 100 et 200 kg de plante pour produire 1 litre d\u2019huile [&hellip;]<\/p>\n","protected":false},"featured_media":57564,"comment_status":"open","ping_status":"closed","template":"","meta":{"_acf_changed":false},"product_brand":[],"product_cat":[6090,5678,6099,4972],"product_tag":[],"class_list":{"0":"post-57567","1":"product","2":"type-product","3":"status-publish","4":"has-post-thumbnail","6":"product_cat-chi-natural-life","7":"product_cat-huile-essentielles","8":"product_cat-huiles-essentielles-biologiques","9":"product_cat-nos-marques","11":"first","12":"instock","13":"taxable","14":"shipping-taxable","15":"product-type-simple"},"acf":[],"_links":{"self":[{"href":"https:\/\/sundar.be\/fr\/wp-json\/wp\/v2\/product\/57567","targetHints":{"allow":["GET"]}}],"collection":[{"href":"https:\/\/sundar.be\/fr\/wp-json\/wp\/v2\/product"}],"about":[{"href":"https:\/\/sundar.be\/fr\/wp-json\/wp\/v2\/types\/product"}],"replies":[{"embeddable":true,"href":"https:\/\/sundar.be\/fr\/wp-json\/wp\/v2\/comments?post=57567"}],"wp:featuredmedia":[{"embeddable":true,"href":"https:\/\/sundar.be\/fr\/wp-json\/wp\/v2\/media\/57564"}],"wp:attachment":[{"href":"https:\/\/sundar.be\/fr\/wp-json\/wp\/v2\/media?parent=57567"}],"wp:term":[{"taxonomy":"product_brand","embeddable":true,"href":"https:\/\/sundar.be\/fr\/wp-json\/wp\/v2\/product_brand?post=57567"},{"taxonomy":"product_cat","embeddable":true,"href":"https:\/\/sundar.be\/fr\/wp-json\/wp\/v2\/product_cat?post=57567"},{"taxonomy":"product_tag","embeddable":true,"href":"https:\/\/sundar.be\/fr\/wp-json\/wp\/v2\/product_tag?post=57567"}],"curies":[{"name":"wp","href":"https:\/\/api.w.org\/{rel}","templated":true}]}}