{"id":57563,"date":"2025-09-16T10:21:25","date_gmt":"2025-09-16T08:21:25","guid":{"rendered":"https:\/\/sundar.be\/product\/chi-ravintsara-huile-essentielle-biologique-10-ml\/"},"modified":"2025-11-24T10:13:16","modified_gmt":"2025-11-24T09:13:16","slug":"chi-ravintsara-huile-essentielle-biologique-10-ml","status":"publish","type":"product","link":"https:\/\/sundar.be\/fr\/produit\/chi-ravintsara-huile-essentielle-biologique-10-ml\/","title":{"rendered":"Chi Ravintsara Huile Essentielle (Biologique) 10 ml"},"content":{"rendered":"<p>Le ravintsara est une huile essentielle extraordinaire, au nom tout aussi remarquable. Le mot ravintsara vient du malgache ravi (\u00ab feuille \u00bb) et tsara (\u00ab aromatique \u00bb). La ravintsara de Chi est une huile fra\u00eeche et 100 % biologique, extraite des feuilles du camphrier sauvage (Cinnamomum camphora) de Madagascar. Le Cinnamomum camphora est \u00e9galement la d\u00e9nomination botanique du camphre et du bois de H\u00f4. \u00c0 l\u2019origine, il s\u2019agit de la m\u00eame esp\u00e8ce d\u2019arbre, mais selon le climat dans lequel il pousse, sa composition, son parfum et ses propri\u00e9t\u00e9s changent totalement. Cela montre \u00e0 quel point la fragrance et l\u2019efficacit\u00e9 d\u2019une huile essentielle d\u00e9pendent de multiples facteurs environnementaux. L\u2019odeur de la ravintsara rappelle celle de l\u2019eucalyptus, mais avec une douceur distincte. Fait int\u00e9ressant : chez nos voisins belges, la ravintsara est plus populaire que l\u2019eucalyptus ! Le rendement en huile essentielle est d\u2019environ 1 %, ce qui signifie qu\u2019il faut environ 100 kg de mati\u00e8re v\u00e9g\u00e9tale pour produire 1 litre d\u2019huile.         <\/p>\n","protected":false},"excerpt":{"rendered":"<p>Le ravintsara est une huile essentielle extraordinaire, au nom tout aussi remarquable. Le mot ravintsara vient du malgache ravi (\u00ab feuille \u00bb) et tsara (\u00ab aromatique \u00bb). La ravintsara de Chi est une huile fra\u00eeche et 100 % biologique, extraite des feuilles du camphrier sauvage (Cinnamomum camphora) de Madagascar. Le Cinnamomum camphora est \u00e9galement la [&hellip;]<\/p>\n","protected":false},"featured_media":57555,"comment_status":"open","ping_status":"closed","template":"","meta":{"_acf_changed":false},"product_brand":[],"product_cat":[6090,5678,6099,4972],"product_tag":[],"class_list":{"0":"post-57563","1":"product","2":"type-product","3":"status-publish","4":"has-post-thumbnail","6":"product_cat-chi-natural-life","7":"product_cat-huile-essentielles","8":"product_cat-huiles-essentielles-biologiques","9":"product_cat-nos-marques","11":"first","12":"instock","13":"taxable","14":"shipping-taxable","15":"product-type-simple"},"acf":[],"_links":{"self":[{"href":"https:\/\/sundar.be\/fr\/wp-json\/wp\/v2\/product\/57563","targetHints":{"allow":["GET"]}}],"collection":[{"href":"https:\/\/sundar.be\/fr\/wp-json\/wp\/v2\/product"}],"about":[{"href":"https:\/\/sundar.be\/fr\/wp-json\/wp\/v2\/types\/product"}],"replies":[{"embeddable":true,"href":"https:\/\/sundar.be\/fr\/wp-json\/wp\/v2\/comments?post=57563"}],"wp:featuredmedia":[{"embeddable":true,"href":"https:\/\/sundar.be\/fr\/wp-json\/wp\/v2\/media\/57555"}],"wp:attachment":[{"href":"https:\/\/sundar.be\/fr\/wp-json\/wp\/v2\/media?parent=57563"}],"wp:term":[{"taxonomy":"product_brand","embeddable":true,"href":"https:\/\/sundar.be\/fr\/wp-json\/wp\/v2\/product_brand?post=57563"},{"taxonomy":"product_cat","embeddable":true,"href":"https:\/\/sundar.be\/fr\/wp-json\/wp\/v2\/product_cat?post=57563"},{"taxonomy":"product_tag","embeddable":true,"href":"https:\/\/sundar.be\/fr\/wp-json\/wp\/v2\/product_tag?post=57563"}],"curies":[{"name":"wp","href":"https:\/\/api.w.org\/{rel}","templated":true}]}}