{"id":57562,"date":"2025-09-16T10:19:04","date_gmt":"2025-09-16T08:19:04","guid":{"rendered":"https:\/\/sundar.be\/product\/chi-orange-douce-huile-essentielle-biologique-10-ml\/"},"modified":"2025-11-24T10:13:13","modified_gmt":"2025-11-24T09:13:13","slug":"chi-orange-douce-huile-essentielle-biologique-10-ml","status":"publish","type":"product","link":"https:\/\/sundar.be\/fr\/produit\/chi-orange-douce-huile-essentielle-biologique-10-ml\/","title":{"rendered":"Chi Orange Douce Huile Essentielle (Biologique) 10 ml"},"content":{"rendered":"<p>L\u2019huile essentielle d\u2019orange douce est obtenue par pression \u00e0 froid de l\u2019\u00e9corce des fruits m\u00fbrs. Le rendement en huile essentielle est d\u2019environ 0,5 %, ce qui signifie qu\u2019il faut pr\u00e8s de 200 kg d\u2019\u00e9corces d\u2019oranges m\u00fbres pour produire 1 litre d\u2019huile. La couleur de l\u2019huile varie de jaune \u00e0 orange, selon l\u2019origine, et son parfum est imm\u00e9diatement reconnaissable : frais, sucr\u00e9, vif et fruit\u00e9. L\u2019oranger est un petit arbre persistant, aux fleurs blanches parfum\u00e9es et aux feuilles brillantes, pouvant atteindre environ 6 m\u00e8tres de hauteur. Il est originaire de Chine. L\u2019arbre est plus petit que l\u2019oranger amer, \u00e0 partir duquel sont distill\u00e9es notamment les huiles essentielles de n\u00e9roli et de petitgrain.       <\/p>\n<p>L\u2019huile essentielle d\u2019orange douce est tr\u00e8s appr\u00e9ci\u00e9e en cuisine et se marie \u00e0 merveille avec les douceurs sucr\u00e9es comme les biscuits, les g\u00e2teaux et les desserts. Id\u00e9e gourmande : ajoutez quelques gouttes dans un pot de miel \u2014 d\u00e9licieux sur un croissant. Pour les huiles essentielles d\u2019agrumes utilis\u00e9es en cuisine, il est essentiel de choisir une qualit\u00e9 biologique. En effet, les huiles obtenues par pression peuvent contenir des traces de pesticides \u2014 ce qui n\u2019est naturellement pas le cas des huiles certifi\u00e9es biologiques.     <\/p>\n","protected":false},"excerpt":{"rendered":"<p>L\u2019huile essentielle d\u2019orange douce est obtenue par pression \u00e0 froid de l\u2019\u00e9corce des fruits m\u00fbrs. Le rendement en huile essentielle est d\u2019environ 0,5 %, ce qui signifie qu\u2019il faut pr\u00e8s de 200 kg d\u2019\u00e9corces d\u2019oranges m\u00fbres pour produire 1 litre d\u2019huile. La couleur de l\u2019huile varie de jaune \u00e0 orange, selon l\u2019origine, et son parfum [&hellip;]<\/p>\n","protected":false},"featured_media":57560,"comment_status":"open","ping_status":"closed","template":"","meta":{"_acf_changed":false},"product_brand":[],"product_cat":[6090,5678,6099,4972],"product_tag":[],"class_list":{"0":"post-57562","1":"product","2":"type-product","3":"status-publish","4":"has-post-thumbnail","6":"product_cat-chi-natural-life","7":"product_cat-huile-essentielles","8":"product_cat-huiles-essentielles-biologiques","9":"product_cat-nos-marques","11":"first","12":"instock","13":"taxable","14":"shipping-taxable","15":"product-type-simple"},"acf":[],"_links":{"self":[{"href":"https:\/\/sundar.be\/fr\/wp-json\/wp\/v2\/product\/57562","targetHints":{"allow":["GET"]}}],"collection":[{"href":"https:\/\/sundar.be\/fr\/wp-json\/wp\/v2\/product"}],"about":[{"href":"https:\/\/sundar.be\/fr\/wp-json\/wp\/v2\/types\/product"}],"replies":[{"embeddable":true,"href":"https:\/\/sundar.be\/fr\/wp-json\/wp\/v2\/comments?post=57562"}],"wp:featuredmedia":[{"embeddable":true,"href":"https:\/\/sundar.be\/fr\/wp-json\/wp\/v2\/media\/57560"}],"wp:attachment":[{"href":"https:\/\/sundar.be\/fr\/wp-json\/wp\/v2\/media?parent=57562"}],"wp:term":[{"taxonomy":"product_brand","embeddable":true,"href":"https:\/\/sundar.be\/fr\/wp-json\/wp\/v2\/product_brand?post=57562"},{"taxonomy":"product_cat","embeddable":true,"href":"https:\/\/sundar.be\/fr\/wp-json\/wp\/v2\/product_cat?post=57562"},{"taxonomy":"product_tag","embeddable":true,"href":"https:\/\/sundar.be\/fr\/wp-json\/wp\/v2\/product_tag?post=57562"}],"curies":[{"name":"wp","href":"https:\/\/api.w.org\/{rel}","templated":true}]}}