{"id":57559,"date":"2025-09-16T10:39:25","date_gmt":"2025-09-16T08:39:25","guid":{"rendered":"https:\/\/sundar.be\/product\/chi-romarin-verbenone-huile-essentielle-biologique-25-ml\/"},"modified":"2025-11-24T10:11:29","modified_gmt":"2025-11-24T09:11:29","slug":"chi-romarin-verbenone-huile-essentielle-biologique-25-ml","status":"publish","type":"product","link":"https:\/\/sundar.be\/fr\/produit\/chi-romarin-verbenone-huile-essentielle-biologique-25-ml\/","title":{"rendered":"Chi Romarin Verb\u00e9none Huile Essentielle (Biologique) 2,5 ml"},"content":{"rendered":"<p>Le romarin est une huile essentielle obtenue par distillation \u00e0 la vapeur de la plante en floraison. Le rendement en huile est de 1 \u00e0 3 %, ce qui signifie qu\u2019il faut entre 50 et 100 kg de mati\u00e8re v\u00e9g\u00e9tale pour produire 1 litre d\u2019huile essentielle de romarin.<br \/>Le romarin est un arbrisseau aromatique, toujours vert, dot\u00e9 de tiges dress\u00e9es et de feuilles en forme d\u2019aiguille. La plante peut atteindre 1,5 m\u00e8tre de hauteur et est originaire des r\u00e9gions s\u00e8ches du bassin m\u00e9diterran\u00e9en.     <\/p>\n<p>Le romarin est \u00e9galement largement utilis\u00e9 comme herbe culinaire. Astuce gourmande : ajoutez 1 \u00e0 2 gouttes d\u2019huile essentielle de romarin dans un pot de miel \u2014 d\u00e9licieux au petit-d\u00e9jeuner.  <\/p>\n<p><strong>Attention : <\/strong>cette mati\u00e8re premi\u00e8re est tr\u00e8s pr\u00e9cieuse et n\u2019est donc disponible qu\u2019en petit conditionnement. Le contenu de 2,5 ml correspond \u00e0 environ 50 gouttes, selon l\u2019\u00e9paisseur de la mati\u00e8re premi\u00e8re. Tenez-en compte lors de l\u2019achat. Vous recevez un flacon de 6 ml, rempli avec 2,5 ml du produit. En raison des exigences l\u00e9gales, l\u2019emballage ne peut pas \u00eatre plus petit que 6 ml. Cela peut donner l\u2019impression que le flacon n\u2019est pas totalement rempli, mais il contient bien la quantit\u00e9 correcte : 2,5 ml.    <\/p>\n","protected":false},"excerpt":{"rendered":"<p>Le romarin est une huile essentielle obtenue par distillation \u00e0 la vapeur de la plante en floraison. Le rendement en huile est de 1 \u00e0 3 %, ce qui signifie qu\u2019il faut entre 50 et 100 kg de mati\u00e8re v\u00e9g\u00e9tale pour produire 1 litre d\u2019huile essentielle de romarin.Le romarin est un arbrisseau aromatique, toujours vert, [&hellip;]<\/p>\n","protected":false},"featured_media":57542,"comment_status":"open","ping_status":"closed","template":"","meta":{"_acf_changed":false},"product_brand":[],"product_cat":[6090,5678,6099,4972],"product_tag":[],"class_list":{"0":"post-57559","1":"product","2":"type-product","3":"status-publish","4":"has-post-thumbnail","6":"product_cat-chi-natural-life","7":"product_cat-huile-essentielles","8":"product_cat-huiles-essentielles-biologiques","9":"product_cat-nos-marques","11":"first","12":"instock","13":"taxable","14":"shipping-taxable","15":"product-type-simple"},"acf":[],"_links":{"self":[{"href":"https:\/\/sundar.be\/fr\/wp-json\/wp\/v2\/product\/57559","targetHints":{"allow":["GET"]}}],"collection":[{"href":"https:\/\/sundar.be\/fr\/wp-json\/wp\/v2\/product"}],"about":[{"href":"https:\/\/sundar.be\/fr\/wp-json\/wp\/v2\/types\/product"}],"replies":[{"embeddable":true,"href":"https:\/\/sundar.be\/fr\/wp-json\/wp\/v2\/comments?post=57559"}],"wp:featuredmedia":[{"embeddable":true,"href":"https:\/\/sundar.be\/fr\/wp-json\/wp\/v2\/media\/57542"}],"wp:attachment":[{"href":"https:\/\/sundar.be\/fr\/wp-json\/wp\/v2\/media?parent=57559"}],"wp:term":[{"taxonomy":"product_brand","embeddable":true,"href":"https:\/\/sundar.be\/fr\/wp-json\/wp\/v2\/product_brand?post=57559"},{"taxonomy":"product_cat","embeddable":true,"href":"https:\/\/sundar.be\/fr\/wp-json\/wp\/v2\/product_cat?post=57559"},{"taxonomy":"product_tag","embeddable":true,"href":"https:\/\/sundar.be\/fr\/wp-json\/wp\/v2\/product_tag?post=57559"}],"curies":[{"name":"wp","href":"https:\/\/api.w.org\/{rel}","templated":true}]}}