{"id":57558,"date":"2025-09-16T10:36:38","date_gmt":"2025-09-16T08:36:38","guid":{"rendered":"https:\/\/sundar.be\/product\/chi-lavandin-abrialis-huile-essentielle-biologique-10-ml\/"},"modified":"2025-11-24T10:11:26","modified_gmt":"2025-11-24T09:11:26","slug":"chi-lavandin-abrialis-huile-essentielle-biologique-10-ml","status":"publish","type":"product","link":"https:\/\/sundar.be\/fr\/produit\/chi-lavandin-abrialis-huile-essentielle-biologique-10-ml\/","title":{"rendered":"Chi Lavandin Abrialis Huile Essentielle (Biologique) 10 ml"},"content":{"rendered":"<p>Le lavandin est une huile essentielle obtenue par distillation \u00e0 la vapeur des sommit\u00e9s fleuries de cet hybride de lavande. Le lavandin abrialis est le cousin plus frais de la v\u00e9ritable lavande, issu d\u2019un croisement entre la lavande vraie (Lavandula angustifolia) et la lavande aspic (Lavandula latifolia). Il est cultiv\u00e9 \u00e0 plus basse altitude que la lavande vraie. Son parfum rappelle celui de la lavande, mais il est moins floral, avec une l\u00e9g\u00e8re note camphr\u00e9e. Le rendement en huile essentielle est d\u2019environ 2 %, ce qui signifie qu\u2019il faut environ 75 kg de mati\u00e8re v\u00e9g\u00e9tale pour produire 1 litre d\u2019huile. En raison de son rendement plus \u00e9lev\u00e9 que celui de la lavande vraie, le lavandin est souvent utilis\u00e9 comme alternative dans de nombreuses formulations.     <\/p>\n","protected":false},"excerpt":{"rendered":"<p>Le lavandin est une huile essentielle obtenue par distillation \u00e0 la vapeur des sommit\u00e9s fleuries de cet hybride de lavande. Le lavandin abrialis est le cousin plus frais de la v\u00e9ritable lavande, issu d\u2019un croisement entre la lavande vraie (Lavandula angustifolia) et la lavande aspic (Lavandula latifolia). Il est cultiv\u00e9 \u00e0 plus basse altitude que [&hellip;]<\/p>\n","protected":false},"featured_media":57549,"comment_status":"open","ping_status":"closed","template":"","meta":{"_acf_changed":false},"product_brand":[],"product_cat":[6090,5678,6099,4972],"product_tag":[],"class_list":{"0":"post-57558","1":"product","2":"type-product","3":"status-publish","4":"has-post-thumbnail","6":"product_cat-chi-natural-life","7":"product_cat-huile-essentielles","8":"product_cat-huiles-essentielles-biologiques","9":"product_cat-nos-marques","11":"first","12":"instock","13":"taxable","14":"shipping-taxable","15":"product-type-simple"},"acf":[],"_links":{"self":[{"href":"https:\/\/sundar.be\/fr\/wp-json\/wp\/v2\/product\/57558","targetHints":{"allow":["GET"]}}],"collection":[{"href":"https:\/\/sundar.be\/fr\/wp-json\/wp\/v2\/product"}],"about":[{"href":"https:\/\/sundar.be\/fr\/wp-json\/wp\/v2\/types\/product"}],"replies":[{"embeddable":true,"href":"https:\/\/sundar.be\/fr\/wp-json\/wp\/v2\/comments?post=57558"}],"wp:featuredmedia":[{"embeddable":true,"href":"https:\/\/sundar.be\/fr\/wp-json\/wp\/v2\/media\/57549"}],"wp:attachment":[{"href":"https:\/\/sundar.be\/fr\/wp-json\/wp\/v2\/media?parent=57558"}],"wp:term":[{"taxonomy":"product_brand","embeddable":true,"href":"https:\/\/sundar.be\/fr\/wp-json\/wp\/v2\/product_brand?post=57558"},{"taxonomy":"product_cat","embeddable":true,"href":"https:\/\/sundar.be\/fr\/wp-json\/wp\/v2\/product_cat?post=57558"},{"taxonomy":"product_tag","embeddable":true,"href":"https:\/\/sundar.be\/fr\/wp-json\/wp\/v2\/product_tag?post=57558"}],"curies":[{"name":"wp","href":"https:\/\/api.w.org\/{rel}","templated":true}]}}