{"id":57557,"date":"2025-09-16T10:35:02","date_gmt":"2025-09-16T08:35:02","guid":{"rendered":"https:\/\/sundar.be\/product\/chi-pamplemousse-huile-essentielle-biologique-10-ml\/"},"modified":"2025-11-24T10:11:22","modified_gmt":"2025-11-24T09:11:22","slug":"chi-pamplemousse-huile-essentielle-biologique-10-ml","status":"publish","type":"product","link":"https:\/\/sundar.be\/fr\/produit\/chi-pamplemousse-huile-essentielle-biologique-10-ml\/","title":{"rendered":"Chi Pamplemousse Huile Essentielle (Biologique) 10 ml"},"content":{"rendered":"<p>L\u2019huile essentielle de pamplemousse est obtenue par pression \u00e0 froid de l\u2019\u00e9corce du fruit. Il n\u2019existe presque pas d\u2019huile plus fra\u00eeche et p\u00e9tillante que celle du pamplemousse. Son parfum est lumineux, vif et l\u00e9g\u00e8rement amer-doux.  <\/p>\n<p>En aromath\u00e9rapie, l\u2019huile de pamplemousse est connue comme un purificateur frais de l\u2019air int\u00e9rieur. Elle est \u00e9galement appr\u00e9ci\u00e9e pour aider en cas de fatigue ou de sensations d\u2019apathie, en apportant une note solaire et revigorante. Elle peut aussi \u00eatre utilis\u00e9e en cuisine comme ar\u00f4me naturel, apportant une saveur d\u00e9licieuse \u00e0 des p\u00e2tisseries, desserts et autres pr\u00e9parations.   <\/p>\n<p>Le pamplemousse pousse sur un arbre d\u2019environ 10 m\u00e8tres de hauteur, avec des feuilles brillantes et de grands fruits jaunes ou roses. Le rendement en huile essentielle est tr\u00e8s faible \u2014 environ 0,1 %, ce qui signifie qu\u2019il faut plus de 1 000 kg d\u2019\u00e9corces pour produire 1 litre d\u2019huile. L\u2019huile est jaune p\u00e2le \u00e0 verd\u00e2tre.   <\/p>\n","protected":false},"excerpt":{"rendered":"<p>L\u2019huile essentielle de pamplemousse est obtenue par pression \u00e0 froid de l\u2019\u00e9corce du fruit. Il n\u2019existe presque pas d\u2019huile plus fra\u00eeche et p\u00e9tillante que celle du pamplemousse. Son parfum est lumineux, vif et l\u00e9g\u00e8rement amer-doux. En aromath\u00e9rapie, l\u2019huile de pamplemousse est connue comme un purificateur frais de l\u2019air int\u00e9rieur. Elle est \u00e9galement appr\u00e9ci\u00e9e pour aider [&hellip;]<\/p>\n","protected":false},"featured_media":57550,"comment_status":"open","ping_status":"closed","template":"","meta":{"_acf_changed":false},"product_brand":[],"product_cat":[6090,5678,6099,4972],"product_tag":[],"class_list":{"0":"post-57557","1":"product","2":"type-product","3":"status-publish","4":"has-post-thumbnail","6":"product_cat-chi-natural-life","7":"product_cat-huile-essentielles","8":"product_cat-huiles-essentielles-biologiques","9":"product_cat-nos-marques","11":"first","12":"instock","13":"taxable","14":"shipping-taxable","15":"product-type-simple"},"acf":[],"_links":{"self":[{"href":"https:\/\/sundar.be\/fr\/wp-json\/wp\/v2\/product\/57557","targetHints":{"allow":["GET"]}}],"collection":[{"href":"https:\/\/sundar.be\/fr\/wp-json\/wp\/v2\/product"}],"about":[{"href":"https:\/\/sundar.be\/fr\/wp-json\/wp\/v2\/types\/product"}],"replies":[{"embeddable":true,"href":"https:\/\/sundar.be\/fr\/wp-json\/wp\/v2\/comments?post=57557"}],"wp:featuredmedia":[{"embeddable":true,"href":"https:\/\/sundar.be\/fr\/wp-json\/wp\/v2\/media\/57550"}],"wp:attachment":[{"href":"https:\/\/sundar.be\/fr\/wp-json\/wp\/v2\/media?parent=57557"}],"wp:term":[{"taxonomy":"product_brand","embeddable":true,"href":"https:\/\/sundar.be\/fr\/wp-json\/wp\/v2\/product_brand?post=57557"},{"taxonomy":"product_cat","embeddable":true,"href":"https:\/\/sundar.be\/fr\/wp-json\/wp\/v2\/product_cat?post=57557"},{"taxonomy":"product_tag","embeddable":true,"href":"https:\/\/sundar.be\/fr\/wp-json\/wp\/v2\/product_tag?post=57557"}],"curies":[{"name":"wp","href":"https:\/\/api.w.org\/{rel}","templated":true}]}}