{"id":57556,"date":"2025-09-16T10:22:36","date_gmt":"2025-09-16T08:22:36","guid":{"rendered":"https:\/\/sundar.be\/product\/chi-geranium-huile-essentielle-biologique-10-ml\/"},"modified":"2025-11-24T10:11:19","modified_gmt":"2025-11-24T09:11:19","slug":"chi-geranium-huile-essentielle-biologique-10-ml","status":"publish","type":"product","link":"https:\/\/sundar.be\/fr\/produit\/chi-geranium-huile-essentielle-biologique-10-ml\/","title":{"rendered":"Chi G\u00e9ranium Huile Essentielle (Biologique) 10 ml"},"content":{"rendered":"<p>Avec plus de 200 composants naturels, l\u2019huile essentielle de g\u00e9ranium poss\u00e8de une action remarquablement vaste. En aromath\u00e9rapie, elle est r\u00e9put\u00e9e comme une huile polyvalente pour le soin de la peau. Le g\u00e9ranium est \u00e9galement consid\u00e9r\u00e9 comme une huile f\u00e9minine, en raison de son parfum, de son \u00e9nergie et de ses propri\u00e9t\u00e9s.  <\/p>\n<p>Saviez-vous que le g\u00e9ranium est comparable \u00e0 l\u2019huile de rose en raison de son parfum et de certains composants principaux communs ? C\u2019est pourquoi l\u2019huile de rose est malheureusement souvent falsifi\u00e9e avec l\u2019huile de g\u00e9ranium, moins co\u00fbteuse. <\/p>\n<p>Le g\u00e9ranium est cultiv\u00e9 \u00e0 grande \u00e9chelle et on compte aujourd\u2019hui plus de 1 000 hybrides et cultivars. C\u2019est une plante vivace dress\u00e9e, de couleur gris-vert, pouvant atteindre jusqu\u2019\u00e0 1,5 m\u00e8tre de hauteur. Au printemps et en \u00e9t\u00e9, elle se pare de fleurs roses. L\u2019huile essentielle de g\u00e9ranium occupe une place importante en aromath\u00e9rapie, notamment gr\u00e2ce \u00e0 sa composition complexe et \u00e0 sa douce fragrance agr\u00e9able, capable de cr\u00e9er une atmosph\u00e8re profond\u00e9ment relaxante.     <\/p>\n","protected":false},"excerpt":{"rendered":"<p>Avec plus de 200 composants naturels, l\u2019huile essentielle de g\u00e9ranium poss\u00e8de une action remarquablement vaste. En aromath\u00e9rapie, elle est r\u00e9put\u00e9e comme une huile polyvalente pour le soin de la peau. Le g\u00e9ranium est \u00e9galement consid\u00e9r\u00e9 comme une huile f\u00e9minine, en raison de son parfum, de son \u00e9nergie et de ses propri\u00e9t\u00e9s. Saviez-vous que le g\u00e9ranium [&hellip;]<\/p>\n","protected":false},"featured_media":57552,"comment_status":"open","ping_status":"closed","template":"","meta":{"_acf_changed":false},"product_brand":[],"product_cat":[6090,5678,6099,4972],"product_tag":[],"class_list":{"0":"post-57556","1":"product","2":"type-product","3":"status-publish","4":"has-post-thumbnail","6":"product_cat-chi-natural-life","7":"product_cat-huile-essentielles","8":"product_cat-huiles-essentielles-biologiques","9":"product_cat-nos-marques","11":"first","12":"instock","13":"taxable","14":"shipping-taxable","15":"product-type-simple"},"acf":[],"_links":{"self":[{"href":"https:\/\/sundar.be\/fr\/wp-json\/wp\/v2\/product\/57556","targetHints":{"allow":["GET"]}}],"collection":[{"href":"https:\/\/sundar.be\/fr\/wp-json\/wp\/v2\/product"}],"about":[{"href":"https:\/\/sundar.be\/fr\/wp-json\/wp\/v2\/types\/product"}],"replies":[{"embeddable":true,"href":"https:\/\/sundar.be\/fr\/wp-json\/wp\/v2\/comments?post=57556"}],"wp:featuredmedia":[{"embeddable":true,"href":"https:\/\/sundar.be\/fr\/wp-json\/wp\/v2\/media\/57552"}],"wp:attachment":[{"href":"https:\/\/sundar.be\/fr\/wp-json\/wp\/v2\/media?parent=57556"}],"wp:term":[{"taxonomy":"product_brand","embeddable":true,"href":"https:\/\/sundar.be\/fr\/wp-json\/wp\/v2\/product_brand?post=57556"},{"taxonomy":"product_cat","embeddable":true,"href":"https:\/\/sundar.be\/fr\/wp-json\/wp\/v2\/product_cat?post=57556"},{"taxonomy":"product_tag","embeddable":true,"href":"https:\/\/sundar.be\/fr\/wp-json\/wp\/v2\/product_tag?post=57556"}],"curies":[{"name":"wp","href":"https:\/\/api.w.org\/{rel}","templated":true}]}}