{"id":57554,"date":"2025-09-16T10:56:04","date_gmt":"2025-09-16T08:56:04","guid":{"rendered":"https:\/\/sundar.be\/product\/chi-fenouil-doux-huile-essentielle-biologique-10-ml\/"},"modified":"2025-11-24T10:11:15","modified_gmt":"2025-11-24T09:11:15","slug":"chi-fenouil-doux-huile-essentielle-biologique-10-ml","status":"publish","type":"product","link":"https:\/\/sundar.be\/fr\/produit\/chi-fenouil-doux-huile-essentielle-biologique-10-ml\/","title":{"rendered":"Chi Fenouil Doux Huile Essentielle (Biologique) 10 ml"},"content":{"rendered":"<p>Le fenouil doux est une huile essentielle obtenue par distillation \u00e0 la vapeur des graines concass\u00e9es. Le rendement en huile essentielle est de 2 \u00e0 4 %, ce qui signifie qu\u2019il faut entre 25 et 50 kg de graines pour produire 1 litre d\u2019huile. Sa couleur est incolore \u00e0 jaune p\u00e2le et son parfum est caract\u00e9ristique : doux, anis\u00e9 et l\u00e9g\u00e8rement amer. Le fenouil doux poss\u00e8de une tige droite et creuse pouvant atteindre 60 cm, avec des feuilles tr\u00e8s fines et d\u00e9licates. Les fleurs jaune dor\u00e9 apparaissent en \u00e9t\u00e9 et sont suivies de graines brun gris. La base renfl\u00e9e de la tige est consomm\u00e9e comme l\u00e9gume. La forme sauvage peut atteindre jusqu\u2019\u00e0 2 m\u00e8tres de hauteur.       <\/p>\n<p>Le go\u00fbt de l\u2019huile de fenouil d\u00e9pend principalement de deux composants majeurs : le fenchone, \u00e0 la saveur am\u00e8re<br \/>l\u2019anethole, \u00e0 la saveur douce et anis\u00e9e. Leur proportion varie selon la r\u00e9gion et la r\u00e9colte. En Inde, il est courant de m\u00e2cher des graines de fenouil apr\u00e8s le repas pour soutenir une digestion saine et rafra\u00eechir l\u2019haleine. Une id\u00e9e gourmande : ajoutez 1 \u00e0 2 gouttes d\u2019huile essentielle de fenouil dans un petit pot de miel pour parfumer, par exemple, une tasse de th\u00e9.    <\/p>\n","protected":false},"excerpt":{"rendered":"<p>Le fenouil doux est une huile essentielle obtenue par distillation \u00e0 la vapeur des graines concass\u00e9es. Le rendement en huile essentielle est de 2 \u00e0 4 %, ce qui signifie qu\u2019il faut entre 25 et 50 kg de graines pour produire 1 litre d\u2019huile. Sa couleur est incolore \u00e0 jaune p\u00e2le et son parfum est [&hellip;]<\/p>\n","protected":false},"featured_media":57526,"comment_status":"open","ping_status":"closed","template":"","meta":{"_acf_changed":false},"product_brand":[],"product_cat":[6090,5678,6099,4972],"product_tag":[],"class_list":{"0":"post-57554","1":"product","2":"type-product","3":"status-publish","4":"has-post-thumbnail","6":"product_cat-chi-natural-life","7":"product_cat-huile-essentielles","8":"product_cat-huiles-essentielles-biologiques","9":"product_cat-nos-marques","11":"first","12":"instock","13":"taxable","14":"shipping-taxable","15":"product-type-simple"},"acf":[],"_links":{"self":[{"href":"https:\/\/sundar.be\/fr\/wp-json\/wp\/v2\/product\/57554","targetHints":{"allow":["GET"]}}],"collection":[{"href":"https:\/\/sundar.be\/fr\/wp-json\/wp\/v2\/product"}],"about":[{"href":"https:\/\/sundar.be\/fr\/wp-json\/wp\/v2\/types\/product"}],"replies":[{"embeddable":true,"href":"https:\/\/sundar.be\/fr\/wp-json\/wp\/v2\/comments?post=57554"}],"wp:featuredmedia":[{"embeddable":true,"href":"https:\/\/sundar.be\/fr\/wp-json\/wp\/v2\/media\/57526"}],"wp:attachment":[{"href":"https:\/\/sundar.be\/fr\/wp-json\/wp\/v2\/media?parent=57554"}],"wp:term":[{"taxonomy":"product_brand","embeddable":true,"href":"https:\/\/sundar.be\/fr\/wp-json\/wp\/v2\/product_brand?post=57554"},{"taxonomy":"product_cat","embeddable":true,"href":"https:\/\/sundar.be\/fr\/wp-json\/wp\/v2\/product_cat?post=57554"},{"taxonomy":"product_tag","embeddable":true,"href":"https:\/\/sundar.be\/fr\/wp-json\/wp\/v2\/product_tag?post=57554"}],"curies":[{"name":"wp","href":"https:\/\/api.w.org\/{rel}","templated":true}]}}