{"id":57548,"date":"2025-09-16T10:54:38","date_gmt":"2025-09-16T08:54:38","guid":{"rendered":"https:\/\/sundar.be\/product\/chi-petitgrain-huile-essentielle-biologique-10-ml\/"},"modified":"2025-11-24T10:08:44","modified_gmt":"2025-11-24T09:08:44","slug":"chi-petitgrain-huile-essentielle-biologique-10-ml","status":"publish","type":"product","link":"https:\/\/sundar.be\/fr\/produit\/chi-petitgrain-huile-essentielle-biologique-10-ml\/","title":{"rendered":"Chi Petitgrain Huile Essentielle (Biologique) 10 ml"},"content":{"rendered":"<p>Le petitgrain est une huile essentielle obtenue par distillation \u00e0 la vapeur des feuilles et des rameaux de l\u2019oranger amer. Son parfum est frais, l\u00e9g\u00e8rement floral, avec une touche bois\u00e9e en arri\u00e8re-plan. L\u2019ar\u00f4me rappelle celui du n\u00e9roli, mais avec une note plus \u00e9pic\u00e9e. En aromath\u00e9rapie, le petitgrain est appr\u00e9ci\u00e9 pour son effet apaisant et relaxant.   <\/p>\n<p>La couleur de l\u2019huile essentielle de petitgrain est jaune p\u00e2le. Son rendement se situe entre 0,5 % et 1 %, ce qui signifie qu\u2019il faut entre 100 et 200 kg de feuilles et de rameaux pour produire 1 litre d\u2019huile.  <\/p>\n","protected":false},"excerpt":{"rendered":"<p>Le petitgrain est une huile essentielle obtenue par distillation \u00e0 la vapeur des feuilles et des rameaux de l\u2019oranger amer. Son parfum est frais, l\u00e9g\u00e8rement floral, avec une touche bois\u00e9e en arri\u00e8re-plan. L\u2019ar\u00f4me rappelle celui du n\u00e9roli, mais avec une note plus \u00e9pic\u00e9e. En aromath\u00e9rapie, le petitgrain est appr\u00e9ci\u00e9 pour son effet apaisant et relaxant. [&hellip;]<\/p>\n","protected":false},"featured_media":57527,"comment_status":"open","ping_status":"closed","template":"","meta":{"_acf_changed":false},"product_brand":[],"product_cat":[6090,5678,6099,4972],"product_tag":[],"class_list":{"0":"post-57548","1":"product","2":"type-product","3":"status-publish","4":"has-post-thumbnail","6":"product_cat-chi-natural-life","7":"product_cat-huile-essentielles","8":"product_cat-huiles-essentielles-biologiques","9":"product_cat-nos-marques","11":"first","12":"instock","13":"taxable","14":"shipping-taxable","15":"product-type-simple"},"acf":[],"_links":{"self":[{"href":"https:\/\/sundar.be\/fr\/wp-json\/wp\/v2\/product\/57548","targetHints":{"allow":["GET"]}}],"collection":[{"href":"https:\/\/sundar.be\/fr\/wp-json\/wp\/v2\/product"}],"about":[{"href":"https:\/\/sundar.be\/fr\/wp-json\/wp\/v2\/types\/product"}],"replies":[{"embeddable":true,"href":"https:\/\/sundar.be\/fr\/wp-json\/wp\/v2\/comments?post=57548"}],"wp:featuredmedia":[{"embeddable":true,"href":"https:\/\/sundar.be\/fr\/wp-json\/wp\/v2\/media\/57527"}],"wp:attachment":[{"href":"https:\/\/sundar.be\/fr\/wp-json\/wp\/v2\/media?parent=57548"}],"wp:term":[{"taxonomy":"product_brand","embeddable":true,"href":"https:\/\/sundar.be\/fr\/wp-json\/wp\/v2\/product_brand?post=57548"},{"taxonomy":"product_cat","embeddable":true,"href":"https:\/\/sundar.be\/fr\/wp-json\/wp\/v2\/product_cat?post=57548"},{"taxonomy":"product_tag","embeddable":true,"href":"https:\/\/sundar.be\/fr\/wp-json\/wp\/v2\/product_tag?post=57548"}],"curies":[{"name":"wp","href":"https:\/\/api.w.org\/{rel}","templated":true}]}}