{"id":57547,"date":"2025-09-16T10:46:10","date_gmt":"2025-09-16T08:46:10","guid":{"rendered":"https:\/\/sundar.be\/product\/chi-basilic-linalol-huile-essentielle-biologique-25-ml\/"},"modified":"2025-11-24T10:08:43","modified_gmt":"2025-11-24T09:08:43","slug":"chi-basilic-linalol-huile-essentielle-biologique-25-ml","status":"publish","type":"product","link":"https:\/\/sundar.be\/fr\/produit\/chi-basilic-linalol-huile-essentielle-biologique-25-ml\/","title":{"rendered":"Chi Basilic Linalol Huile Essentielle (Biologique) 2,5 ml"},"content":{"rendered":"<p>Le basilic proven\u00e7al est largement utilis\u00e9 en cuisine comme herbe aromatique. Le basilic est \u00e9galement r\u00e9put\u00e9 pour soutenir une digestion saine. La plante fra\u00eeche se conserve difficilement ; l\u2019huile essentielle constitue donc une excellente alternative, car quelques gouttes dilu\u00e9es dans de l\u2019huile d\u2019olive peuvent \u00eatre ajout\u00e9es \u00e0 toutes les recettes en remplacement des feuilles fra\u00eeches.   <\/p>\n<p>Une grande partie des huiles essentielles de basilic riches en linalol provient des r\u00e9gions m\u00e9diterran\u00e9ennes, d\u2019o\u00f9 l\u2019appellation basilic europ\u00e9en. L\u2019huile essentielle de basilic CT linalol est plus douce et plus sucr\u00e9e que l\u2019huile de basilic CT chavicol. Le rendement en huile est tr\u00e8s faible \u2014 environ 0,1 %, ce qui signifie qu\u2019il faut plus de 500 kg de mati\u00e8re v\u00e9g\u00e9tale pour obtenir 1 litre d\u2019huile essentielle. L\u2019huile essentielle de basilic linalol est incolore \u00e0 jaune p\u00e2le, avec une fragrance caract\u00e9ristique, fra\u00eeche et \u00e9pic\u00e9e, connue pour revigorer et motiver.      <\/p>\n<p><strong>Attention : <\/strong>cette mati\u00e8re premi\u00e8re est tr\u00e8s pr\u00e9cieuse et n\u2019est donc disponible qu\u2019en petit conditionnement. Le contenu de 2,5 ml correspond \u00e0 environ 50 gouttes, selon l\u2019\u00e9paisseur de la mati\u00e8re premi\u00e8re. Tenez-en compte lors de l\u2019achat. Vous recevez un flacon de 6 ml, rempli avec 2,5 ml du produit. En raison des exigences l\u00e9gales, l\u2019emballage ne peut pas \u00eatre plus petit que 6 ml. Cela peut donner l\u2019impression que le flacon n\u2019est pas totalement rempli, mais il contient bien la quantit\u00e9 correcte : 2,5 ml.    <\/p>\n","protected":false},"excerpt":{"rendered":"<p>Le basilic proven\u00e7al est largement utilis\u00e9 en cuisine comme herbe aromatique. Le basilic est \u00e9galement r\u00e9put\u00e9 pour soutenir une digestion saine. La plante fra\u00eeche se conserve difficilement ; l\u2019huile essentielle constitue donc une excellente alternative, car quelques gouttes dilu\u00e9es dans de l\u2019huile d\u2019olive peuvent \u00eatre ajout\u00e9es \u00e0 toutes les recettes en remplacement des feuilles fra\u00eeches. [&hellip;]<\/p>\n","protected":false},"featured_media":57533,"comment_status":"open","ping_status":"closed","template":"","meta":{"_acf_changed":false},"product_brand":[],"product_cat":[6090,5678,6099,4972],"product_tag":[],"class_list":{"0":"post-57547","1":"product","2":"type-product","3":"status-publish","4":"has-post-thumbnail","6":"product_cat-chi-natural-life","7":"product_cat-huile-essentielles","8":"product_cat-huiles-essentielles-biologiques","9":"product_cat-nos-marques","11":"first","12":"instock","13":"taxable","14":"shipping-taxable","15":"product-type-simple"},"acf":[],"_links":{"self":[{"href":"https:\/\/sundar.be\/fr\/wp-json\/wp\/v2\/product\/57547","targetHints":{"allow":["GET"]}}],"collection":[{"href":"https:\/\/sundar.be\/fr\/wp-json\/wp\/v2\/product"}],"about":[{"href":"https:\/\/sundar.be\/fr\/wp-json\/wp\/v2\/types\/product"}],"replies":[{"embeddable":true,"href":"https:\/\/sundar.be\/fr\/wp-json\/wp\/v2\/comments?post=57547"}],"wp:featuredmedia":[{"embeddable":true,"href":"https:\/\/sundar.be\/fr\/wp-json\/wp\/v2\/media\/57533"}],"wp:attachment":[{"href":"https:\/\/sundar.be\/fr\/wp-json\/wp\/v2\/media?parent=57547"}],"wp:term":[{"taxonomy":"product_brand","embeddable":true,"href":"https:\/\/sundar.be\/fr\/wp-json\/wp\/v2\/product_brand?post=57547"},{"taxonomy":"product_cat","embeddable":true,"href":"https:\/\/sundar.be\/fr\/wp-json\/wp\/v2\/product_cat?post=57547"},{"taxonomy":"product_tag","embeddable":true,"href":"https:\/\/sundar.be\/fr\/wp-json\/wp\/v2\/product_tag?post=57547"}],"curies":[{"name":"wp","href":"https:\/\/api.w.org\/{rel}","templated":true}]}}