{"id":57546,"date":"2025-09-16T10:52:49","date_gmt":"2025-09-16T08:52:49","guid":{"rendered":"https:\/\/sundar.be\/product\/chi-cypres-huile-essentielle-biologique-10-ml\/"},"modified":"2025-11-24T10:08:41","modified_gmt":"2025-11-24T09:08:41","slug":"chi-cypres-huile-essentielle-biologique-10-ml","status":"publish","type":"product","link":"https:\/\/sundar.be\/fr\/produit\/chi-cypres-huile-essentielle-biologique-10-ml\/","title":{"rendered":"Chi Cypr\u00e8s Huile Essentielle (Biologique) 10 ml"},"content":{"rendered":"<p>Le cypr\u00e8s est une huile essentielle rafra\u00eechissante et aromatique, dont le parfum rappelle l\u2019odeur des aiguilles de pin.<\/p>\n<p>L\u2019huile est incolore \u00e0 jaune p\u00e2le et pr\u00e9sente un rendement d\u2019environ 1,3 %, ce qui signifie qu\u2019il faut environ 75 kg d\u2019aiguilles pour produire 1 litre d\u2019huile. Parmi toutes les esp\u00e8ces de conif\u00e8res, le cypr\u00e8s est celui qui concentre le plus d\u2019huile essentielle et moins de substances r\u00e9sineuses, ce qui conf\u00e8re \u00e0 son profil biochimique un caract\u00e8re particulier gr\u00e2ce \u00e0 la pr\u00e9sence de diterp\u00e8nes.   <\/p>\n<p>Le cypr\u00e8s m\u00e9diterran\u00e9en, ou cypr\u00e8s d\u2019Italie, est un arbre \u00e9lanc\u00e9 et persistant pouvant atteindre jusqu\u2019\u00e0 45 m\u00e8tres de hauteur. Originaire de l\u2019est du bassin m\u00e9diterran\u00e9en, il est aujourd\u2019hui pr\u00e9sent dans l\u2019ensemble des r\u00e9gions m\u00e9diterran\u00e9ennes. Son nom est li\u00e9 \u00e0 l\u2019\u00eele de Chypre, historiquement couverte de for\u00eats de cypr\u00e8s \u2014 l\u2019arbre figure d\u2019ailleurs sur le drapeau de l\u2019\u00eele. Dans l\u2019Antiquit\u00e9 grecque, le cypr\u00e8s \u00e9tait associ\u00e9 \u00e0 Had\u00e8s (Pluton), le dieu des enfers, ce qui explique la pr\u00e9sence fr\u00e9quente de cypr\u00e8s dans les cimeti\u00e8res. Le bois de cypr\u00e8s est r\u00e9put\u00e9 pour \u00eatre solide et durable ; il \u00e9tait utilis\u00e9 d\u00e8s le Moyen \u00c2ge pour la fabrication de coffres et de meubles. Son parfum agr\u00e9able \u00e9tait particuli\u00e8rement appr\u00e9ci\u00e9 pour conserver les v\u00eatements, et son bois reste, encore aujourd\u2019hui, tr\u00e8s recherch\u00e9 comme encens.        <\/p>\n","protected":false},"excerpt":{"rendered":"<p>Le cypr\u00e8s est une huile essentielle rafra\u00eechissante et aromatique, dont le parfum rappelle l\u2019odeur des aiguilles de pin. L\u2019huile est incolore \u00e0 jaune p\u00e2le et pr\u00e9sente un rendement d\u2019environ 1,3 %, ce qui signifie qu\u2019il faut environ 75 kg d\u2019aiguilles pour produire 1 litre d\u2019huile. Parmi toutes les esp\u00e8ces de conif\u00e8res, le cypr\u00e8s est celui [&hellip;]<\/p>\n","protected":false},"featured_media":57528,"comment_status":"open","ping_status":"closed","template":"","meta":{"_acf_changed":false},"product_brand":[],"product_cat":[6090,5678,6099,4972],"product_tag":[],"class_list":{"0":"post-57546","1":"product","2":"type-product","3":"status-publish","4":"has-post-thumbnail","6":"product_cat-chi-natural-life","7":"product_cat-huile-essentielles","8":"product_cat-huiles-essentielles-biologiques","9":"product_cat-nos-marques","11":"first","12":"instock","13":"taxable","14":"shipping-taxable","15":"product-type-simple"},"acf":[],"_links":{"self":[{"href":"https:\/\/sundar.be\/fr\/wp-json\/wp\/v2\/product\/57546","targetHints":{"allow":["GET"]}}],"collection":[{"href":"https:\/\/sundar.be\/fr\/wp-json\/wp\/v2\/product"}],"about":[{"href":"https:\/\/sundar.be\/fr\/wp-json\/wp\/v2\/types\/product"}],"replies":[{"embeddable":true,"href":"https:\/\/sundar.be\/fr\/wp-json\/wp\/v2\/comments?post=57546"}],"wp:featuredmedia":[{"embeddable":true,"href":"https:\/\/sundar.be\/fr\/wp-json\/wp\/v2\/media\/57528"}],"wp:attachment":[{"href":"https:\/\/sundar.be\/fr\/wp-json\/wp\/v2\/media?parent=57546"}],"wp:term":[{"taxonomy":"product_brand","embeddable":true,"href":"https:\/\/sundar.be\/fr\/wp-json\/wp\/v2\/product_brand?post=57546"},{"taxonomy":"product_cat","embeddable":true,"href":"https:\/\/sundar.be\/fr\/wp-json\/wp\/v2\/product_cat?post=57546"},{"taxonomy":"product_tag","embeddable":true,"href":"https:\/\/sundar.be\/fr\/wp-json\/wp\/v2\/product_tag?post=57546"}],"curies":[{"name":"wp","href":"https:\/\/api.w.org\/{rel}","templated":true}]}}