{"id":57545,"date":"2025-09-16T10:44:28","date_gmt":"2025-09-16T08:44:28","guid":{"rendered":"https:\/\/sundar.be\/product\/chi-helichryse-huile-essentielle-biologique-25-ml\/"},"modified":"2025-11-24T10:08:40","modified_gmt":"2025-11-24T09:08:40","slug":"chi-helichryse-huile-essentielle-biologique-25-ml","status":"publish","type":"product","link":"https:\/\/sundar.be\/fr\/produit\/chi-helichryse-huile-essentielle-biologique-25-ml\/","title":{"rendered":"Chi H\u00e9lichryse Huile Essentielle (Biologique) 2,5 ml"},"content":{"rendered":"<p>L\u2019h\u00e9lichryse poss\u00e8de une longue histoire comme plante m\u00e9dicinale, m\u00eame si elle est peu mentionn\u00e9e dans les ouvrages d\u2019herboristerie modernes. En aromath\u00e9rapie, l\u2019h\u00e9lichryse est un arrivant relativement r\u00e9cent, connue pour favoriser la r\u00e9paration, l\u2019apaisement et la circulation. Son parfum est particulier et tr\u00e8s riche : puissant et \u00e9pic\u00e9, avec une note douce et des nuances de miel et de th\u00e9.  <\/p>\n<p>L\u2019huile essentielle d\u2019h\u00e9lichryse est particuli\u00e8rement douce pour la peau et est souvent appel\u00e9e \u00ab l\u2019arnica des huiles essentielles \u00bb. Elle est tr\u00e8s appr\u00e9ci\u00e9e pour soutenir la r\u00e9cup\u00e9ration cutan\u00e9e, notamment en cas de bleus, rougeurs et cicatrices. <\/p>\n<p>L\u2019unicit\u00e9 de l\u2019huile d\u2019Helichrysum italicum r\u00e9side dans sa teneur en diketones, et plus pr\u00e9cis\u00e9ment en italidiones \u2014 des compos\u00e9s que l\u2019on ne retrouve dans aucune autre huile essentielle, m\u00eame pas dans les autres vari\u00e9t\u00e9s d\u2019h\u00e9lichryse. Ces italidiones semblent jouer un r\u00f4le d\u00e9terminant dans la capacit\u00e9 de l\u2019h\u00e9lichryse \u00e0 soutenir les m\u00e9canismes naturels de r\u00e9paration de la peau. <\/p>\n<p>Originaire du bassin m\u00e9diterran\u00e9en, l\u2019h\u00e9lichryse poss\u00e8de un parfum intense, miell\u00e9, avec des notes de th\u00e9 et de camomille. Cet arbuste vivace et toujours vert mesure environ 60 cm de hauteur. Ses tiges sont fortement ramifi\u00e9es et portent des feuilles grises en forme d\u2019aiguille. Les petites fleurs conservent leur couleur jaune \u00e9clatante, m\u00eame une fois s\u00e9ch\u00e9es \u2014 d\u2019o\u00f9 ses noms populaires : immortelle, everlasting, ou fleur de paille. Elle est \u00e9galement connue sous le nom de plante-curry, car l\u2019ensemble de la plante d\u00e9gage une odeur rappelant le curry.        <\/p>\n<p><strong>Attention : <\/strong>cette mati\u00e8re premi\u00e8re est tr\u00e8s pr\u00e9cieuse et n\u2019est donc disponible qu\u2019en petit conditionnement. Le contenu de 2,5 ml correspond \u00e0 environ 50 gouttes, selon l\u2019\u00e9paisseur de la mati\u00e8re premi\u00e8re. Tenez-en compte lors de l\u2019achat. Vous recevez un flacon de 6 ml, rempli avec 2,5 ml du produit. En raison des exigences l\u00e9gales, l\u2019emballage ne peut pas \u00eatre plus petit que 6 ml. Cela peut donner l\u2019impression que le flacon n\u2019est pas totalement rempli, mais il contient bien la quantit\u00e9 correcte : 2,5 ml.    <\/p>\n","protected":false},"excerpt":{"rendered":"<p>L\u2019h\u00e9lichryse poss\u00e8de une longue histoire comme plante m\u00e9dicinale, m\u00eame si elle est peu mentionn\u00e9e dans les ouvrages d\u2019herboristerie modernes. En aromath\u00e9rapie, l\u2019h\u00e9lichryse est un arrivant relativement r\u00e9cent, connue pour favoriser la r\u00e9paration, l\u2019apaisement et la circulation. Son parfum est particulier et tr\u00e8s riche : puissant et \u00e9pic\u00e9, avec une note douce et des nuances de [&hellip;]<\/p>\n","protected":false},"featured_media":57534,"comment_status":"open","ping_status":"closed","template":"","meta":{"_acf_changed":false},"product_brand":[],"product_cat":[6090,5678,6099,4972],"product_tag":[],"class_list":{"0":"post-57545","1":"product","2":"type-product","3":"status-publish","4":"has-post-thumbnail","6":"product_cat-chi-natural-life","7":"product_cat-huile-essentielles","8":"product_cat-huiles-essentielles-biologiques","9":"product_cat-nos-marques","11":"first","12":"instock","13":"taxable","14":"shipping-taxable","15":"product-type-simple"},"acf":[],"_links":{"self":[{"href":"https:\/\/sundar.be\/fr\/wp-json\/wp\/v2\/product\/57545","targetHints":{"allow":["GET"]}}],"collection":[{"href":"https:\/\/sundar.be\/fr\/wp-json\/wp\/v2\/product"}],"about":[{"href":"https:\/\/sundar.be\/fr\/wp-json\/wp\/v2\/types\/product"}],"replies":[{"embeddable":true,"href":"https:\/\/sundar.be\/fr\/wp-json\/wp\/v2\/comments?post=57545"}],"wp:featuredmedia":[{"embeddable":true,"href":"https:\/\/sundar.be\/fr\/wp-json\/wp\/v2\/media\/57534"}],"wp:attachment":[{"href":"https:\/\/sundar.be\/fr\/wp-json\/wp\/v2\/media?parent=57545"}],"wp:term":[{"taxonomy":"product_brand","embeddable":true,"href":"https:\/\/sundar.be\/fr\/wp-json\/wp\/v2\/product_brand?post=57545"},{"taxonomy":"product_cat","embeddable":true,"href":"https:\/\/sundar.be\/fr\/wp-json\/wp\/v2\/product_cat?post=57545"},{"taxonomy":"product_tag","embeddable":true,"href":"https:\/\/sundar.be\/fr\/wp-json\/wp\/v2\/product_tag?post=57545"}],"curies":[{"name":"wp","href":"https:\/\/api.w.org\/{rel}","templated":true}]}}