{"id":57544,"date":"2025-09-16T10:50:50","date_gmt":"2025-09-16T08:50:50","guid":{"rendered":"https:\/\/sundar.be\/product\/chi-marjolaine-despagne-huile-essentielle-biologique-10-ml\/"},"modified":"2025-11-24T10:08:38","modified_gmt":"2025-11-24T09:08:38","slug":"chi-marjolaine-despagne-huile-essentielle-biologique-10-ml","status":"publish","type":"product","link":"https:\/\/sundar.be\/fr\/produit\/chi-marjolaine-despagne-huile-essentielle-biologique-10-ml\/","title":{"rendered":"Chi Marjolaine d\u2019Espagne Huile Essentielle (Biologique) 10 ml"},"content":{"rendered":"<p>La marjolaine d\u2019Espagne est une huile essentielle obtenue par distillation \u00e0 la vapeur de la plante en floraison. Malgr\u00e9 son nom, la marjolaine d\u2019Espagne est en r\u00e9alit\u00e9 une vari\u00e9t\u00e9 de thym. Elle est \u00e9galement connue sous les appellations thym d\u2019Espagne ou thym mastique. Il s\u2019agit d\u2019un petit arbuste ne d\u00e9passant pas 30 cm de hauteur, dot\u00e9 de feuilles petites et camphr\u00e9es et de fleurs blanches en \u00e9t\u00e9. Toute la plante est tr\u00e8s aromatique et pousse sur des sols rocheux ou en bords de routes. Le rendement en huile essentielle est d\u2019environ 1,2 %, ce qui signifie qu\u2019il faut environ 90 kg de mati\u00e8re v\u00e9g\u00e9tale pour obtenir 1 litre d\u2019huile. L\u2019huile distill\u00e9e est jaune clair, avec un parfum frais et \u00e9pic\u00e9.        <\/p>\n<p>En cuisine, la marjolaine d\u2019Espagne est surtout utilis\u00e9e pour parfumer les entr\u00e9es, notamment les soupes et les sauces, auxquelles elle apporte une touche aromatique riche et \u00e9quilibr\u00e9e. <\/p>\n","protected":false},"excerpt":{"rendered":"<p>La marjolaine d\u2019Espagne est une huile essentielle obtenue par distillation \u00e0 la vapeur de la plante en floraison. Malgr\u00e9 son nom, la marjolaine d\u2019Espagne est en r\u00e9alit\u00e9 une vari\u00e9t\u00e9 de thym. Elle est \u00e9galement connue sous les appellations thym d\u2019Espagne ou thym mastique. Il s\u2019agit d\u2019un petit arbuste ne d\u00e9passant pas 30 cm de hauteur, [&hellip;]<\/p>\n","protected":false},"featured_media":57529,"comment_status":"open","ping_status":"closed","template":"","meta":{"_acf_changed":false},"product_brand":[],"product_cat":[6090,5678,6099,4972],"product_tag":[],"class_list":{"0":"post-57544","1":"product","2":"type-product","3":"status-publish","4":"has-post-thumbnail","6":"product_cat-chi-natural-life","7":"product_cat-huile-essentielles","8":"product_cat-huiles-essentielles-biologiques","9":"product_cat-nos-marques","11":"first","12":"instock","13":"taxable","14":"shipping-taxable","15":"product-type-simple"},"acf":[],"_links":{"self":[{"href":"https:\/\/sundar.be\/fr\/wp-json\/wp\/v2\/product\/57544","targetHints":{"allow":["GET"]}}],"collection":[{"href":"https:\/\/sundar.be\/fr\/wp-json\/wp\/v2\/product"}],"about":[{"href":"https:\/\/sundar.be\/fr\/wp-json\/wp\/v2\/types\/product"}],"replies":[{"embeddable":true,"href":"https:\/\/sundar.be\/fr\/wp-json\/wp\/v2\/comments?post=57544"}],"wp:featuredmedia":[{"embeddable":true,"href":"https:\/\/sundar.be\/fr\/wp-json\/wp\/v2\/media\/57529"}],"wp:attachment":[{"href":"https:\/\/sundar.be\/fr\/wp-json\/wp\/v2\/media?parent=57544"}],"wp:term":[{"taxonomy":"product_brand","embeddable":true,"href":"https:\/\/sundar.be\/fr\/wp-json\/wp\/v2\/product_brand?post=57544"},{"taxonomy":"product_cat","embeddable":true,"href":"https:\/\/sundar.be\/fr\/wp-json\/wp\/v2\/product_cat?post=57544"},{"taxonomy":"product_tag","embeddable":true,"href":"https:\/\/sundar.be\/fr\/wp-json\/wp\/v2\/product_tag?post=57544"}],"curies":[{"name":"wp","href":"https:\/\/api.w.org\/{rel}","templated":true}]}}