{"id":57543,"date":"2025-09-16T10:42:37","date_gmt":"2025-09-16T08:42:37","guid":{"rendered":"https:\/\/sundar.be\/product\/chi-origan-huile-essentielle-biologique-10-ml\/"},"modified":"2025-11-24T10:08:38","modified_gmt":"2025-11-24T09:08:38","slug":"chi-origan-huile-essentielle-biologique-10-ml","status":"publish","type":"product","link":"https:\/\/sundar.be\/fr\/produit\/chi-origan-huile-essentielle-biologique-10-ml\/","title":{"rendered":"Chi Origan Huile Essentielle (Biologique) 10 ml"},"content":{"rendered":"<p>L\u2019origan est une huile essentielle obtenue par distillation \u00e0 la vapeur de la plante s\u00e9ch\u00e9e en floraison. L\u2019huile est jaune \u00e0 brun et poss\u00e8de un parfum \u00e9pic\u00e9 et amer. Le rendement en huile essentielle varie de 1 \u00e0 3 %, ce qui signifie qu\u2019il faut entre 35 et 100 kg de mati\u00e8re v\u00e9g\u00e9tale pour produire 1 litre d\u2019huile d\u2019origan.<br \/>Dans la nature, il existe de grandes variations d\u2019apparence et de composition chimique au sein de l\u2019esp\u00e8ce origan, car la plante se croise facilement avec d\u2019autres vari\u00e9t\u00e9s. En moyenne, l\u2019origan mesure environ 45 cm de hauteur, avec une tige droite brun violac\u00e9 et des feuilles ovales.      <\/p>\n<p>En cuisine, l\u2019origan est tr\u00e8s appr\u00e9ci\u00e9 dans les sauces et les plats de viande. Astuce gourmande : ajoutez une goutte d\u2019huile essentielle d\u2019origan dans de l\u2019huile d\u2019olive pour cr\u00e9er une d\u00e9licieuse huile culinaire aromatis\u00e9e.  <\/p>\n","protected":false},"excerpt":{"rendered":"<p>L\u2019origan est une huile essentielle obtenue par distillation \u00e0 la vapeur de la plante s\u00e9ch\u00e9e en floraison. L\u2019huile est jaune \u00e0 brun et poss\u00e8de un parfum \u00e9pic\u00e9 et amer. Le rendement en huile essentielle varie de 1 \u00e0 3 %, ce qui signifie qu\u2019il faut entre 35 et 100 kg de mati\u00e8re v\u00e9g\u00e9tale pour produire [&hellip;]<\/p>\n","protected":false},"featured_media":57536,"comment_status":"open","ping_status":"closed","template":"","meta":{"_acf_changed":false},"product_brand":[],"product_cat":[6090,5678,6099,4972],"product_tag":[],"class_list":{"0":"post-57543","1":"product","2":"type-product","3":"status-publish","4":"has-post-thumbnail","6":"product_cat-chi-natural-life","7":"product_cat-huile-essentielles","8":"product_cat-huiles-essentielles-biologiques","9":"product_cat-nos-marques","11":"first","12":"instock","13":"taxable","14":"shipping-taxable","15":"product-type-simple"},"acf":[],"_links":{"self":[{"href":"https:\/\/sundar.be\/fr\/wp-json\/wp\/v2\/product\/57543","targetHints":{"allow":["GET"]}}],"collection":[{"href":"https:\/\/sundar.be\/fr\/wp-json\/wp\/v2\/product"}],"about":[{"href":"https:\/\/sundar.be\/fr\/wp-json\/wp\/v2\/types\/product"}],"replies":[{"embeddable":true,"href":"https:\/\/sundar.be\/fr\/wp-json\/wp\/v2\/comments?post=57543"}],"wp:featuredmedia":[{"embeddable":true,"href":"https:\/\/sundar.be\/fr\/wp-json\/wp\/v2\/media\/57536"}],"wp:attachment":[{"href":"https:\/\/sundar.be\/fr\/wp-json\/wp\/v2\/media?parent=57543"}],"wp:term":[{"taxonomy":"product_brand","embeddable":true,"href":"https:\/\/sundar.be\/fr\/wp-json\/wp\/v2\/product_brand?post=57543"},{"taxonomy":"product_cat","embeddable":true,"href":"https:\/\/sundar.be\/fr\/wp-json\/wp\/v2\/product_cat?post=57543"},{"taxonomy":"product_tag","embeddable":true,"href":"https:\/\/sundar.be\/fr\/wp-json\/wp\/v2\/product_tag?post=57543"}],"curies":[{"name":"wp","href":"https:\/\/api.w.org\/{rel}","templated":true}]}}