{"id":57541,"date":"2025-09-16T10:49:43","date_gmt":"2025-09-16T08:49:43","guid":{"rendered":"https:\/\/sundar.be\/product\/chi-lemongrass-huile-essentielle-biologique-10-ml\/"},"modified":"2025-11-24T10:08:35","modified_gmt":"2025-11-24T09:08:35","slug":"chi-lemongrass-huile-essentielle-biologique-10-ml","status":"publish","type":"product","link":"https:\/\/sundar.be\/fr\/produit\/chi-lemongrass-huile-essentielle-biologique-10-ml\/","title":{"rendered":"Chi Lemongrass Huile Essentielle (Biologique) 10 ml"},"content":{"rendered":"<p>Le lemongrass est une huile essentielle obtenue par distillation \u00e0 la vapeur des parties a\u00e9riennes de cette gramin\u00e9e tropicale. Le lemongrass est originaire des plaines du sud de l\u2019Inde et du Sri Lanka, mais il est aujourd\u2019hui cultiv\u00e9 dans de nombreuses r\u00e9gions tropicales, notamment au Guatemala et \u00e0 Madagascar. Il s\u2019agit d\u2019une plante vivace \u00e0 tiges robustes ressemblant \u00e0 celles de la canne \u00e0 sucre et \u00e0 feuilles parfum\u00e9es au citron. Le lemongrass peut atteindre 1,5 m\u00e8tre de hauteur, et peut \u00eatre r\u00e9colt\u00e9 d\u00e8s six mois apr\u00e8s la plantation.    <\/p>\n<p>En cuisine, le lemongrass est largement utilis\u00e9 dans la gastronomie indon\u00e9sienne et tha\u00eflandaise, o\u00f9 il est connu sous le nom de Sereh. Il constitue un ingr\u00e9dient indispensable dans de nombreux plats traditionnels de ces r\u00e9gions.  <\/p>\n","protected":false},"excerpt":{"rendered":"<p>Le lemongrass est une huile essentielle obtenue par distillation \u00e0 la vapeur des parties a\u00e9riennes de cette gramin\u00e9e tropicale. Le lemongrass est originaire des plaines du sud de l\u2019Inde et du Sri Lanka, mais il est aujourd\u2019hui cultiv\u00e9 dans de nombreuses r\u00e9gions tropicales, notamment au Guatemala et \u00e0 Madagascar. Il s\u2019agit d\u2019une plante vivace \u00e0 [&hellip;]<\/p>\n","protected":false},"featured_media":57531,"comment_status":"open","ping_status":"closed","template":"","meta":{"_acf_changed":false},"product_brand":[],"product_cat":[6090,5678,6099,4972],"product_tag":[],"class_list":{"0":"post-57541","1":"product","2":"type-product","3":"status-publish","4":"has-post-thumbnail","6":"product_cat-chi-natural-life","7":"product_cat-huile-essentielles","8":"product_cat-huiles-essentielles-biologiques","9":"product_cat-nos-marques","11":"first","12":"instock","13":"taxable","14":"shipping-taxable","15":"product-type-simple"},"acf":[],"_links":{"self":[{"href":"https:\/\/sundar.be\/fr\/wp-json\/wp\/v2\/product\/57541","targetHints":{"allow":["GET"]}}],"collection":[{"href":"https:\/\/sundar.be\/fr\/wp-json\/wp\/v2\/product"}],"about":[{"href":"https:\/\/sundar.be\/fr\/wp-json\/wp\/v2\/types\/product"}],"replies":[{"embeddable":true,"href":"https:\/\/sundar.be\/fr\/wp-json\/wp\/v2\/comments?post=57541"}],"wp:featuredmedia":[{"embeddable":true,"href":"https:\/\/sundar.be\/fr\/wp-json\/wp\/v2\/media\/57531"}],"wp:attachment":[{"href":"https:\/\/sundar.be\/fr\/wp-json\/wp\/v2\/media?parent=57541"}],"wp:term":[{"taxonomy":"product_brand","embeddable":true,"href":"https:\/\/sundar.be\/fr\/wp-json\/wp\/v2\/product_brand?post=57541"},{"taxonomy":"product_cat","embeddable":true,"href":"https:\/\/sundar.be\/fr\/wp-json\/wp\/v2\/product_cat?post=57541"},{"taxonomy":"product_tag","embeddable":true,"href":"https:\/\/sundar.be\/fr\/wp-json\/wp\/v2\/product_tag?post=57541"}],"curies":[{"name":"wp","href":"https:\/\/api.w.org\/{rel}","templated":true}]}}