{"id":57540,"date":"2025-09-16T10:41:20","date_gmt":"2025-09-16T08:41:20","guid":{"rendered":"https:\/\/sundar.be\/product\/chi-camomille-romaine-huile-essentielle-biologique-25-ml\/"},"modified":"2025-11-24T10:08:35","modified_gmt":"2025-11-24T09:08:35","slug":"chi-camomille-romaine-huile-essentielle-biologique-25-ml","status":"publish","type":"product","link":"https:\/\/sundar.be\/fr\/produit\/chi-camomille-romaine-huile-essentielle-biologique-25-ml\/","title":{"rendered":"Chi Camomille Romaine Huile Essentielle (Biologique) 2,5 ml"},"content":{"rendered":"<p>L\u2019huile essentielle de camomille romaine poss\u00e8de un parfum frais, doux et \u00e9pic\u00e9, avec une l\u00e9g\u00e8re note de th\u00e9. Elle est obtenue par distillation \u00e0 la vapeur des fleurs ou de la plante en floraison. La camomille romaine est une plante vivace pouvant atteindre environ 15 cm de hauteur, avec des feuilles aromatiques rappelant l\u2019odeur de la pomme. Les petites fleurs, pr\u00e9sentes tout l\u2019\u00e9t\u00e9, ressemblent fortement \u00e0 des marguerites. Le rendement en huile essentielle est d\u2019environ 1,7 %, ce qui signifie qu\u2019il faut pr\u00e8s de 85 kg de mati\u00e8re v\u00e9g\u00e9tale pour produire 1 litre d\u2019huile. La couleur de l\u2019huile est jaune p\u00e2le, avec un reflet bleut\u00e9.       <\/p>\n<p><strong>Attention : <\/strong>cette mati\u00e8re premi\u00e8re est tr\u00e8s pr\u00e9cieuse et n\u2019est donc disponible qu\u2019en petit conditionnement. Le contenu de 2,5 ml correspond \u00e0 environ 50 gouttes, selon l\u2019\u00e9paisseur de la mati\u00e8re premi\u00e8re. Tenez-en compte lors de l\u2019achat. Vous recevez un flacon de 6 ml, rempli avec 2,5 ml du produit. En raison des exigences l\u00e9gales, l\u2019emballage ne peut pas \u00eatre plus petit que 6 ml. Cela peut donner l\u2019impression que le flacon n\u2019est pas totalement rempli, mais il contient bien la quantit\u00e9 correcte : 2,5 ml.    <\/p>\n","protected":false},"excerpt":{"rendered":"<p>L\u2019huile essentielle de camomille romaine poss\u00e8de un parfum frais, doux et \u00e9pic\u00e9, avec une l\u00e9g\u00e8re note de th\u00e9. Elle est obtenue par distillation \u00e0 la vapeur des fleurs ou de la plante en floraison. La camomille romaine est une plante vivace pouvant atteindre environ 15 cm de hauteur, avec des feuilles aromatiques rappelant l\u2019odeur de [&hellip;]<\/p>\n","protected":false},"featured_media":57537,"comment_status":"open","ping_status":"closed","template":"","meta":{"_acf_changed":false},"product_brand":[],"product_cat":[6090,5678,6099,4972],"product_tag":[],"class_list":{"0":"post-57540","1":"product","2":"type-product","3":"status-publish","4":"has-post-thumbnail","6":"product_cat-chi-natural-life","7":"product_cat-huile-essentielles","8":"product_cat-huiles-essentielles-biologiques","9":"product_cat-nos-marques","11":"first","12":"instock","13":"taxable","14":"shipping-taxable","15":"product-type-simple"},"acf":[],"_links":{"self":[{"href":"https:\/\/sundar.be\/fr\/wp-json\/wp\/v2\/product\/57540","targetHints":{"allow":["GET"]}}],"collection":[{"href":"https:\/\/sundar.be\/fr\/wp-json\/wp\/v2\/product"}],"about":[{"href":"https:\/\/sundar.be\/fr\/wp-json\/wp\/v2\/types\/product"}],"replies":[{"embeddable":true,"href":"https:\/\/sundar.be\/fr\/wp-json\/wp\/v2\/comments?post=57540"}],"wp:featuredmedia":[{"embeddable":true,"href":"https:\/\/sundar.be\/fr\/wp-json\/wp\/v2\/media\/57537"}],"wp:attachment":[{"href":"https:\/\/sundar.be\/fr\/wp-json\/wp\/v2\/media?parent=57540"}],"wp:term":[{"taxonomy":"product_brand","embeddable":true,"href":"https:\/\/sundar.be\/fr\/wp-json\/wp\/v2\/product_brand?post=57540"},{"taxonomy":"product_cat","embeddable":true,"href":"https:\/\/sundar.be\/fr\/wp-json\/wp\/v2\/product_cat?post=57540"},{"taxonomy":"product_tag","embeddable":true,"href":"https:\/\/sundar.be\/fr\/wp-json\/wp\/v2\/product_tag?post=57540"}],"curies":[{"name":"wp","href":"https:\/\/api.w.org\/{rel}","templated":true}]}}