{"id":57539,"date":"2025-09-16T10:47:52","date_gmt":"2025-09-16T08:47:52","guid":{"rendered":"https:\/\/sundar.be\/product\/chi-gingembre-huile-essentielle-biologique-10-ml\/"},"modified":"2025-11-24T10:08:31","modified_gmt":"2025-11-24T09:08:31","slug":"chi-gingembre-huile-essentielle-biologique-10-ml","status":"publish","type":"product","link":"https:\/\/sundar.be\/fr\/produit\/chi-gingembre-huile-essentielle-biologique-10-ml\/","title":{"rendered":"Chi Gingembre Huile Essentielle (Biologique) 10 ml"},"content":{"rendered":"<p>L\u2019odeur du gingembre peut \u00eatre d\u00e9crite comme chaude, \u00e9pic\u00e9e-bois\u00e9e, avec une l\u00e9g\u00e8re note d\u2019agrumes. L\u2019huile essentielle de gingembre est largement utilis\u00e9e dans l\u2019alimentation. Il s\u2019agit de l\u2019une des \u00e9pices les plus anciennes et les plus importantes, cultiv\u00e9e depuis plus de 3 000 ans. Contrairement \u00e0 ce que l\u2019on pourrait croire, l\u2019huile essentielle de gingembre n\u2019a pas une saveur piquante, car les mol\u00e9cules responsables du caract\u00e8re br\u00fblant \u2014 les ging\u00e9rols et shogaols \u2014 sont trop grandes pour \u00eatre extraites dans l\u2019huile.   <\/p>\n<p>L\u2019huile essentielle de gingembre est \u00e9tonnamment douce et bien tol\u00e9r\u00e9e par la peau. Comme les compos\u00e9s irritants du gingembre ne sont pas pr\u00e9sents dans l\u2019huile, elle reste confortable et agr\u00e9able d\u2019utilisation. <\/p>\n<p>En aromath\u00e9rapie, l\u2019huile de gingembre est connue pour son effet stimulant et r\u00e9chauffant. Elle est tr\u00e8s appr\u00e9ci\u00e9e des sportifs et des masseurs, notamment pour le soin et la d\u00e9tente des muscles. Elle est \u00e9galement r\u00e9put\u00e9e pour apporter du confort en cas de mains ou pieds froids.  <\/p>\n<p>Cette huile chaleureuse est distill\u00e9e \u00e0 partir du rhizome de la plante de gingembre. Toutes les esp\u00e8ces de gingembre poss\u00e8dent une tige ressemblant \u00e0 celle du roseau et sont originaires de l\u2019Asie tropicale. La plante peut atteindre 1,5 m\u00e8tre de hauteur, et des fleurs jaune-vert apparaissent en \u00e9t\u00e9. La couleur de l\u2019huile varie du jaune p\u00e2le au vert. Le rendement en huile essentielle est d\u2019environ 4,4 %, ce qui signifie qu\u2019il faut environ 23 kg de rhizomes pour produire 1 litre d\u2019huile.     <\/p>\n","protected":false},"excerpt":{"rendered":"<p>L\u2019odeur du gingembre peut \u00eatre d\u00e9crite comme chaude, \u00e9pic\u00e9e-bois\u00e9e, avec une l\u00e9g\u00e8re note d\u2019agrumes. L\u2019huile essentielle de gingembre est largement utilis\u00e9e dans l\u2019alimentation. Il s\u2019agit de l\u2019une des \u00e9pices les plus anciennes et les plus importantes, cultiv\u00e9e depuis plus de 3 000 ans. Contrairement \u00e0 ce que l\u2019on pourrait croire, l\u2019huile essentielle de gingembre n\u2019a [&hellip;]<\/p>\n","protected":false},"featured_media":57532,"comment_status":"open","ping_status":"closed","template":"","meta":{"_acf_changed":false},"product_brand":[],"product_cat":[6090,5678,6099,4972],"product_tag":[],"class_list":{"0":"post-57539","1":"product","2":"type-product","3":"status-publish","4":"has-post-thumbnail","6":"product_cat-chi-natural-life","7":"product_cat-huile-essentielles","8":"product_cat-huiles-essentielles-biologiques","9":"product_cat-nos-marques","11":"first","12":"instock","13":"taxable","14":"shipping-taxable","15":"product-type-simple"},"acf":[],"_links":{"self":[{"href":"https:\/\/sundar.be\/fr\/wp-json\/wp\/v2\/product\/57539","targetHints":{"allow":["GET"]}}],"collection":[{"href":"https:\/\/sundar.be\/fr\/wp-json\/wp\/v2\/product"}],"about":[{"href":"https:\/\/sundar.be\/fr\/wp-json\/wp\/v2\/types\/product"}],"replies":[{"embeddable":true,"href":"https:\/\/sundar.be\/fr\/wp-json\/wp\/v2\/comments?post=57539"}],"wp:featuredmedia":[{"embeddable":true,"href":"https:\/\/sundar.be\/fr\/wp-json\/wp\/v2\/media\/57532"}],"wp:attachment":[{"href":"https:\/\/sundar.be\/fr\/wp-json\/wp\/v2\/media?parent=57539"}],"wp:term":[{"taxonomy":"product_brand","embeddable":true,"href":"https:\/\/sundar.be\/fr\/wp-json\/wp\/v2\/product_brand?post=57539"},{"taxonomy":"product_cat","embeddable":true,"href":"https:\/\/sundar.be\/fr\/wp-json\/wp\/v2\/product_cat?post=57539"},{"taxonomy":"product_tag","embeddable":true,"href":"https:\/\/sundar.be\/fr\/wp-json\/wp\/v2\/product_tag?post=57539"}],"curies":[{"name":"wp","href":"https:\/\/api.w.org\/{rel}","templated":true}]}}