{"id":57538,"date":"2025-09-16T10:57:48","date_gmt":"2025-09-16T08:57:48","guid":{"rendered":"https:\/\/sundar.be\/product\/chi-anis-etoile-huile-essentielle-biologique-10-ml\/"},"modified":"2025-11-24T10:08:31","modified_gmt":"2025-11-24T09:08:31","slug":"chi-anis-etoile-huile-essentielle-biologique-10-ml","status":"publish","type":"product","link":"https:\/\/sundar.be\/fr\/produit\/chi-anis-etoile-huile-essentielle-biologique-10-ml\/","title":{"rendered":"Chi Anis \u00c9toil\u00e9 Huile Essentielle (Biologique) 10 ml"},"content":{"rendered":"<p>Les graines d\u2019anis \u00e9toil\u00e9 proviennent d\u2019un magnolia \u00e0 feuilles persistantes originaire de Chine. Elles poss\u00e8dent un parfum d\u2019anis caract\u00e9ristique, rappelant celui de la r\u00e9glisse. Le rendement en huile essentielle est de 2 \u00e0 3 %, ce qui signifie qu\u2019il faut environ 500 g d\u2019anis pour obtenir ce flacon de 10 ml. L\u2019anis est r\u00e9put\u00e9 pour soutenir une digestion saine et pour apaiser l\u2019irritation de la gorge. C\u2019est \u00e9galement une huile agr\u00e9able en cas de nervosit\u00e9 ou d\u2019agitation, et elle contribue \u00e0 maintenir une haleine fra\u00eeche.     <\/p>\n<p>L\u2019anis est surtout connu comme agent aromatisant. Le saviez-vous ? \u2014 Les biscuits, les desserts, mais aussi le dentifrice sont souvent parfum\u00e9s \u00e0 l\u2019anis ! <\/p>\n","protected":false},"excerpt":{"rendered":"<p>Les graines d\u2019anis \u00e9toil\u00e9 proviennent d\u2019un magnolia \u00e0 feuilles persistantes originaire de Chine. Elles poss\u00e8dent un parfum d\u2019anis caract\u00e9ristique, rappelant celui de la r\u00e9glisse. Le rendement en huile essentielle est de 2 \u00e0 3 %, ce qui signifie qu\u2019il faut environ 500 g d\u2019anis pour obtenir ce flacon de 10 ml. L\u2019anis est r\u00e9put\u00e9 pour [&hellip;]<\/p>\n","protected":false},"featured_media":57522,"comment_status":"open","ping_status":"closed","template":"","meta":{"_acf_changed":false},"product_brand":[],"product_cat":[6090,5678,6099,4972],"product_tag":[],"class_list":{"0":"post-57538","1":"product","2":"type-product","3":"status-publish","4":"has-post-thumbnail","6":"product_cat-chi-natural-life","7":"product_cat-huile-essentielles","8":"product_cat-huiles-essentielles-biologiques","9":"product_cat-nos-marques","11":"first","12":"instock","13":"taxable","14":"shipping-taxable","15":"product-type-simple"},"acf":[],"_links":{"self":[{"href":"https:\/\/sundar.be\/fr\/wp-json\/wp\/v2\/product\/57538","targetHints":{"allow":["GET"]}}],"collection":[{"href":"https:\/\/sundar.be\/fr\/wp-json\/wp\/v2\/product"}],"about":[{"href":"https:\/\/sundar.be\/fr\/wp-json\/wp\/v2\/types\/product"}],"replies":[{"embeddable":true,"href":"https:\/\/sundar.be\/fr\/wp-json\/wp\/v2\/comments?post=57538"}],"wp:featuredmedia":[{"embeddable":true,"href":"https:\/\/sundar.be\/fr\/wp-json\/wp\/v2\/media\/57522"}],"wp:attachment":[{"href":"https:\/\/sundar.be\/fr\/wp-json\/wp\/v2\/media?parent=57538"}],"wp:term":[{"taxonomy":"product_brand","embeddable":true,"href":"https:\/\/sundar.be\/fr\/wp-json\/wp\/v2\/product_brand?post=57538"},{"taxonomy":"product_cat","embeddable":true,"href":"https:\/\/sundar.be\/fr\/wp-json\/wp\/v2\/product_cat?post=57538"},{"taxonomy":"product_tag","embeddable":true,"href":"https:\/\/sundar.be\/fr\/wp-json\/wp\/v2\/product_tag?post=57538"}],"curies":[{"name":"wp","href":"https:\/\/api.w.org\/{rel}","templated":true}]}}