{"id":57518,"date":"2025-09-16T11:03:39","date_gmt":"2025-09-16T09:03:39","guid":{"rendered":"https:\/\/sundar.be\/product\/chi-sapin-argente-huile-essentielle-biologique-10-ml\/"},"modified":"2025-11-24T09:56:55","modified_gmt":"2025-11-24T08:56:55","slug":"chi-sapin-argente-huile-essentielle-biologique-10-ml","status":"publish","type":"product","link":"https:\/\/sundar.be\/fr\/produit\/chi-sapin-argente-huile-essentielle-biologique-10-ml\/","title":{"rendered":"Chi Sapin Argent\u00e9 Huile Essentielle (Biologique) 10 ml"},"content":{"rendered":"<p>Le sapin argent\u00e9 est une huile essentielle obtenue par distillation \u00e0 la vapeur des rameaux et des aiguilles. Le rendement en huile essentielle est de 0,2 \u00e0 0,6 %, ce qui signifie qu\u2019il faut entre 170 et 500 kg d\u2019aiguilles pour produire 1 litre d\u2019huile. Sa couleur varie de incolore \u00e0 jaune clair, et son parfum est doux, l\u00e9g\u00e8rement r\u00e9sineux et \u00e9pic\u00e9, avec une note d\u2019orange en fond. Le genre des sapins argent\u00e9s compte environ 50 esp\u00e8ces de conif\u00e8res persistants. Ces arbres peuvent atteindre jusqu\u2019\u00e0 55 m\u00e8tres de hauteur et sont principalement pr\u00e9sents dans les r\u00e9gions froides et temp\u00e9r\u00e9es de l\u2019h\u00e9misph\u00e8re nord. Les fleurs femelles se transforment en grands c\u00f4nes brun rouge, tandis que les aiguilles vert fonc\u00e9 poss\u00e8dent une bande blanche sur leur face inf\u00e9rieure. Le sapin argent\u00e9 est particuli\u00e8rement cultiv\u00e9 pour la production de bois et de r\u00e9sine.       <\/p>\n","protected":false},"excerpt":{"rendered":"<p>Le sapin argent\u00e9 est une huile essentielle obtenue par distillation \u00e0 la vapeur des rameaux et des aiguilles. Le rendement en huile essentielle est de 0,2 \u00e0 0,6 %, ce qui signifie qu\u2019il faut entre 170 et 500 kg d\u2019aiguilles pour produire 1 litre d\u2019huile. Sa couleur varie de incolore \u00e0 jaune clair, et son [&hellip;]<\/p>\n","protected":false},"featured_media":57515,"comment_status":"open","ping_status":"closed","template":"","meta":{"_acf_changed":false},"product_brand":[],"product_cat":[6090,5678,6099,4972],"product_tag":[],"class_list":{"0":"post-57518","1":"product","2":"type-product","3":"status-publish","4":"has-post-thumbnail","6":"product_cat-chi-natural-life","7":"product_cat-huile-essentielles","8":"product_cat-huiles-essentielles-biologiques","9":"product_cat-nos-marques","11":"first","12":"instock","13":"taxable","14":"shipping-taxable","15":"product-type-simple"},"acf":[],"_links":{"self":[{"href":"https:\/\/sundar.be\/fr\/wp-json\/wp\/v2\/product\/57518","targetHints":{"allow":["GET"]}}],"collection":[{"href":"https:\/\/sundar.be\/fr\/wp-json\/wp\/v2\/product"}],"about":[{"href":"https:\/\/sundar.be\/fr\/wp-json\/wp\/v2\/types\/product"}],"replies":[{"embeddable":true,"href":"https:\/\/sundar.be\/fr\/wp-json\/wp\/v2\/comments?post=57518"}],"wp:featuredmedia":[{"embeddable":true,"href":"https:\/\/sundar.be\/fr\/wp-json\/wp\/v2\/media\/57515"}],"wp:attachment":[{"href":"https:\/\/sundar.be\/fr\/wp-json\/wp\/v2\/media?parent=57518"}],"wp:term":[{"taxonomy":"product_brand","embeddable":true,"href":"https:\/\/sundar.be\/fr\/wp-json\/wp\/v2\/product_brand?post=57518"},{"taxonomy":"product_cat","embeddable":true,"href":"https:\/\/sundar.be\/fr\/wp-json\/wp\/v2\/product_cat?post=57518"},{"taxonomy":"product_tag","embeddable":true,"href":"https:\/\/sundar.be\/fr\/wp-json\/wp\/v2\/product_tag?post=57518"}],"curies":[{"name":"wp","href":"https:\/\/api.w.org\/{rel}","templated":true}]}}