{"id":57512,"date":"2025-09-16T11:07:26","date_gmt":"2025-09-16T09:07:26","guid":{"rendered":"https:\/\/sundar.be\/product\/chi-litsea-huile-essentielle-biologique-10-ml\/"},"modified":"2025-11-24T09:51:13","modified_gmt":"2025-11-24T08:51:13","slug":"chi-litsea-huile-essentielle-biologique-10-ml","status":"publish","type":"product","link":"https:\/\/sundar.be\/fr\/produit\/chi-litsea-huile-essentielle-biologique-10-ml\/","title":{"rendered":"Chi Litsea Huile Essentielle (Biologique) 10 ml"},"content":{"rendered":"<p>La litsea est une huile essentielle obtenue par distillation \u00e0 la vapeur des baies m\u00fbres. Litsea cubeba est un petit arbre \u00e0 feuilles caduques mesurant jusqu\u2019\u00e0 2,7 m\u00e8tres de hauteur. Il poss\u00e8de des feuilles lanc\u00e9ol\u00e9es au parfum citronn\u00e9 et des fleurs blanches en panicules. Celles-ci sont suivies de petites baies ressemblant \u00e0 des grains de poivre, d\u2019o\u00f9 l\u2019origine du nom cubeba. La litsea pousse principalement dans l\u2019Himalaya oriental, ainsi qu\u2019en Chine et \u00e0 Ta\u00efwan. Le rendement de l\u2019huile essentielle de litsea est d\u2019environ 2 %, ce qui signifie qu\u2019il faut 50 kg de baies m\u00fbres pour produire 1 litre d\u2019huile. La couleur de l\u2019huile est jaune clair, et son parfum est tr\u00e8s intense, sucr\u00e9 et fruit\u00e9, avec une note citronn\u00e9e et l\u00e9g\u00e8rement florale. La litsea pr\u00e9sente une odeur plus douce et plus sucr\u00e9e que la citronnelle (lemongrass).         <\/p>\n","protected":false},"excerpt":{"rendered":"<p>La litsea est une huile essentielle obtenue par distillation \u00e0 la vapeur des baies m\u00fbres. Litsea cubeba est un petit arbre \u00e0 feuilles caduques mesurant jusqu\u2019\u00e0 2,7 m\u00e8tres de hauteur. Il poss\u00e8de des feuilles lanc\u00e9ol\u00e9es au parfum citronn\u00e9 et des fleurs blanches en panicules. Celles-ci sont suivies de petites baies ressemblant \u00e0 des grains de [&hellip;]<\/p>\n","protected":false},"featured_media":57509,"comment_status":"open","ping_status":"closed","template":"","meta":{"_acf_changed":false},"product_brand":[],"product_cat":[6090,5678,6099,4972],"product_tag":[],"class_list":{"0":"post-57512","1":"product","2":"type-product","3":"status-publish","4":"has-post-thumbnail","6":"product_cat-chi-natural-life","7":"product_cat-huile-essentielles","8":"product_cat-huiles-essentielles-biologiques","9":"product_cat-nos-marques","11":"first","12":"instock","13":"taxable","14":"shipping-taxable","15":"product-type-simple"},"acf":[],"_links":{"self":[{"href":"https:\/\/sundar.be\/fr\/wp-json\/wp\/v2\/product\/57512","targetHints":{"allow":["GET"]}}],"collection":[{"href":"https:\/\/sundar.be\/fr\/wp-json\/wp\/v2\/product"}],"about":[{"href":"https:\/\/sundar.be\/fr\/wp-json\/wp\/v2\/types\/product"}],"replies":[{"embeddable":true,"href":"https:\/\/sundar.be\/fr\/wp-json\/wp\/v2\/comments?post=57512"}],"wp:featuredmedia":[{"embeddable":true,"href":"https:\/\/sundar.be\/fr\/wp-json\/wp\/v2\/media\/57509"}],"wp:attachment":[{"href":"https:\/\/sundar.be\/fr\/wp-json\/wp\/v2\/media?parent=57512"}],"wp:term":[{"taxonomy":"product_brand","embeddable":true,"href":"https:\/\/sundar.be\/fr\/wp-json\/wp\/v2\/product_brand?post=57512"},{"taxonomy":"product_cat","embeddable":true,"href":"https:\/\/sundar.be\/fr\/wp-json\/wp\/v2\/product_cat?post=57512"},{"taxonomy":"product_tag","embeddable":true,"href":"https:\/\/sundar.be\/fr\/wp-json\/wp\/v2\/product_tag?post=57512"}],"curies":[{"name":"wp","href":"https:\/\/api.w.org\/{rel}","templated":true}]}}