{"id":57508,"date":"2025-09-16T11:09:09","date_gmt":"2025-09-16T09:09:09","guid":{"rendered":"https:\/\/sundar.be\/product\/chi-cannelle-feuille-huile-essentielle-biologique-10-ml\/"},"modified":"2025-11-24T09:49:11","modified_gmt":"2025-11-24T08:49:11","slug":"chi-cannelle-feuille-huile-essentielle-biologique-10-ml","status":"publish","type":"product","link":"https:\/\/sundar.be\/fr\/produit\/chi-cannelle-feuille-huile-essentielle-biologique-10-ml\/","title":{"rendered":"Chi Cannelle Feuille Huile Essentielle (Biologique) 10 ml"},"content":{"rendered":"<p>La cannelle est l\u2019une des \u00e9pices les plus importantes au monde et a jou\u00e9 un r\u00f4le majeur dans l\u2019histoire coloniale. Les N\u00e9erlandais ont contr\u00f4l\u00e9 le commerce de la cannelle de Ceylan jusqu\u2019en 1833, en raison des profits consid\u00e9rables qu\u2019elle g\u00e9n\u00e9rait. L\u2019huile essentielle extraite des feuilles de cannelle poss\u00e8de un parfum qui rappelle celui du girofle en raison de la pr\u00e9sence d\u2019eug\u00e9nol. Elle offre une senteur chaude et \u00e9pic\u00e9e, mais moins sucr\u00e9e que celle de l\u2019huile issue de l\u2019\u00e9corce de cannelle. L\u2019huile est obtenue par distillation \u00e0 la vapeur des feuilles du cannelier. Cet arbre toujours vert poss\u00e8de une \u00e9corce brun clair, fine et papieris\u00e9e, ainsi que de longues feuilles aromatiques. Le cannelier peut atteindre jusqu\u2019\u00e0 18 m\u00e8tres de hauteur. Le rendement en huile essentielle de feuilles de cannelle est d\u2019environ 1,7 %, ce qui signifie qu\u2019il faut environ 60 kg de feuilles pour produire 1 litre d\u2019huile. Sa couleur varie du jaune au brun.          <\/p>\n","protected":false},"excerpt":{"rendered":"<p>La cannelle est l\u2019une des \u00e9pices les plus importantes au monde et a jou\u00e9 un r\u00f4le majeur dans l\u2019histoire coloniale. Les N\u00e9erlandais ont contr\u00f4l\u00e9 le commerce de la cannelle de Ceylan jusqu\u2019en 1833, en raison des profits consid\u00e9rables qu\u2019elle g\u00e9n\u00e9rait. L\u2019huile essentielle extraite des feuilles de cannelle poss\u00e8de un parfum qui rappelle celui du girofle [&hellip;]<\/p>\n","protected":false},"featured_media":57504,"comment_status":"open","ping_status":"closed","template":"","meta":{"_acf_changed":false},"product_brand":[],"product_cat":[6090,5678,6099,4972],"product_tag":[],"class_list":{"0":"post-57508","1":"product","2":"type-product","3":"status-publish","4":"has-post-thumbnail","6":"product_cat-chi-natural-life","7":"product_cat-huile-essentielles","8":"product_cat-huiles-essentielles-biologiques","9":"product_cat-nos-marques","11":"first","12":"instock","13":"taxable","14":"shipping-taxable","15":"product-type-simple"},"acf":[],"_links":{"self":[{"href":"https:\/\/sundar.be\/fr\/wp-json\/wp\/v2\/product\/57508","targetHints":{"allow":["GET"]}}],"collection":[{"href":"https:\/\/sundar.be\/fr\/wp-json\/wp\/v2\/product"}],"about":[{"href":"https:\/\/sundar.be\/fr\/wp-json\/wp\/v2\/types\/product"}],"replies":[{"embeddable":true,"href":"https:\/\/sundar.be\/fr\/wp-json\/wp\/v2\/comments?post=57508"}],"wp:featuredmedia":[{"embeddable":true,"href":"https:\/\/sundar.be\/fr\/wp-json\/wp\/v2\/media\/57504"}],"wp:attachment":[{"href":"https:\/\/sundar.be\/fr\/wp-json\/wp\/v2\/media?parent=57508"}],"wp:term":[{"taxonomy":"product_brand","embeddable":true,"href":"https:\/\/sundar.be\/fr\/wp-json\/wp\/v2\/product_brand?post=57508"},{"taxonomy":"product_cat","embeddable":true,"href":"https:\/\/sundar.be\/fr\/wp-json\/wp\/v2\/product_cat?post=57508"},{"taxonomy":"product_tag","embeddable":true,"href":"https:\/\/sundar.be\/fr\/wp-json\/wp\/v2\/product_tag?post=57508"}],"curies":[{"name":"wp","href":"https:\/\/api.w.org\/{rel}","templated":true}]}}