{"id":57500,"date":"2025-09-16T11:16:08","date_gmt":"2025-09-16T09:16:08","guid":{"rendered":"https:\/\/sundar.be\/product\/chi-laurier-huile-essentielle-biologique-10-ml\/"},"modified":"2025-11-24T09:42:07","modified_gmt":"2025-11-24T08:42:07","slug":"chi-laurier-huile-essentielle-biologique-10-ml","status":"publish","type":"product","link":"https:\/\/sundar.be\/fr\/produit\/chi-laurier-huile-essentielle-biologique-10-ml\/","title":{"rendered":"Chi Laurier Huile Essentielle (Biologique) 10 ml"},"content":{"rendered":"<p>L\u2019huile essentielle de laurier est obtenue par distillation \u00e0 la vapeur des feuilles et des rameaux. Laurus nobilis est originaire d\u2019Asie Mineure. Il s\u2019agit d\u2019un arbuste ou d\u2019un arbre toujours vert pouvant atteindre jusqu\u2019\u00e0 15 m\u00e8tres de hauteur. Le laurier poss\u00e8de des feuilles coriaces et brillantes, de petites fleurs jaunes cireuses, suivies de baies d\u2019un violet profond. L\u2019arbre de laurier \u00e9tait sacr\u00e9 dans la Gr\u00e8ce antique. Associ\u00e9 au dieu Apollon, il devint le symbole de la purification, de la victoire et de l\u2019honneur. Le nom Laurus provient du latin laus (\u00ab louange \u00bb), en r\u00e9f\u00e9rence aux couronnes de laurier utilis\u00e9es pour couronner les h\u00e9ros, les po\u00e8tes et les vainqueurs. Le rendement de l\u2019huile essentielle de laurier est d\u2019environ 1,2 %, ce qui signifie qu\u2019il faut pr\u00e8s de 75 kg de feuilles et de rameaux pour obtenir 1 litre d\u2019huile. L\u2019huile essentielle de laurier est incolore \u00e0 l\u00e9g\u00e8rement verte et d\u00e9gage un parfum frais, \u00e9pic\u00e9 et l\u00e9g\u00e8rement sucr\u00e9, rappelant \u00e0 la fois le clou de girofle et l\u2019eucalyptus. En cuisine, on utilise \u00e0 la fois les feuilles de laurier s\u00e9ch\u00e9es et l\u2019huile essentielle comme ar\u00f4me dans de nombreux plats.           <\/p>\n","protected":false},"excerpt":{"rendered":"<p>L\u2019huile essentielle de laurier est obtenue par distillation \u00e0 la vapeur des feuilles et des rameaux. Laurus nobilis est originaire d\u2019Asie Mineure. Il s\u2019agit d\u2019un arbuste ou d\u2019un arbre toujours vert pouvant atteindre jusqu\u2019\u00e0 15 m\u00e8tres de hauteur. Le laurier poss\u00e8de des feuilles coriaces et brillantes, de petites fleurs jaunes cireuses, suivies de baies d\u2019un [&hellip;]<\/p>\n","protected":false},"featured_media":57499,"comment_status":"open","ping_status":"closed","template":"","meta":{"_acf_changed":false},"product_brand":[],"product_cat":[6090,5678,6099,4972],"product_tag":[],"class_list":{"0":"post-57500","1":"product","2":"type-product","3":"status-publish","4":"has-post-thumbnail","6":"product_cat-chi-natural-life","7":"product_cat-huile-essentielles","8":"product_cat-huiles-essentielles-biologiques","9":"product_cat-nos-marques","11":"first","12":"instock","13":"taxable","14":"shipping-taxable","15":"product-type-simple"},"acf":[],"_links":{"self":[{"href":"https:\/\/sundar.be\/fr\/wp-json\/wp\/v2\/product\/57500","targetHints":{"allow":["GET"]}}],"collection":[{"href":"https:\/\/sundar.be\/fr\/wp-json\/wp\/v2\/product"}],"about":[{"href":"https:\/\/sundar.be\/fr\/wp-json\/wp\/v2\/types\/product"}],"replies":[{"embeddable":true,"href":"https:\/\/sundar.be\/fr\/wp-json\/wp\/v2\/comments?post=57500"}],"wp:featuredmedia":[{"embeddable":true,"href":"https:\/\/sundar.be\/fr\/wp-json\/wp\/v2\/media\/57499"}],"wp:attachment":[{"href":"https:\/\/sundar.be\/fr\/wp-json\/wp\/v2\/media?parent=57500"}],"wp:term":[{"taxonomy":"product_brand","embeddable":true,"href":"https:\/\/sundar.be\/fr\/wp-json\/wp\/v2\/product_brand?post=57500"},{"taxonomy":"product_cat","embeddable":true,"href":"https:\/\/sundar.be\/fr\/wp-json\/wp\/v2\/product_cat?post=57500"},{"taxonomy":"product_tag","embeddable":true,"href":"https:\/\/sundar.be\/fr\/wp-json\/wp\/v2\/product_tag?post=57500"}],"curies":[{"name":"wp","href":"https:\/\/api.w.org\/{rel}","templated":true}]}}