{"id":57498,"date":"2025-09-16T11:18:35","date_gmt":"2025-09-16T09:18:35","guid":{"rendered":"https:\/\/sundar.be\/product\/chi-vanille-12-co%e2%82%82-extrait-biologique-25-ml\/"},"modified":"2025-11-24T09:41:14","modified_gmt":"2025-11-24T08:41:14","slug":"chi-vanille-12-co%e2%82%82-extrait-biologique-25-ml","status":"publish","type":"product","link":"https:\/\/sundar.be\/fr\/produit\/chi-vanille-12-co%e2%82%82-extrait-biologique-25-ml\/","title":{"rendered":"Chi Vanille 12 % CO\u2082 Extrait (Biologique) \u2013 2,5 ml"},"content":{"rendered":"<p class=\"p1\">L\u2019extrait de vanille CO\u2082 poss\u00e8de un parfum intens\u00e9ment doux, riche et persistant. Tr\u00e8s appr\u00e9ci\u00e9 comme ar\u00f4me dans les aliments et les glaces, la vanille est \u00e9galement r\u00e9put\u00e9e en aromath\u00e9rapie pour ses propri\u00e9t\u00e9s apaisantes, r\u00e9confortantes et relaxantes. Elle a un effet positif sur l\u2019humeur et cr\u00e9e une atmosph\u00e8re chaleureuse, douce et s\u00e9curisante.   <\/p>\n<p class=\"p1\">Gr\u00e2ce \u00e0 sa forte teneur en vanilline, l\u2019extrait de vanille CO\u2082 est tr\u00e8s recherch\u00e9 dans l\u2019industrie du parfum. Il est consid\u00e9r\u00e9 comme une note de fond riche et sensuelle et se retrouve souvent dans les parfums haut de gamme. <\/p>\n<p class=\"p1\">L\u2019huile de vanille est extraite des gousses de la vanille, issues d\u2019une orchid\u00e9e grimpante qui pousse dans les r\u00e9gions tropicales et subtropicales. La plante peut atteindre six m\u00e8tres de hauteur et d\u00e9veloppe au printemps de grandes feuilles \u00e9paisses et des fleurs jaune-vert. Apr\u00e8s la floraison, les fleurs sont pollinis\u00e9es manuellement afin de produire les longues gousses remplies de vanille. Ce processus \u2014 r\u00e9alis\u00e9 notamment \u00e0 Madagascar et en Ouganda \u2014 demande \u00e9norm\u00e9ment de patience et de savoir-faire : les gousses sont r\u00e9colt\u00e9es apr\u00e8s cinq \u00e0 sept mois, puis ferment\u00e9es pendant environ six mois pour d\u00e9velopper le parfum caract\u00e9ristique de l\u2019extrait de vanille.   <\/p>\n<p class=\"p1\"><strong>A<\/strong><strong>ttention :<\/strong> cette mati\u00e8re premi\u00e8re est tr\u00e8s pr\u00e9cieuse et n\u2019est donc disponible qu\u2019en petit conditionnement. Le contenu de 2,5 ml correspond \u00e0 environ 50 gouttes, selon l\u2019\u00e9paisseur de la mati\u00e8re premi\u00e8re. Tenez-en compte lors de l\u2019achat. Vous recevez un flacon de 6 ml, rempli avec 2,5 ml du produit. En raison des exigences l\u00e9gales, l\u2019emballage ne peut pas \u00eatre plus petit que 6 ml. Cela peut donner l\u2019impression que le flacon n\u2019est pas totalement rempli, mais il contient bien la quantit\u00e9 correcte : 2,5 ml.    <\/p>\n","protected":false},"excerpt":{"rendered":"<p>L\u2019extrait de vanille CO\u2082 poss\u00e8de un parfum intens\u00e9ment doux, riche et persistant. Tr\u00e8s appr\u00e9ci\u00e9 comme ar\u00f4me dans les aliments et les glaces, la vanille est \u00e9galement r\u00e9put\u00e9e en aromath\u00e9rapie pour ses propri\u00e9t\u00e9s apaisantes, r\u00e9confortantes et relaxantes. Elle a un effet positif sur l\u2019humeur et cr\u00e9e une atmosph\u00e8re chaleureuse, douce et s\u00e9curisante. Gr\u00e2ce \u00e0 sa forte [&hellip;]<\/p>\n","protected":false},"featured_media":57497,"comment_status":"open","ping_status":"closed","template":"","meta":{"_acf_changed":false},"product_brand":[],"product_cat":[6090,5678,6099,6104,4972],"product_tag":[],"class_list":{"0":"post-57498","1":"product","2":"type-product","3":"status-publish","4":"has-post-thumbnail","6":"product_cat-chi-natural-life","7":"product_cat-huile-essentielles","8":"product_cat-huiles-essentielles-biologiques","9":"product_cat-huiles-essentielles-co2","10":"product_cat-nos-marques","12":"first","13":"instock","14":"taxable","15":"shipping-taxable","16":"product-type-simple"},"acf":[],"_links":{"self":[{"href":"https:\/\/sundar.be\/fr\/wp-json\/wp\/v2\/product\/57498","targetHints":{"allow":["GET"]}}],"collection":[{"href":"https:\/\/sundar.be\/fr\/wp-json\/wp\/v2\/product"}],"about":[{"href":"https:\/\/sundar.be\/fr\/wp-json\/wp\/v2\/types\/product"}],"replies":[{"embeddable":true,"href":"https:\/\/sundar.be\/fr\/wp-json\/wp\/v2\/comments?post=57498"}],"wp:featuredmedia":[{"embeddable":true,"href":"https:\/\/sundar.be\/fr\/wp-json\/wp\/v2\/media\/57497"}],"wp:attachment":[{"href":"https:\/\/sundar.be\/fr\/wp-json\/wp\/v2\/media?parent=57498"}],"wp:term":[{"taxonomy":"product_brand","embeddable":true,"href":"https:\/\/sundar.be\/fr\/wp-json\/wp\/v2\/product_brand?post=57498"},{"taxonomy":"product_cat","embeddable":true,"href":"https:\/\/sundar.be\/fr\/wp-json\/wp\/v2\/product_cat?post=57498"},{"taxonomy":"product_tag","embeddable":true,"href":"https:\/\/sundar.be\/fr\/wp-json\/wp\/v2\/product_tag?post=57498"}],"curies":[{"name":"wp","href":"https:\/\/api.w.org\/{rel}","templated":true}]}}