{"id":57494,"date":"2025-09-16T11:32:02","date_gmt":"2025-09-16T09:32:02","guid":{"rendered":"https:\/\/sundar.be\/product\/chi-superskin-sensitive-oil-50ml\/"},"modified":"2025-11-24T09:38:48","modified_gmt":"2025-11-24T08:38:48","slug":"chi-superskin-sensitive-oil-50ml","status":"publish","type":"product","link":"https:\/\/sundar.be\/fr\/produit\/chi-superskin-sensitive-oil-50ml\/","title":{"rendered":"Chi Superskin Sensitive Oil 50ml"},"content":{"rendered":"<p>Les huiles biologiques de jojoba, argan et coco rendent ce soin du visage naturel particuli\u00e8rement nourrissant et parfaitement adapt\u00e9 aux peaux sensibles.<br \/>Cette base est naturellement et subtilement parfum\u00e9e par une composition d\u2019huiles essentielles d\u2019orange, lavande, mandarine et litsea, toutes douces, apaisantes et id\u00e9ales pour la peau sensible.  <\/p>\n<ul>\n<li><strong>Huile de jojoba : <\/strong>un soin cutan\u00e9 remarquable qui aide la peau \u00e0 retenir son hydratation et \u00e0 rester soyeuse. Elle raffermit, r\u00e9pare, lisse et adoucit la peau tout en r\u00e9gulant la production de s\u00e9bum. Ce n\u2019est pas \u00e9tonnant que presque tous les soins de la peau contiennent de la jojoba.   <\/li>\n<li><strong>Huile de coco : <\/strong>adoucit, maintient la souplesse de la peau et laisse un voile protecteur ultra fin.<\/li>\n<li><strong>Huile d\u2019argan : <\/strong>pr\u00e9cieuse huile marocaine riche en vitamine E, carot\u00e9no\u00efdes et phytost\u00e9rols. Elle poss\u00e8de d\u2019excellentes propri\u00e9t\u00e9s apaisantes, anti-\u00e2ge et r\u00e9paratrices, id\u00e9ale pour les peaux matures ou ab\u00eem\u00e9es. <\/li>\n<\/ul>\n","protected":false},"excerpt":{"rendered":"<p>Les huiles biologiques de jojoba, argan et coco rendent ce soin du visage naturel particuli\u00e8rement nourrissant et parfaitement adapt\u00e9 aux peaux sensibles.Cette base est naturellement et subtilement parfum\u00e9e par une composition d\u2019huiles essentielles d\u2019orange, lavande, mandarine et litsea, toutes douces, apaisantes et id\u00e9ales pour la peau sensible. Huile de jojoba : un soin cutan\u00e9 remarquable [&hellip;]<\/p>\n","protected":false},"featured_media":57493,"comment_status":"open","ping_status":"closed","template":"","meta":{"_acf_changed":false},"product_brand":[],"product_cat":[6090,6106,4972],"product_tag":[],"class_list":{"0":"post-57494","1":"product","2":"type-product","3":"status-publish","4":"has-post-thumbnail","6":"product_cat-chi-natural-life","7":"product_cat-chi-soin-de-la-peau","8":"product_cat-nos-marques","10":"first","11":"instock","12":"taxable","13":"shipping-taxable","14":"product-type-simple"},"acf":[],"_links":{"self":[{"href":"https:\/\/sundar.be\/fr\/wp-json\/wp\/v2\/product\/57494","targetHints":{"allow":["GET"]}}],"collection":[{"href":"https:\/\/sundar.be\/fr\/wp-json\/wp\/v2\/product"}],"about":[{"href":"https:\/\/sundar.be\/fr\/wp-json\/wp\/v2\/types\/product"}],"replies":[{"embeddable":true,"href":"https:\/\/sundar.be\/fr\/wp-json\/wp\/v2\/comments?post=57494"}],"wp:featuredmedia":[{"embeddable":true,"href":"https:\/\/sundar.be\/fr\/wp-json\/wp\/v2\/media\/57493"}],"wp:attachment":[{"href":"https:\/\/sundar.be\/fr\/wp-json\/wp\/v2\/media?parent=57494"}],"wp:term":[{"taxonomy":"product_brand","embeddable":true,"href":"https:\/\/sundar.be\/fr\/wp-json\/wp\/v2\/product_brand?post=57494"},{"taxonomy":"product_cat","embeddable":true,"href":"https:\/\/sundar.be\/fr\/wp-json\/wp\/v2\/product_cat?post=57494"},{"taxonomy":"product_tag","embeddable":true,"href":"https:\/\/sundar.be\/fr\/wp-json\/wp\/v2\/product_tag?post=57494"}],"curies":[{"name":"wp","href":"https:\/\/api.w.org\/{rel}","templated":true}]}}