{"id":57492,"date":"2025-09-16T11:33:39","date_gmt":"2025-09-16T09:33:39","guid":{"rendered":"https:\/\/sundar.be\/product\/chi-superskin-all-skin-oil-50ml\/"},"modified":"2025-11-24T09:37:44","modified_gmt":"2025-11-24T08:37:44","slug":"chi-superskin-all-skin-oil-50ml","status":"publish","type":"product","link":"https:\/\/sundar.be\/fr\/produit\/chi-superskin-all-skin-oil-50ml\/","title":{"rendered":"Chi Superskin All Skin Oil 50ml"},"content":{"rendered":"<p>Les huiles biologiques de jojoba, coco et noyau d\u2019abricot rendent cette huile pour le visage particuli\u00e8rement nourrissante et adapt\u00e9e \u00e0 tous les types de peau.<\/p>\n<ul>\n<li><strong>Huile de jojoba : <\/strong>presque tous les soins pour la peau contiennent de la cire de jojoba, et ce n&rsquo;est pas un hasard. C\u2019est un soin cutan\u00e9 exceptionnel qui aide la peau \u00e0 retenir son hydratation et \u00e0 rester douce comme de la soie. L\u2019huile de jojoba raffermit la peau, favorise la r\u00e9paration cutan\u00e9e, lisse et adoucit, tout en r\u00e9gulant la production de s\u00e9bum.  <\/li>\n<li><strong>Huile de coco : <\/strong>un classique des soins de la peau. Elle adoucit, maintient la souplesse de la peau et laisse un film protecteur ultra fin. <\/li>\n<li><strong>Huile de noyau d\u2019abricot : <\/strong>une huile v\u00e9g\u00e9tale douce et l\u00e9g\u00e8re, bien tol\u00e9r\u00e9e par la majorit\u00e9 des peaux et rapidement absorb\u00e9e. Elle raffermit les tissus cutan\u00e9s et stimule le m\u00e9tabolisme cellulaire. <\/li>\n<\/ul>\n<p>Cette base naturelle est d\u00e9licatement parfum\u00e9e avec une composition d\u2019huiles essentielles de bois de H\u00f4, vanille, mandarine et litsea \u2014 des huiles douces et bienveillantes pour la peau, convenant \u00e0 tous les types de peau. <\/p>\n","protected":false},"excerpt":{"rendered":"<p>Les huiles biologiques de jojoba, coco et noyau d\u2019abricot rendent cette huile pour le visage particuli\u00e8rement nourrissante et adapt\u00e9e \u00e0 tous les types de peau. Huile de jojoba : presque tous les soins pour la peau contiennent de la cire de jojoba, et ce n&rsquo;est pas un hasard. C\u2019est un soin cutan\u00e9 exceptionnel qui aide [&hellip;]<\/p>\n","protected":false},"featured_media":57491,"comment_status":"open","ping_status":"closed","template":"","meta":{"_acf_changed":false},"product_brand":[],"product_cat":[6090,6106,4972],"product_tag":[],"class_list":{"0":"post-57492","1":"product","2":"type-product","3":"status-publish","4":"has-post-thumbnail","6":"product_cat-chi-natural-life","7":"product_cat-chi-soin-de-la-peau","8":"product_cat-nos-marques","10":"first","11":"instock","12":"taxable","13":"shipping-taxable","14":"product-type-simple"},"acf":[],"_links":{"self":[{"href":"https:\/\/sundar.be\/fr\/wp-json\/wp\/v2\/product\/57492","targetHints":{"allow":["GET"]}}],"collection":[{"href":"https:\/\/sundar.be\/fr\/wp-json\/wp\/v2\/product"}],"about":[{"href":"https:\/\/sundar.be\/fr\/wp-json\/wp\/v2\/types\/product"}],"replies":[{"embeddable":true,"href":"https:\/\/sundar.be\/fr\/wp-json\/wp\/v2\/comments?post=57492"}],"wp:featuredmedia":[{"embeddable":true,"href":"https:\/\/sundar.be\/fr\/wp-json\/wp\/v2\/media\/57491"}],"wp:attachment":[{"href":"https:\/\/sundar.be\/fr\/wp-json\/wp\/v2\/media?parent=57492"}],"wp:term":[{"taxonomy":"product_brand","embeddable":true,"href":"https:\/\/sundar.be\/fr\/wp-json\/wp\/v2\/product_brand?post=57492"},{"taxonomy":"product_cat","embeddable":true,"href":"https:\/\/sundar.be\/fr\/wp-json\/wp\/v2\/product_cat?post=57492"},{"taxonomy":"product_tag","embeddable":true,"href":"https:\/\/sundar.be\/fr\/wp-json\/wp\/v2\/product_tag?post=57492"}],"curies":[{"name":"wp","href":"https:\/\/api.w.org\/{rel}","templated":true}]}}