{"id":57490,"date":"2025-09-16T11:35:40","date_gmt":"2025-09-16T09:35:40","guid":{"rendered":"https:\/\/sundar.be\/product\/chi-lavinchi-relax-huile-de-bain-150ml\/"},"modified":"2025-11-24T09:36:45","modified_gmt":"2025-11-24T08:36:45","slug":"chi-lavinchi-relax-huile-de-bain-150ml","status":"publish","type":"product","link":"https:\/\/sundar.be\/fr\/produit\/chi-lavinchi-relax-huile-de-bain-150ml\/","title":{"rendered":"Chi Lavinchi Relax Huile de Bain 150ml"},"content":{"rendered":"<p>Envie d\u2019un bain relaxant pour prolonger la d\u00e9tente et favoriser un sommeil profond et paisible ?<br \/>Offrez-vous un pur moment de bien-\u00eatre avec l\u2019huile de bain Lavinchi Relax, qui chouchoute \u00e0 la fois l\u2019esprit et la peau ! L\u2019huile de bain Lavinchi est compos\u00e9e de v\u00e9ritables huiles essentielles de lavande, de mandarine et de marjolaine douce, avec comme base de l\u2019huile d\u2019amande douce et un \u00e9mulsifiant. Gr\u00e2ce \u00e0 l\u2019\u00e9mulsifiant, l\u2019huile peut \u00eatre ajout\u00e9e directement \u00e0 l\u2019eau du bain : elle se r\u00e9partit parfaitement pour profiter longtemps de son parfum d\u00e9licieux et de ses propri\u00e9t\u00e9s apaisantes. Et ce qui fait toute la diff\u00e9rence : l\u2019huile d\u2019amande douce garde la peau en excellente condition et l\u2019emp\u00eache de se dess\u00e9cher. Parfaite \u00e0 tout moment de la journ\u00e9e, mais c\u2019est surtout le soir que l\u2019huile de bain Lavinchi Relax r\u00e9v\u00e8le tout son potentiel : d\u00e9tente profonde, apaisement, sommeil serein.     <\/p>\n","protected":false},"excerpt":{"rendered":"<p>Envie d\u2019un bain relaxant pour prolonger la d\u00e9tente et favoriser un sommeil profond et paisible ?Offrez-vous un pur moment de bien-\u00eatre avec l\u2019huile de bain Lavinchi Relax, qui chouchoute \u00e0 la fois l\u2019esprit et la peau ! L\u2019huile de bain Lavinchi est compos\u00e9e de v\u00e9ritables huiles essentielles de lavande, de mandarine et de marjolaine douce, [&hellip;]<\/p>\n","protected":false},"featured_media":57487,"comment_status":"open","ping_status":"closed","template":"","meta":{"_acf_changed":false},"product_brand":[],"product_cat":[6090,6106,4972],"product_tag":[],"class_list":{"0":"post-57490","1":"product","2":"type-product","3":"status-publish","4":"has-post-thumbnail","6":"product_cat-chi-natural-life","7":"product_cat-chi-soin-de-la-peau","8":"product_cat-nos-marques","10":"first","11":"instock","12":"taxable","13":"shipping-taxable","14":"product-type-simple"},"acf":[],"_links":{"self":[{"href":"https:\/\/sundar.be\/fr\/wp-json\/wp\/v2\/product\/57490","targetHints":{"allow":["GET"]}}],"collection":[{"href":"https:\/\/sundar.be\/fr\/wp-json\/wp\/v2\/product"}],"about":[{"href":"https:\/\/sundar.be\/fr\/wp-json\/wp\/v2\/types\/product"}],"replies":[{"embeddable":true,"href":"https:\/\/sundar.be\/fr\/wp-json\/wp\/v2\/comments?post=57490"}],"wp:featuredmedia":[{"embeddable":true,"href":"https:\/\/sundar.be\/fr\/wp-json\/wp\/v2\/media\/57487"}],"wp:attachment":[{"href":"https:\/\/sundar.be\/fr\/wp-json\/wp\/v2\/media?parent=57490"}],"wp:term":[{"taxonomy":"product_brand","embeddable":true,"href":"https:\/\/sundar.be\/fr\/wp-json\/wp\/v2\/product_brand?post=57490"},{"taxonomy":"product_cat","embeddable":true,"href":"https:\/\/sundar.be\/fr\/wp-json\/wp\/v2\/product_cat?post=57490"},{"taxonomy":"product_tag","embeddable":true,"href":"https:\/\/sundar.be\/fr\/wp-json\/wp\/v2\/product_tag?post=57490"}],"curies":[{"name":"wp","href":"https:\/\/api.w.org\/{rel}","templated":true}]}}