{"id":57480,"date":"2025-09-16T11:52:27","date_gmt":"2025-09-16T09:52:27","guid":{"rendered":"https:\/\/sundar.be\/product\/chi-tea-tree-face-bar-60g\/"},"modified":"2025-11-24T09:30:14","modified_gmt":"2025-11-24T08:30:14","slug":"chi-tea-tree-face-bar-60g","status":"publish","type":"product","link":"https:\/\/sundar.be\/fr\/produit\/chi-tea-tree-face-bar-60g\/","title":{"rendered":"Chi Tea Tree Face Bar 60g"},"content":{"rendered":"<h2>Tea Tree Face Bar<\/h2>\n<p>Soin naturel, efficace et durable : d\u00e9couvrez la Tea Tree Face Bar.<br \/>\nCette barre remplace la Tea Tree Face Wash liquide : 1 barre \u00e9quivaut \u00e0 2 flacons de 150 ml.<\/p>\n<p>La Tea Tree Face Bar est id\u00e9ale pour le nettoyage quotidien du visage. Convient \u00e0 tous les types de peau, mais particuli\u00e8rement recommand\u00e9e pour les peaux grasses, impures et mixtes. <\/p>\n<p>L\u2019action de l\u2019huile essentielle de tea tree biologique est renforc\u00e9e dans cette barre par le lavandin, le g\u00e9ranium, le c\u00e8dre Atlas, le petit grain, la citronnelle et la litsea. La base de la barre est constitu\u00e9e de beurres et huiles v\u00e9g\u00e9tales nourrissants \u2014 beurre de karit\u00e9 et huile de sacha inchi. <\/p>\n<p>Cette synergie d\u2019huiles purifie la peau et constitue un pr\u00e9cieux alli\u00e9 en cas de boutons et d\u2019imperfections. L\u2019huile essentielle de tea tree biologique ass\u00e8che les boutons en douceur, sans agresser la peau. R\u00e9sultat : une peau propre, souple et fra\u00eeche. Les huiles essentielles Chi apportent un parfum exquis qui reste d\u00e9licatement perceptible bien apr\u00e8s le rituel de soin.   <\/p>\n","protected":false},"excerpt":{"rendered":"<p>Tea Tree Face Bar Soin naturel, efficace et durable : d\u00e9couvrez la Tea Tree Face Bar. Cette barre remplace la Tea Tree Face Wash liquide : 1 barre \u00e9quivaut \u00e0 2 flacons de 150 ml. La Tea Tree Face Bar est id\u00e9ale pour le nettoyage quotidien du visage. Convient \u00e0 tous les types de peau, [&hellip;]<\/p>\n","protected":false},"featured_media":57478,"comment_status":"open","ping_status":"closed","template":"","meta":{"_acf_changed":false},"product_brand":[],"product_cat":[6090,6106,4972],"product_tag":[],"class_list":{"0":"post-57480","1":"product","2":"type-product","3":"status-publish","4":"has-post-thumbnail","6":"product_cat-chi-natural-life","7":"product_cat-chi-soin-de-la-peau","8":"product_cat-nos-marques","10":"first","11":"instock","12":"taxable","13":"shipping-taxable","14":"product-type-simple"},"acf":[],"_links":{"self":[{"href":"https:\/\/sundar.be\/fr\/wp-json\/wp\/v2\/product\/57480","targetHints":{"allow":["GET"]}}],"collection":[{"href":"https:\/\/sundar.be\/fr\/wp-json\/wp\/v2\/product"}],"about":[{"href":"https:\/\/sundar.be\/fr\/wp-json\/wp\/v2\/types\/product"}],"replies":[{"embeddable":true,"href":"https:\/\/sundar.be\/fr\/wp-json\/wp\/v2\/comments?post=57480"}],"wp:featuredmedia":[{"embeddable":true,"href":"https:\/\/sundar.be\/fr\/wp-json\/wp\/v2\/media\/57478"}],"wp:attachment":[{"href":"https:\/\/sundar.be\/fr\/wp-json\/wp\/v2\/media?parent=57480"}],"wp:term":[{"taxonomy":"product_brand","embeddable":true,"href":"https:\/\/sundar.be\/fr\/wp-json\/wp\/v2\/product_brand?post=57480"},{"taxonomy":"product_cat","embeddable":true,"href":"https:\/\/sundar.be\/fr\/wp-json\/wp\/v2\/product_cat?post=57480"},{"taxonomy":"product_tag","embeddable":true,"href":"https:\/\/sundar.be\/fr\/wp-json\/wp\/v2\/product_tag?post=57480"}],"curies":[{"name":"wp","href":"https:\/\/api.w.org\/{rel}","templated":true}]}}