{"id":57477,"date":"2025-09-16T11:55:09","date_gmt":"2025-09-16T09:55:09","guid":{"rendered":"https:\/\/sundar.be\/product\/chi-tea-tree-body-bar-80g\/"},"modified":"2025-11-24T09:29:10","modified_gmt":"2025-11-24T08:29:10","slug":"chi-tea-tree-body-bar-80g","status":"publish","type":"product","link":"https:\/\/sundar.be\/fr\/produit\/chi-tea-tree-body-bar-80g\/","title":{"rendered":"Chi Tea Tree Body Bar 80g"},"content":{"rendered":"<h2>Tea Tree Body Bar<\/h2>\n<p>Soin naturel, efficace et durable : d\u00e9couvrez la Tea Tree Body Bar.<\/p>\n<p>La Tea Tree Body Bar est id\u00e9ale pour le nettoyage et le soin quotidiens du corps. \u00c0 utiliser sous la douche ou comme savon pour les mains. Son parfum frais et vivifiant provient du m\u00e9lange de lavande, pamplemousse, eucalyptus et litsea, tandis que l\u2019huile essentielle de tea tree biologique offre une action purifiante puissante.<br \/>La base du savon est compos\u00e9e de beurres et huiles v\u00e9g\u00e9tales nourrissants \u2014 beurre de karit\u00e9, huile de jojoba et huile de ricin \u2014 qui respectent la peau et la laissent douce et confortable.<br \/>La formule stimule la microcirculation, purifie les peaux \u00e0 imperfections et procure une sensation de propret\u00e9 durable. Les huiles essentielles Chi conf\u00e8rent un parfum exquis qui accompagne agr\u00e9ablement bien apr\u00e8s le moment de la douche.      <\/p>\n","protected":false},"excerpt":{"rendered":"<p>Tea Tree Body Bar Soin naturel, efficace et durable : d\u00e9couvrez la Tea Tree Body Bar. La Tea Tree Body Bar est id\u00e9ale pour le nettoyage et le soin quotidiens du corps. \u00c0 utiliser sous la douche ou comme savon pour les mains. Son parfum frais et vivifiant provient du m\u00e9lange de lavande, pamplemousse, eucalyptus [&hellip;]<\/p>\n","protected":false},"featured_media":57475,"comment_status":"open","ping_status":"closed","template":"","meta":{"_acf_changed":false},"product_brand":[],"product_cat":[6090,6106,4972],"product_tag":[],"class_list":{"0":"post-57477","1":"product","2":"type-product","3":"status-publish","4":"has-post-thumbnail","6":"product_cat-chi-natural-life","7":"product_cat-chi-soin-de-la-peau","8":"product_cat-nos-marques","10":"first","11":"instock","12":"taxable","13":"shipping-taxable","14":"product-type-simple"},"acf":[],"_links":{"self":[{"href":"https:\/\/sundar.be\/fr\/wp-json\/wp\/v2\/product\/57477","targetHints":{"allow":["GET"]}}],"collection":[{"href":"https:\/\/sundar.be\/fr\/wp-json\/wp\/v2\/product"}],"about":[{"href":"https:\/\/sundar.be\/fr\/wp-json\/wp\/v2\/types\/product"}],"replies":[{"embeddable":true,"href":"https:\/\/sundar.be\/fr\/wp-json\/wp\/v2\/comments?post=57477"}],"wp:featuredmedia":[{"embeddable":true,"href":"https:\/\/sundar.be\/fr\/wp-json\/wp\/v2\/media\/57475"}],"wp:attachment":[{"href":"https:\/\/sundar.be\/fr\/wp-json\/wp\/v2\/media?parent=57477"}],"wp:term":[{"taxonomy":"product_brand","embeddable":true,"href":"https:\/\/sundar.be\/fr\/wp-json\/wp\/v2\/product_brand?post=57477"},{"taxonomy":"product_cat","embeddable":true,"href":"https:\/\/sundar.be\/fr\/wp-json\/wp\/v2\/product_cat?post=57477"},{"taxonomy":"product_tag","embeddable":true,"href":"https:\/\/sundar.be\/fr\/wp-json\/wp\/v2\/product_tag?post=57477"}],"curies":[{"name":"wp","href":"https:\/\/api.w.org\/{rel}","templated":true}]}}