{"id":57471,"date":"2025-09-16T12:00:17","date_gmt":"2025-09-16T10:00:17","guid":{"rendered":"https:\/\/sundar.be\/product\/chi-vertargil-argile-verte-superfine-en-poudre\/"},"modified":"2025-11-24T09:28:14","modified_gmt":"2025-11-24T08:28:14","slug":"chi-vertargil-argile-verte-superfine-en-poudre","status":"publish","type":"product","link":"https:\/\/sundar.be\/fr\/produit\/chi-vertargil-argile-verte-superfine-en-poudre\/","title":{"rendered":"Chi Vertargil Argile Verte Superfine en Poudre"},"content":{"rendered":"<h2><strong>\u00c0 propos de l\u2019argile verte<\/strong><\/h2>\n<p>L\u2019argile verte Vertargil est une argile naturelle \u00e0 100 %, non transform\u00e9e, utilis\u00e9e depuis l\u2019Antiquit\u00e9. L\u2019argile est une substance vivante et intelligente dont l\u2019action n\u2019a jamais pu \u00eatre reproduite en laboratoire. Les anciens \u00c9gyptiens utilisaient l\u2019argile du Nil pour le soin des plaies et lors de la momification. Les agriculteurs ont depuis toujours trait\u00e9 les maux de leurs animaux domestiques et de leur b\u00e9tail avec de l\u2019argile. Souvent, ce sont les animaux sauvages qui ont permis de d\u00e9couvrir des zones de terre curative : on observait que les animaux bless\u00e9s se roulaient dans une boue particuli\u00e8re et se r\u00e9tablissaient rapidement.     <\/p>\n<p>L\u2019argile verte semble \u00eatre la plus puissante et la plus active de toutes les argiles, avec une action purifiante tr\u00e8s intense. Elle contient de nombreux min\u00e9raux : aluminium, fer, silicium, calcium, magn\u00e9sium, sodium et potassium. On y trouve \u00e9galement des traces d\u2019hydrog\u00e8ne, de titane, de chlore, de phosphore, de carbone, de mangan\u00e8se et de soufre.  <\/p>\n","protected":false},"excerpt":{"rendered":"<p>\u00c0 propos de l\u2019argile verte L\u2019argile verte Vertargil est une argile naturelle \u00e0 100 %, non transform\u00e9e, utilis\u00e9e depuis l\u2019Antiquit\u00e9. L\u2019argile est une substance vivante et intelligente dont l\u2019action n\u2019a jamais pu \u00eatre reproduite en laboratoire. Les anciens \u00c9gyptiens utilisaient l\u2019argile du Nil pour le soin des plaies et lors de la momification. Les agriculteurs [&hellip;]<\/p>\n","protected":false},"featured_media":55429,"comment_status":"open","ping_status":"closed","template":"","meta":{"_acf_changed":false},"product_brand":[],"product_cat":[4767,6090,6106,5238,5239,4972,4920,5058],"product_tag":[],"class_list":{"0":"post-57471","1":"product","2":"type-product","3":"status-publish","4":"has-post-thumbnail","6":"product_cat-beaute","7":"product_cat-chi-natural-life","8":"product_cat-chi-soin-de-la-peau","9":"product_cat-tout-pour-visage-masques","10":"product_cat-masques-argile","11":"product_cat-nos-marques","12":"product_cat-beaute-soins-du-visage","13":"product_cat-webshop-fr","14":"pa_inhoud-2500-g","15":"pa_inhoud-750-g","17":"first","18":"instock","19":"taxable","20":"shipping-taxable","21":"product-type-variable"},"acf":[],"_links":{"self":[{"href":"https:\/\/sundar.be\/fr\/wp-json\/wp\/v2\/product\/57471","targetHints":{"allow":["GET"]}}],"collection":[{"href":"https:\/\/sundar.be\/fr\/wp-json\/wp\/v2\/product"}],"about":[{"href":"https:\/\/sundar.be\/fr\/wp-json\/wp\/v2\/types\/product"}],"replies":[{"embeddable":true,"href":"https:\/\/sundar.be\/fr\/wp-json\/wp\/v2\/comments?post=57471"}],"wp:featuredmedia":[{"embeddable":true,"href":"https:\/\/sundar.be\/fr\/wp-json\/wp\/v2\/media\/55429"}],"wp:attachment":[{"href":"https:\/\/sundar.be\/fr\/wp-json\/wp\/v2\/media?parent=57471"}],"wp:term":[{"taxonomy":"product_brand","embeddable":true,"href":"https:\/\/sundar.be\/fr\/wp-json\/wp\/v2\/product_brand?post=57471"},{"taxonomy":"product_cat","embeddable":true,"href":"https:\/\/sundar.be\/fr\/wp-json\/wp\/v2\/product_cat?post=57471"},{"taxonomy":"product_tag","embeddable":true,"href":"https:\/\/sundar.be\/fr\/wp-json\/wp\/v2\/product_tag?post=57471"}],"curies":[{"name":"wp","href":"https:\/\/api.w.org\/{rel}","templated":true}]}}