{"id":57464,"date":"2025-09-16T12:02:35","date_gmt":"2025-09-16T10:02:35","guid":{"rendered":"https:\/\/sundar.be\/product\/chi-vertargil-pate-dargile-verte-tube\/"},"modified":"2025-11-24T09:26:29","modified_gmt":"2025-11-24T08:26:29","slug":"chi-vertargil-pate-dargile-verte-tube","status":"publish","type":"product","link":"https:\/\/sundar.be\/fr\/produit\/chi-vertargil-pate-dargile-verte-tube\/","title":{"rendered":"Chi Vertargil P\u00e2te d\u2019Argile Verte Tube"},"content":{"rendered":"<h2>Formule am\u00e9lior\u00e9e<\/h2>\n<p>Cette nouvelle formule d\u00e9gage un parfum d\u00e9licieux, s\u2019applique plus facilement et est extr\u00eamement bien tol\u00e9r\u00e9e par la peau. La formule pr\u00eate \u00e0 l\u2019emploi se compose uniquement d\u2019argile verte pure du Sud de la France, d\u2019eau florale biologique de rose et de lavande de Bulgarie, et \u2014 pour garantir la conservation \u2014 d\u2019une toute petite quantit\u00e9 (au dixi\u00e8me pr\u00e8s) d\u2019un conservateur autoris\u00e9 en cosm\u00e9tique naturelle (certifi\u00e9 Ecocert). Les produits m\u00e9lang\u00e9s \u00e0 l\u2019eau sont p\u00e9rissables et doivent donc toujours \u00eatre conserv\u00e9s pour pr\u00e9venir la formation de bact\u00e9ries et de champignons.  <\/p>\n<p>Les huiles essentielles d\u2019arbre \u00e0 th\u00e9 et de lavande ont \u00e9t\u00e9 retir\u00e9es de la formule \u00e0 la demande de nombreux professionnels, afin de vous permettre d\u2019ajouter vous-m\u00eame (si n\u00e9cessaire) l\u2019huile essentielle de votre choix. Ajouter 1 \u00e0 2 gouttes d\u2019huile essentielle pour 1 cuill\u00e8re \u00e0 soupe de masque \u00e0 l\u2019argile verte. Attention : diluer d\u2019abord l\u2019huile essentielle dans une cuill\u00e8re \u00e0 caf\u00e9 d\u2019huile v\u00e9g\u00e9tale. L\u2019eau de rose et de lavande remplacent l\u2019eau \u00ab classique \u00bb et les huiles essentielles de l\u2019ancienne formule. Les hydrolats sont tr\u00e8s doux pour la peau, ils ont une action astringente, tonifiante, purifiante et un parfum naturellement agr\u00e9able.    <\/p>\n","protected":false},"excerpt":{"rendered":"<p>Formule am\u00e9lior\u00e9e Cette nouvelle formule d\u00e9gage un parfum d\u00e9licieux, s\u2019applique plus facilement et est extr\u00eamement bien tol\u00e9r\u00e9e par la peau. La formule pr\u00eate \u00e0 l\u2019emploi se compose uniquement d\u2019argile verte pure du Sud de la France, d\u2019eau florale biologique de rose et de lavande de Bulgarie, et \u2014 pour garantir la conservation \u2014 d\u2019une toute [&hellip;]<\/p>\n","protected":false},"featured_media":57461,"comment_status":"open","ping_status":"closed","template":"","meta":{"_acf_changed":false},"product_brand":[],"product_cat":[4767,6090,6106,5238,5239,4972,4920,5058],"product_tag":[],"class_list":{"0":"post-57464","1":"product","2":"type-product","3":"status-publish","4":"has-post-thumbnail","6":"product_cat-beaute","7":"product_cat-chi-natural-life","8":"product_cat-chi-soin-de-la-peau","9":"product_cat-tout-pour-visage-masques","10":"product_cat-masques-argile","11":"product_cat-nos-marques","12":"product_cat-beaute-soins-du-visage","13":"product_cat-webshop-fr","14":"pa_inhoud-100-ml-fr","15":"pa_inhoud-360-ml","17":"first","18":"instock","19":"taxable","20":"shipping-taxable","21":"product-type-variable"},"acf":[],"_links":{"self":[{"href":"https:\/\/sundar.be\/fr\/wp-json\/wp\/v2\/product\/57464","targetHints":{"allow":["GET"]}}],"collection":[{"href":"https:\/\/sundar.be\/fr\/wp-json\/wp\/v2\/product"}],"about":[{"href":"https:\/\/sundar.be\/fr\/wp-json\/wp\/v2\/types\/product"}],"replies":[{"embeddable":true,"href":"https:\/\/sundar.be\/fr\/wp-json\/wp\/v2\/comments?post=57464"}],"wp:featuredmedia":[{"embeddable":true,"href":"https:\/\/sundar.be\/fr\/wp-json\/wp\/v2\/media\/57461"}],"wp:attachment":[{"href":"https:\/\/sundar.be\/fr\/wp-json\/wp\/v2\/media?parent=57464"}],"wp:term":[{"taxonomy":"product_brand","embeddable":true,"href":"https:\/\/sundar.be\/fr\/wp-json\/wp\/v2\/product_brand?post=57464"},{"taxonomy":"product_cat","embeddable":true,"href":"https:\/\/sundar.be\/fr\/wp-json\/wp\/v2\/product_cat?post=57464"},{"taxonomy":"product_tag","embeddable":true,"href":"https:\/\/sundar.be\/fr\/wp-json\/wp\/v2\/product_tag?post=57464"}],"curies":[{"name":"wp","href":"https:\/\/api.w.org\/{rel}","templated":true}]}}