{"id":57456,"date":"2025-11-24T07:58:31","date_gmt":"2025-11-24T06:58:31","guid":{"rendered":"https:\/\/sundar.be\/product\/suda-s-pro-cx-light\/"},"modified":"2025-11-24T07:59:48","modified_gmt":"2025-11-24T06:59:48","slug":"suda-s-pro-cx-light","status":"publish","type":"product","link":"https:\/\/sundar.be\/fr\/produit\/suda-s-pro-cx-light\/","title":{"rendered":"SUDA S Pro CX + Light"},"content":{"rendered":"<p><strong>La SUDA S Pro CX + Light <\/strong>: design compact. Interface utilisateur simple et structur\u00e9e gr\u00e2ce \u00e0 un clavier \u00e0 membrane (avec \u00e9cran couleur) et une molette de commande. \u00c9quip\u00e9e d\u2019un r\u00e9gulateur de spray via une molette. Pi\u00e8ce \u00e0 main ergonomique et l\u00e9g\u00e8re avec syst\u00e8me d\u2019auto-serrage. (jusqu\u2019\u00e0 40 000 tr\/min)    <\/p>\n<p>Cette machine est identique \u00e0 la <strong><a href=\"https:\/\/sundar.be\/fr\/produit\/suda-s-pro-cx\/\">S\u00dcDA S Pro CX<\/a><\/strong>, mais poss\u00e8de en plus un \u00e9clairage LED int\u00e9gr\u00e9 dans la pi\u00e8ce \u00e0 main.<\/p>\n<h4>Pi\u00e8ce \u00e0 main<\/h4>\n<p>Premi\u00e8re pi\u00e8ce \u00e0 main de p\u00e9dicure imprim\u00e9e en 3D au monde. Ultra-l\u00e9g\u00e8re, dot\u00e9e d\u2019un micromoteur sans balais et disponible avec ou sans lumi\u00e8re LED int\u00e9gr\u00e9e. \u00c9quip\u00e9e d\u2019un syst\u00e8me de serrage automatique pour fixer les fraises.  <\/p>\n<h4>Fonctions :<\/h4>\n<ul>\n<li>Interface utilisateur claire via un \u00e9cran couleur<\/li>\n<li>Fonction m\u00e9moire avec trois emplacements<\/li>\n<li>R\u00e9glage du spray avec bouton rotatif<\/li>\n<li>Pi\u00e8ce \u00e0 main compacte et l\u00e9g\u00e8re<\/li>\n<li>Micromoteur sans balais int\u00e9gr\u00e9<\/li>\n<li>Rotation droite\/gauche<\/li>\n<li>Vitesse de rotation : 6 000 \u00e0 40 000 tr\/min<\/li>\n<li>P\u00e9dale en option<\/li>\n<li>R\u00e9servoir de spray : 225 ml<\/li>\n<li>Brumisation fine<\/li>\n<li>Tuyau de pi\u00e8ce \u00e0 main tr\u00e8s flexible (1,5 m)<\/li>\n<li>Poids : 1,9 kg (avec alimentation : 2,475 kg)<\/li>\n<\/ul>\n<h4>Donn\u00e9es techniques :<\/h4>\n<ul>\n<li>\u00c9cran : grand \u00e9cran couleur<\/li>\n<li>Dimensions pi\u00e8ce \u00e0 main (\u2300 \/ L) : 25 x 143 mm<\/li>\n<li>Poids pi\u00e8ce \u00e0 main : 89 g<\/li>\n<li>Longueur tuyau : 1,5 m<\/li>\n<li>Lumi\u00e8re int\u00e9gr\u00e9e : non<\/li>\n<li>Vitesse : 6 000 \u2013 40 000 tr\/min<\/li>\n<li>Rotation : droite\/gauche<\/li>\n<li>R\u00e9servoir de spray : 225 ml<\/li>\n<\/ul>\n<h4><strong>Appareil : <\/strong><\/h4>\n<ul>\n<li>Tension : 24 V DC<\/li>\n<li>Puissance : 160 W<\/li>\n<li>Classe de protection : II<\/li>\n<li>Dimensions (L\/P\/H) : 240 x 202 x 120 mm (sans tuyau)<\/li>\n<li>Poids : 1,9 kg<\/li>\n<\/ul>\n<h4><strong>Alimentation : <\/strong><\/h4>\n<ul>\n<li>Puissance : 160 W<\/li>\n<li>Entr\u00e9e : 100-240 V AC ; 50\/60 Hz ; \u2264 2,0 A<\/li>\n<li>Sortie : 24 V ; max 6,66 A<\/li>\n<li>Classe de protection : II<\/li>\n<li>Dimensions (L\/P\/H) : 70 x 150 x 38 mm<\/li>\n<li>Poids : 575 g<\/li>\n<li>Fiche : fiche type C \u2013 \u00ab fiche Euro \u00bb<\/li>\n<\/ul>\n","protected":false},"excerpt":{"rendered":"<p>La SUDA S Pro CX + Light : design compact. Interface utilisateur simple et structur\u00e9e gr\u00e2ce \u00e0 un clavier \u00e0 membrane (avec \u00e9cran couleur) et une molette de commande. \u00c9quip\u00e9e d\u2019un r\u00e9gulateur de spray via une molette. Pi\u00e8ce \u00e0 main ergonomique et l\u00e9g\u00e8re avec syst\u00e8me d\u2019auto-serrage. (jusqu\u2019\u00e0 40 000 tr\/min) Cette machine est identique \u00e0 [&hellip;]<\/p>\n","protected":false},"featured_media":57454,"comment_status":"open","ping_status":"closed","template":"","meta":{"_acf_changed":false},"product_brand":[],"product_cat":[4945,4769,4785,6155,5058],"product_tag":[],"class_list":{"0":"post-57456","1":"product","2":"type-product","3":"status-publish","4":"has-post-thumbnail","6":"product_cat-amenagement-institut-webshop-fr","7":"product_cat-amenagement-appareils","8":"product_cat-appareils-fraisage-moteurs-pedicure","9":"product_cat-appareils-humides","10":"product_cat-webshop-fr","12":"first","13":"instock","14":"taxable","15":"shipping-taxable","16":"product-type-simple"},"acf":[],"_links":{"self":[{"href":"https:\/\/sundar.be\/fr\/wp-json\/wp\/v2\/product\/57456","targetHints":{"allow":["GET"]}}],"collection":[{"href":"https:\/\/sundar.be\/fr\/wp-json\/wp\/v2\/product"}],"about":[{"href":"https:\/\/sundar.be\/fr\/wp-json\/wp\/v2\/types\/product"}],"replies":[{"embeddable":true,"href":"https:\/\/sundar.be\/fr\/wp-json\/wp\/v2\/comments?post=57456"}],"wp:featuredmedia":[{"embeddable":true,"href":"https:\/\/sundar.be\/fr\/wp-json\/wp\/v2\/media\/57454"}],"wp:attachment":[{"href":"https:\/\/sundar.be\/fr\/wp-json\/wp\/v2\/media?parent=57456"}],"wp:term":[{"taxonomy":"product_brand","embeddable":true,"href":"https:\/\/sundar.be\/fr\/wp-json\/wp\/v2\/product_brand?post=57456"},{"taxonomy":"product_cat","embeddable":true,"href":"https:\/\/sundar.be\/fr\/wp-json\/wp\/v2\/product_cat?post=57456"},{"taxonomy":"product_tag","embeddable":true,"href":"https:\/\/sundar.be\/fr\/wp-json\/wp\/v2\/product_tag?post=57456"}],"curies":[{"name":"wp","href":"https:\/\/api.w.org\/{rel}","templated":true}]}}