{"id":57437,"date":"2025-11-21T16:46:52","date_gmt":"2025-11-21T15:46:52","guid":{"rendered":"https:\/\/sundar.be\/product\/suda-care-nature-creme-pour-cuticules\/"},"modified":"2025-11-30T16:03:28","modified_gmt":"2025-11-30T15:03:28","slug":"suda-care-nature-creme-pour-cuticules","status":"publish","type":"product","link":"https:\/\/sundar.be\/fr\/produit\/suda-care-nature-creme-pour-cuticules\/","title":{"rendered":"S\u00fcda Care Nature Cr\u00e8me pour Cuticules"},"content":{"rendered":"<p><span style=\"color: #557e96;\"><strong>S\u00fcda Care Nature Cr\u00e8me pour Cuticules<\/strong><\/span> est une cr\u00e8me intens\u00e9ment nourrissante et r\u00e9paratrice sp\u00e9cialement con\u00e7ue pour les cuticules s\u00e8ches, sensibles ou r\u00e9tract\u00e9es. Sa formule riche et 100 % v\u00e9g\u00e9tale nourrit en profondeur, assouplit la peau durcie et soutient la r\u00e9g\u00e9n\u00e9ration naturelle du contour de l\u2019ongle. Elle p\u00e9n\u00e8tre rapidement sans laisser de film gras et aide \u00e0 r\u00e9duire efficacement les petites fissures, peaux mortes et irritations \u2014 pour des cuticules fortes et des ongles visiblement plus sains.  <\/p>\n","protected":false},"excerpt":{"rendered":"<p>Cette cr\u00e8me hydrate, apaise et r\u00e9pare intens\u00e9ment les cuticules tout en prot\u00e9geant la peau fragile autour de l\u2019ongle. Avec une utilisation r\u00e9guli\u00e8re, les cuticules deviennent plus souples, calm\u00e9es et r\u00e9sistantes, permettant aux ongles de pousser plus beaux et plus solides. <\/p>\n","protected":false},"featured_media":57434,"comment_status":"open","ping_status":"closed","template":"","meta":{"_acf_changed":false},"product_brand":[],"product_cat":[5079,4972,4761,5077,5075,6136,5058],"product_tag":[],"class_list":{"0":"post-57437","1":"product","2":"type-product","3":"status-publish","4":"has-post-thumbnail","6":"product_cat-creme-ongles","7":"product_cat-nos-marques","8":"product_cat-pose-ongles","9":"product_cat-manucure-soin-des-ongles","10":"product_cat-nos-marques-suda-care-fr","11":"product_cat-suda-care-nature","12":"product_cat-webshop-fr","13":"pa_inhoud-100-ml-fr","14":"pa_inhoud-30-ml-fr","16":"first","17":"instock","18":"taxable","19":"shipping-taxable","20":"product-type-variable"},"acf":[],"_links":{"self":[{"href":"https:\/\/sundar.be\/fr\/wp-json\/wp\/v2\/product\/57437","targetHints":{"allow":["GET"]}}],"collection":[{"href":"https:\/\/sundar.be\/fr\/wp-json\/wp\/v2\/product"}],"about":[{"href":"https:\/\/sundar.be\/fr\/wp-json\/wp\/v2\/types\/product"}],"replies":[{"embeddable":true,"href":"https:\/\/sundar.be\/fr\/wp-json\/wp\/v2\/comments?post=57437"}],"wp:featuredmedia":[{"embeddable":true,"href":"https:\/\/sundar.be\/fr\/wp-json\/wp\/v2\/media\/57434"}],"wp:attachment":[{"href":"https:\/\/sundar.be\/fr\/wp-json\/wp\/v2\/media?parent=57437"}],"wp:term":[{"taxonomy":"product_brand","embeddable":true,"href":"https:\/\/sundar.be\/fr\/wp-json\/wp\/v2\/product_brand?post=57437"},{"taxonomy":"product_cat","embeddable":true,"href":"https:\/\/sundar.be\/fr\/wp-json\/wp\/v2\/product_cat?post=57437"},{"taxonomy":"product_tag","embeddable":true,"href":"https:\/\/sundar.be\/fr\/wp-json\/wp\/v2\/product_tag?post=57437"}],"curies":[{"name":"wp","href":"https:\/\/api.w.org\/{rel}","templated":true}]}}