{"id":57410,"date":"2025-11-21T16:34:23","date_gmt":"2025-11-21T15:34:23","guid":{"rendered":"https:\/\/sundar.be\/product\/suda-care-nature-creme-pour-les-jambes\/"},"modified":"2025-11-30T16:04:28","modified_gmt":"2025-11-30T15:04:28","slug":"suda-care-nature-creme-pour-les-jambes","status":"publish","type":"product","link":"https:\/\/sundar.be\/fr\/produit\/suda-care-nature-creme-pour-les-jambes\/","title":{"rendered":"S\u00fcda Care Nature Cr\u00e8me pour les Jambes"},"content":{"rendered":"<p><span style=\"color: #557e96;\"><strong>S\u00fcda Care Nature Cr\u00e8me pour les Jambes <\/strong><\/span>est une cr\u00e8me nourrissante et revitalisante sp\u00e9cialement con\u00e7ue pour la peau des jambes. Gr\u00e2ce \u00e0 une synergie d\u2019huiles v\u00e9g\u00e9tales de haute qualit\u00e9, d\u2019extraits botaniques et d\u2019actifs apaisants, elle hydrate intens\u00e9ment, stimule la microcirculation et procure une sensation durable de l\u00e9g\u00e8ret\u00e9 et de confort aux jambes lourdes et fatigu\u00e9es. Sa texture l\u00e9g\u00e8re p\u00e9n\u00e8tre rapidement sans laisser de film collant et laisse la peau souple, douce et agr\u00e9ablement d\u00e9tendue.  <\/p>\n","protected":false},"excerpt":{"rendered":"<p>Cette cr\u00e8me hydrate en profondeur et d\u00e9tend les jambes fatigu\u00e9es, sensibles ou tendues. Avec un usage r\u00e9gulier, la peau devient plus lisse, plus confortable et visiblement mieux soign\u00e9e. <\/p>\n","protected":false},"featured_media":57408,"comment_status":"open","ping_status":"closed","template":"","meta":{"_acf_changed":false},"product_brand":[],"product_cat":[5257,4972,4755,4999,5075,6136,5058],"product_tag":[],"class_list":{"0":"post-57410","1":"product","2":"type-product","3":"status-publish","4":"has-post-thumbnail","6":"product_cat-jambes-pieds-fatigues","7":"product_cat-nos-marques","8":"product_cat-pedicure","9":"product_cat-soins-specifique-pieds","10":"product_cat-nos-marques-suda-care-fr","11":"product_cat-suda-care-nature","12":"product_cat-webshop-fr","13":"pa_inhoud-100-ml-fr","14":"pa_inhoud-30-ml-fr","15":"pa_inhoud-500-ml-fr","17":"first","18":"instock","19":"taxable","20":"shipping-taxable","21":"product-type-variable"},"acf":[],"_links":{"self":[{"href":"https:\/\/sundar.be\/fr\/wp-json\/wp\/v2\/product\/57410","targetHints":{"allow":["GET"]}}],"collection":[{"href":"https:\/\/sundar.be\/fr\/wp-json\/wp\/v2\/product"}],"about":[{"href":"https:\/\/sundar.be\/fr\/wp-json\/wp\/v2\/types\/product"}],"replies":[{"embeddable":true,"href":"https:\/\/sundar.be\/fr\/wp-json\/wp\/v2\/comments?post=57410"}],"wp:featuredmedia":[{"embeddable":true,"href":"https:\/\/sundar.be\/fr\/wp-json\/wp\/v2\/media\/57408"}],"wp:attachment":[{"href":"https:\/\/sundar.be\/fr\/wp-json\/wp\/v2\/media?parent=57410"}],"wp:term":[{"taxonomy":"product_brand","embeddable":true,"href":"https:\/\/sundar.be\/fr\/wp-json\/wp\/v2\/product_brand?post=57410"},{"taxonomy":"product_cat","embeddable":true,"href":"https:\/\/sundar.be\/fr\/wp-json\/wp\/v2\/product_cat?post=57410"},{"taxonomy":"product_tag","embeddable":true,"href":"https:\/\/sundar.be\/fr\/wp-json\/wp\/v2\/product_tag?post=57410"}],"curies":[{"name":"wp","href":"https:\/\/api.w.org\/{rel}","templated":true}]}}