{"id":57396,"date":"2025-11-21T16:10:03","date_gmt":"2025-11-21T15:10:03","guid":{"rendered":"https:\/\/sundar.be\/product\/suda-care-nature-baume-anti-gercures\/"},"modified":"2025-11-30T16:04:53","modified_gmt":"2025-11-30T15:04:53","slug":"suda-care-nature-baume-anti-gercures","status":"publish","type":"product","link":"https:\/\/sundar.be\/fr\/produit\/suda-care-nature-baume-anti-gercures\/","title":{"rendered":"S\u00fcda Care Nature Baume Anti-Ger\u00e7ures"},"content":{"rendered":"<p><span style=\"color: #557e96;\"><strong>S\u00fcda Care Nature Baume Anti-Ger\u00e7ures<\/strong><\/span> est un baume intensif r\u00e9parateur sp\u00e9cialement con\u00e7u pour traiter la s\u00e9cheresse extr\u00eame, les crevasses et les fissures douloureuses de la peau. Sa formule riche, compos\u00e9e d\u2019huiles v\u00e9g\u00e9tales nourrissantes et d\u2019extraits botaniques puissants, forme un film protecteur sur la peau endommag\u00e9e afin de soutenir le processus naturel de r\u00e9paration. Le baume apaise imm\u00e9diatement, r\u00e9duit la sensation de tension et aide la peau \u00e0 retrouver souplesse et confort.  <\/p>\n","protected":false},"excerpt":{"rendered":"<p>Ce baume r\u00e9pare et prot\u00e8ge les zones de peau extr\u00eamement s\u00e8che et fissur\u00e9e au niveau des talons, des pieds et d\u2019autres zones sensibles. Avec une utilisation r\u00e9guli\u00e8re, les crevasses s\u2019att\u00e9nuent visiblement et la peau se r\u00e9g\u00e9n\u00e8re plus facilement. <\/p>\n","protected":false},"featured_media":57394,"comment_status":"open","ping_status":"closed","template":"","meta":{"_acf_changed":false},"product_brand":[],"product_cat":[5000,4972,4755,4999,5075,6136,5058],"product_tag":[],"class_list":{"0":"post-57396","1":"product","2":"type-product","3":"status-publish","4":"has-post-thumbnail","6":"product_cat-callosites-crevasses","7":"product_cat-nos-marques","8":"product_cat-pedicure","9":"product_cat-soins-specifique-pieds","10":"product_cat-nos-marques-suda-care-fr","11":"product_cat-suda-care-nature","12":"product_cat-webshop-fr","13":"pa_inhoud-250-ml-fr","14":"pa_inhoud-30-ml-fr","15":"pa_inhoud-50-ml-fr","17":"first","18":"instock","19":"taxable","20":"shipping-taxable","21":"product-type-variable"},"acf":[],"_links":{"self":[{"href":"https:\/\/sundar.be\/fr\/wp-json\/wp\/v2\/product\/57396","targetHints":{"allow":["GET"]}}],"collection":[{"href":"https:\/\/sundar.be\/fr\/wp-json\/wp\/v2\/product"}],"about":[{"href":"https:\/\/sundar.be\/fr\/wp-json\/wp\/v2\/types\/product"}],"replies":[{"embeddable":true,"href":"https:\/\/sundar.be\/fr\/wp-json\/wp\/v2\/comments?post=57396"}],"wp:featuredmedia":[{"embeddable":true,"href":"https:\/\/sundar.be\/fr\/wp-json\/wp\/v2\/media\/57394"}],"wp:attachment":[{"href":"https:\/\/sundar.be\/fr\/wp-json\/wp\/v2\/media?parent=57396"}],"wp:term":[{"taxonomy":"product_brand","embeddable":true,"href":"https:\/\/sundar.be\/fr\/wp-json\/wp\/v2\/product_brand?post=57396"},{"taxonomy":"product_cat","embeddable":true,"href":"https:\/\/sundar.be\/fr\/wp-json\/wp\/v2\/product_cat?post=57396"},{"taxonomy":"product_tag","embeddable":true,"href":"https:\/\/sundar.be\/fr\/wp-json\/wp\/v2\/product_tag?post=57396"}],"curies":[{"name":"wp","href":"https:\/\/api.w.org\/{rel}","templated":true}]}}