{"id":57380,"date":"2025-11-21T15:51:34","date_gmt":"2025-11-21T14:51:34","guid":{"rendered":"https:\/\/sundar.be\/product\/suda-care-nature-creme-pour-les-pieds\/"},"modified":"2025-11-30T16:05:15","modified_gmt":"2025-11-30T15:05:15","slug":"suda-care-nature-creme-pour-les-pieds","status":"publish","type":"product","link":"https:\/\/sundar.be\/fr\/produit\/suda-care-nature-creme-pour-les-pieds\/","title":{"rendered":"S\u00fcda Care Nature Cr\u00e8me pour les Pieds"},"content":{"rendered":"<p><span style=\"color: #557e96;\"><strong>S\u00fcda Care Nature Cr\u00e8me pour les Pieds<\/strong><\/span> est une cr\u00e8me naturelle, hydratante et r\u00e9paratrice con\u00e7ue pour le soin quotidien des pieds secs, sensibles ou fatigu\u00e9s. Sa formule associe des huiles et beurres v\u00e9g\u00e9taux nourrissants \u00e0 des extraits r\u00e9parateurs pour apaiser, hydrater intens\u00e9ment et am\u00e9liorer l\u2019\u00e9lasticit\u00e9 de la peau. Sa texture l\u00e9g\u00e8re et cr\u00e9meuse p\u00e9n\u00e8tre agr\u00e9ablement sans laisser de film gras, offrant confort et souplesse durable.  <\/p>\n","protected":false},"excerpt":{"rendered":"<p>Cette cr\u00e8me hydrate profond\u00e9ment, adoucit la peau rugueuse et apporte une sensation imm\u00e9diate de confort. Avec une utilisation r\u00e9guli\u00e8re, les pieds deviennent visiblement plus lisses, plus souples et mieux prot\u00e9g\u00e9s contre la d\u00e9shydratation et les irritations. <\/p>\n","protected":false},"featured_media":57377,"comment_status":"open","ping_status":"closed","template":"","meta":{"_acf_changed":false},"product_brand":[],"product_cat":[4998,4972,4755,4996,5075,6136,5058],"product_tag":[],"class_list":{"0":"post-57380","1":"product","2":"type-product","3":"status-publish","4":"has-post-thumbnail","6":"product_cat-cremes-lotions-pieds","7":"product_cat-nos-marques","8":"product_cat-pedicure","9":"product_cat-soins-quotidiens-des-pieds","10":"product_cat-nos-marques-suda-care-fr","11":"product_cat-suda-care-nature","12":"product_cat-webshop-fr","13":"pa_inhoud-100-ml-fr","14":"pa_inhoud-30-ml-fr","15":"pa_inhoud-500-ml-fr","16":"pa_inhoud-testeur","18":"first","19":"instock","20":"taxable","21":"shipping-taxable","22":"product-type-variable"},"acf":[],"_links":{"self":[{"href":"https:\/\/sundar.be\/fr\/wp-json\/wp\/v2\/product\/57380","targetHints":{"allow":["GET"]}}],"collection":[{"href":"https:\/\/sundar.be\/fr\/wp-json\/wp\/v2\/product"}],"about":[{"href":"https:\/\/sundar.be\/fr\/wp-json\/wp\/v2\/types\/product"}],"replies":[{"embeddable":true,"href":"https:\/\/sundar.be\/fr\/wp-json\/wp\/v2\/comments?post=57380"}],"wp:featuredmedia":[{"embeddable":true,"href":"https:\/\/sundar.be\/fr\/wp-json\/wp\/v2\/media\/57377"}],"wp:attachment":[{"href":"https:\/\/sundar.be\/fr\/wp-json\/wp\/v2\/media?parent=57380"}],"wp:term":[{"taxonomy":"product_brand","embeddable":true,"href":"https:\/\/sundar.be\/fr\/wp-json\/wp\/v2\/product_brand?post=57380"},{"taxonomy":"product_cat","embeddable":true,"href":"https:\/\/sundar.be\/fr\/wp-json\/wp\/v2\/product_cat?post=57380"},{"taxonomy":"product_tag","embeddable":true,"href":"https:\/\/sundar.be\/fr\/wp-json\/wp\/v2\/product_tag?post=57380"}],"curies":[{"name":"wp","href":"https:\/\/api.w.org\/{rel}","templated":true}]}}