{"id":57362,"date":"2025-11-21T15:39:05","date_gmt":"2025-11-21T14:39:05","guid":{"rendered":"https:\/\/sundar.be\/product\/suda-care-nature-creme-pour-les-pieds-plus\/"},"modified":"2025-11-30T16:05:39","modified_gmt":"2025-11-30T15:05:39","slug":"suda-care-nature-creme-pour-les-pieds-plus","status":"publish","type":"product","link":"https:\/\/sundar.be\/fr\/produit\/suda-care-nature-creme-pour-les-pieds-plus\/","title":{"rendered":"S\u00fcda Care Nature Cr\u00e8me pour les Pieds Plus"},"content":{"rendered":"<p><span style=\"color: #557e96;\"><strong>S\u00fcda Care Nature Cr\u00e8me pour les Pieds Plus<\/strong><\/span> est une cr\u00e8me pour les pieds riche et 100 % naturelle qui nourrit, hydrate et r\u00e9pare la peau en profondeur. Gr\u00e2ce \u00e0 l\u2019association d\u2019huiles v\u00e9g\u00e9tales pr\u00e9cieuses, de beurres nourrissants et d\u2019extraits botaniques, la peau s\u00e8che et sollicit\u00e9e des pieds retrouve souplesse, confort et douceur. Sa texture soyeuse p\u00e9n\u00e8tre rapidement sans laisser de film gras, tout en renfor\u00e7ant la barri\u00e8re cutan\u00e9e et en aidant \u00e0 pr\u00e9venir la s\u00e9cheresse, la tension et les fissures.  <\/p>\n","protected":false},"excerpt":{"rendered":"<p>Cette cr\u00e8me offre une hydratation intense et une protection durable pour les pieds secs et sensibles. Avec une utilisation r\u00e9guli\u00e8re, les pieds deviennent visiblement plus doux, plus lisses et plus r\u00e9sistants aux agressions du quotidien. <\/p>\n","protected":false},"featured_media":57359,"comment_status":"open","ping_status":"closed","template":"","meta":{"_acf_changed":false},"product_brand":[],"product_cat":[4998,4972,4755,4996,5075,6136,5058],"product_tag":[],"class_list":{"0":"post-57362","1":"product","2":"type-product","3":"status-publish","4":"has-post-thumbnail","6":"product_cat-cremes-lotions-pieds","7":"product_cat-nos-marques","8":"product_cat-pedicure","9":"product_cat-soins-quotidiens-des-pieds","10":"product_cat-nos-marques-suda-care-fr","11":"product_cat-suda-care-nature","12":"product_cat-webshop-fr","13":"pa_inhoud-100-ml-fr","14":"pa_inhoud-30-ml-fr","15":"pa_inhoud-500-ml-fr","17":"first","18":"instock","19":"taxable","20":"shipping-taxable","21":"product-type-variable"},"acf":[],"_links":{"self":[{"href":"https:\/\/sundar.be\/fr\/wp-json\/wp\/v2\/product\/57362","targetHints":{"allow":["GET"]}}],"collection":[{"href":"https:\/\/sundar.be\/fr\/wp-json\/wp\/v2\/product"}],"about":[{"href":"https:\/\/sundar.be\/fr\/wp-json\/wp\/v2\/types\/product"}],"replies":[{"embeddable":true,"href":"https:\/\/sundar.be\/fr\/wp-json\/wp\/v2\/comments?post=57362"}],"wp:featuredmedia":[{"embeddable":true,"href":"https:\/\/sundar.be\/fr\/wp-json\/wp\/v2\/media\/57359"}],"wp:attachment":[{"href":"https:\/\/sundar.be\/fr\/wp-json\/wp\/v2\/media?parent=57362"}],"wp:term":[{"taxonomy":"product_brand","embeddable":true,"href":"https:\/\/sundar.be\/fr\/wp-json\/wp\/v2\/product_brand?post=57362"},{"taxonomy":"product_cat","embeddable":true,"href":"https:\/\/sundar.be\/fr\/wp-json\/wp\/v2\/product_cat?post=57362"},{"taxonomy":"product_tag","embeddable":true,"href":"https:\/\/sundar.be\/fr\/wp-json\/wp\/v2\/product_tag?post=57362"}],"curies":[{"name":"wp","href":"https:\/\/api.w.org\/{rel}","templated":true}]}}