{"id":57347,"date":"2025-11-21T15:30:16","date_gmt":"2025-11-21T14:30:16","guid":{"rendered":"https:\/\/sundar.be\/product\/suda-care-nature-huile-pour-ongles\/"},"modified":"2025-11-30T16:02:53","modified_gmt":"2025-11-30T15:02:53","slug":"suda-care-nature-huile-pour-ongles","status":"publish","type":"product","link":"https:\/\/sundar.be\/fr\/produit\/suda-care-nature-huile-pour-ongles\/","title":{"rendered":"S\u00fcda Care Nature Huile pour Ongles"},"content":{"rendered":"<p><span style=\"color: #557e96;\"><strong>S\u00fcda Care Nature Huile pour Ongles<\/strong><\/span> est une huile intens\u00e9ment nourrissante et r\u00e9paratrice qui prot\u00e8ge, renforce et soutient la croissance naturelle des ongles et des cuticules. Sa formule est compos\u00e9e d\u2019huiles v\u00e9g\u00e9tales de haute qualit\u00e9 et d\u2019extraits botaniques aux propri\u00e9t\u00e9s antioxydantes et purifiantes. L\u2019huile p\u00e9n\u00e8tre rapidement, adoucit les cuticules s\u00e8ches et apporte brillance et r\u00e9sistance aux ongles \u2014 sans effet gras.  <\/p>\n","protected":false},"excerpt":{"rendered":"<p>Cette huile hydrate, renforce et revitalise les ongles tout en apaisant et prot\u00e9geant la peau qui les entoure. Avec une utilisation r\u00e9guli\u00e8re, les ongles deviennent visiblement plus forts, plus lisses et en meilleure sant\u00e9. <\/p>\n","protected":false},"featured_media":57344,"comment_status":"open","ping_status":"closed","template":"","meta":{"_acf_changed":false},"product_brand":[],"product_cat":[4970,4972,4761,5077,5075,6136,5058],"product_tag":[],"class_list":{"0":"post-57347","1":"product","2":"type-product","3":"status-publish","4":"has-post-thumbnail","6":"product_cat-manucure-huiles-ongles","7":"product_cat-nos-marques","8":"product_cat-pose-ongles","9":"product_cat-manucure-soin-des-ongles","10":"product_cat-nos-marques-suda-care-fr","11":"product_cat-suda-care-nature","12":"product_cat-webshop-fr","13":"pa_inhoud-20-ml-fr","14":"pa_inhoud-50-ml-fr","16":"first","17":"instock","18":"taxable","19":"shipping-taxable","20":"product-type-variable"},"acf":[],"_links":{"self":[{"href":"https:\/\/sundar.be\/fr\/wp-json\/wp\/v2\/product\/57347","targetHints":{"allow":["GET"]}}],"collection":[{"href":"https:\/\/sundar.be\/fr\/wp-json\/wp\/v2\/product"}],"about":[{"href":"https:\/\/sundar.be\/fr\/wp-json\/wp\/v2\/types\/product"}],"replies":[{"embeddable":true,"href":"https:\/\/sundar.be\/fr\/wp-json\/wp\/v2\/comments?post=57347"}],"wp:featuredmedia":[{"embeddable":true,"href":"https:\/\/sundar.be\/fr\/wp-json\/wp\/v2\/media\/57344"}],"wp:attachment":[{"href":"https:\/\/sundar.be\/fr\/wp-json\/wp\/v2\/media?parent=57347"}],"wp:term":[{"taxonomy":"product_brand","embeddable":true,"href":"https:\/\/sundar.be\/fr\/wp-json\/wp\/v2\/product_brand?post=57347"},{"taxonomy":"product_cat","embeddable":true,"href":"https:\/\/sundar.be\/fr\/wp-json\/wp\/v2\/product_cat?post=57347"},{"taxonomy":"product_tag","embeddable":true,"href":"https:\/\/sundar.be\/fr\/wp-json\/wp\/v2\/product_tag?post=57347"}],"curies":[{"name":"wp","href":"https:\/\/api.w.org\/{rel}","templated":true}]}}