{"id":57338,"date":"2025-11-21T15:23:32","date_gmt":"2025-11-21T14:23:32","guid":{"rendered":"https:\/\/sundar.be\/product\/suda-care-diabetics-lotion-lavante-bain-de-pieds-200ml\/"},"modified":"2025-11-30T16:06:18","modified_gmt":"2025-11-30T15:06:18","slug":"suda-care-diabetics-lotion-lavante-bain-de-pieds-200ml","status":"publish","type":"product","link":"https:\/\/sundar.be\/fr\/produit\/suda-care-diabetics-lotion-lavante-bain-de-pieds-200ml\/","title":{"rendered":"S\u00fcda Care Diabetics Lotion Lavante &amp; Bain de Pieds 200ml"},"content":{"rendered":"<p><span style=\"color: #557e96;\"><strong>S\u00fcda Care Diabetics Lotion Lavante &amp; Bain de Pieds<\/strong><\/span> est une formule nettoyante douce mais efficace, sp\u00e9cialement con\u00e7ue pour la peau sensible et fragile des pieds. Le produit peut \u00eatre utilis\u00e9 \u00e0 la fois comme lotion lavante et comme bain de pieds, et associe des agents nettoyants d\u00e9licats \u00e0 des ingr\u00e9dients apaisants et hydratants. Il nettoie en profondeur sans dess\u00e9cher la peau, soutient la barri\u00e8re cutan\u00e9e et laisse une sensation de fra\u00eecheur et de confort apr\u00e8s chaque utilisation.  <\/p>\n","protected":false},"excerpt":{"rendered":"<p>Cette lotion lavante et bain de pieds purifie la peau en douceur tout en procurant soin, hydratation et apaisement aux pieds secs et sensibles. La peau retrouve une sensation de fra\u00eecheur, de confort et de d\u00e9tente. <\/p>\n","protected":false},"featured_media":57336,"comment_status":"open","ping_status":"closed","template":"","meta":{"_acf_changed":false},"product_brand":[],"product_cat":[5055,5054,4972,4755,5056,4999,5075,6137,5058],"product_tag":[],"class_list":{"0":"post-57338","1":"product","2":"type-product","3":"status-publish","4":"has-post-thumbnail","6":"product_cat-bains-pieds-gommage","7":"product_cat-cremes-diabetiques","8":"product_cat-nos-marques","9":"product_cat-pedicure","10":"product_cat-produits-bain-pieds","11":"product_cat-soins-specifique-pieds","12":"product_cat-nos-marques-suda-care-fr","13":"product_cat-suda-care-diabetics","14":"product_cat-webshop-fr","16":"first","17":"instock","18":"taxable","19":"shipping-taxable","20":"product-type-simple"},"acf":[],"_links":{"self":[{"href":"https:\/\/sundar.be\/fr\/wp-json\/wp\/v2\/product\/57338","targetHints":{"allow":["GET"]}}],"collection":[{"href":"https:\/\/sundar.be\/fr\/wp-json\/wp\/v2\/product"}],"about":[{"href":"https:\/\/sundar.be\/fr\/wp-json\/wp\/v2\/types\/product"}],"replies":[{"embeddable":true,"href":"https:\/\/sundar.be\/fr\/wp-json\/wp\/v2\/comments?post=57338"}],"wp:featuredmedia":[{"embeddable":true,"href":"https:\/\/sundar.be\/fr\/wp-json\/wp\/v2\/media\/57336"}],"wp:attachment":[{"href":"https:\/\/sundar.be\/fr\/wp-json\/wp\/v2\/media?parent=57338"}],"wp:term":[{"taxonomy":"product_brand","embeddable":true,"href":"https:\/\/sundar.be\/fr\/wp-json\/wp\/v2\/product_brand?post=57338"},{"taxonomy":"product_cat","embeddable":true,"href":"https:\/\/sundar.be\/fr\/wp-json\/wp\/v2\/product_cat?post=57338"},{"taxonomy":"product_tag","embeddable":true,"href":"https:\/\/sundar.be\/fr\/wp-json\/wp\/v2\/product_tag?post=57338"}],"curies":[{"name":"wp","href":"https:\/\/api.w.org\/{rel}","templated":true}]}}