{"id":57331,"date":"2025-11-21T15:17:02","date_gmt":"2025-11-21T14:17:02","guid":{"rendered":"https:\/\/sundar.be\/product\/suda-care-diabetics-baume-pour-les-pieds\/"},"modified":"2025-11-30T16:06:44","modified_gmt":"2025-11-30T15:06:44","slug":"suda-care-diabetics-baume-pour-les-pieds","status":"publish","type":"product","link":"https:\/\/sundar.be\/fr\/produit\/suda-care-diabetics-baume-pour-les-pieds\/","title":{"rendered":"S\u00fcda Care Diabetics Baume pour les Pieds"},"content":{"rendered":"<p><span style=\"color: #557e96;\"><strong>S\u00fcda Care Diabetics Baume pour les Pieds <\/strong><\/span>est une cr\u00e8me nourrissante et protectrice sp\u00e9cialement formul\u00e9e pour la peau s\u00e8che et fragile des pieds. Gr\u00e2ce \u00e0 des huiles v\u00e9g\u00e9tales de haute qualit\u00e9, des lipides naturels et des extraits apaisants, le baume r\u00e9tablit l\u2019\u00e9quilibre hydrique et lipidique de la peau, renforce la barri\u00e8re cutan\u00e9e et aide \u00e0 pr\u00e9venir les ger\u00e7ures et irritations. Sa texture douce et confortable p\u00e9n\u00e8tre rapidement tout en offrant une protection longue dur\u00e9e contre la d\u00e9shydratation.  <\/p>\n","protected":false},"excerpt":{"rendered":"<p>Ce baume nourrit intens\u00e9ment, prot\u00e8ge et aide la peau sensible, s\u00e8che et vuln\u00e9rable \u00e0 retrouver souplesse et confort. Avec une utilisation quotidienne, la peau devient plus douce, mieux prot\u00e9g\u00e9e et retrouve son \u00e9quilibre naturel. <\/p>\n","protected":false},"featured_media":57330,"comment_status":"open","ping_status":"closed","template":"","meta":{"_acf_changed":false},"product_brand":[],"product_cat":[5054,4972,4755,4999,5075,6137,5058],"product_tag":[],"class_list":{"0":"post-57331","1":"product","2":"type-product","3":"status-publish","4":"has-post-thumbnail","6":"product_cat-cremes-diabetiques","7":"product_cat-nos-marques","8":"product_cat-pedicure","9":"product_cat-soins-specifique-pieds","10":"product_cat-nos-marques-suda-care-fr","11":"product_cat-suda-care-diabetics","12":"product_cat-webshop-fr","13":"pa_inhoud-75-ml-fr","14":"pa_inhoud-testeur","16":"first","17":"instock","18":"taxable","19":"shipping-taxable","20":"product-type-variable"},"acf":[],"_links":{"self":[{"href":"https:\/\/sundar.be\/fr\/wp-json\/wp\/v2\/product\/57331","targetHints":{"allow":["GET"]}}],"collection":[{"href":"https:\/\/sundar.be\/fr\/wp-json\/wp\/v2\/product"}],"about":[{"href":"https:\/\/sundar.be\/fr\/wp-json\/wp\/v2\/types\/product"}],"replies":[{"embeddable":true,"href":"https:\/\/sundar.be\/fr\/wp-json\/wp\/v2\/comments?post=57331"}],"wp:featuredmedia":[{"embeddable":true,"href":"https:\/\/sundar.be\/fr\/wp-json\/wp\/v2\/media\/57330"}],"wp:attachment":[{"href":"https:\/\/sundar.be\/fr\/wp-json\/wp\/v2\/media?parent=57331"}],"wp:term":[{"taxonomy":"product_brand","embeddable":true,"href":"https:\/\/sundar.be\/fr\/wp-json\/wp\/v2\/product_brand?post=57331"},{"taxonomy":"product_cat","embeddable":true,"href":"https:\/\/sundar.be\/fr\/wp-json\/wp\/v2\/product_cat?post=57331"},{"taxonomy":"product_tag","embeddable":true,"href":"https:\/\/sundar.be\/fr\/wp-json\/wp\/v2\/product_tag?post=57331"}],"curies":[{"name":"wp","href":"https:\/\/api.w.org\/{rel}","templated":true}]}}