{"id":57324,"date":"2025-11-21T15:09:41","date_gmt":"2025-11-21T14:09:41","guid":{"rendered":"https:\/\/sundar.be\/product\/suda-care-special-clotrineem-plus-creme-50ml\/"},"modified":"2025-11-30T16:07:12","modified_gmt":"2025-11-30T15:07:12","slug":"suda-care-special-clotrineem-plus-creme-50ml","status":"publish","type":"product","link":"https:\/\/sundar.be\/fr\/produit\/suda-care-special-clotrineem-plus-creme-50ml\/","title":{"rendered":"S\u00fcda Care Special Clotrineem Plus Cr\u00e8me 50ml"},"content":{"rendered":"<p><span style=\"color: #557e96;\"><strong>S\u00fcda Care Special Clotrineem Plus Cr\u00e8me<\/strong><\/span> est une cr\u00e8me pour les pieds intensive et cibl\u00e9e, sp\u00e9cialement con\u00e7ue pour les peaux s\u00e8ches, sensibles et \u00e0 probl\u00e8mes. Sa formule hautement performante associe de l\u2019ur\u00e9e, de l\u2019acide salicylique et des extraits v\u00e9g\u00e9taux apaisants pour hydrater, adoucir les callosit\u00e9s et r\u00e9\u00e9quilibrer la flore cutan\u00e9e. Elle aide \u00e9galement \u00e0 soulager les inconforts li\u00e9s \u00e0 l\u2019humidit\u00e9, \u00e0 la chaleur et aux agressions externes, pour des pieds visiblement plus sains et plus confortables.  <\/p>\n","protected":false},"excerpt":{"rendered":"<p>Cette cr\u00e8me hydrate en profondeur, adoucit la peau rugueuse et soutient la peau en cas d\u2019inconforts fr\u00e9quents tels que d\u00e9mangeaisons, desquamation et rougeurs. La barri\u00e8re cutan\u00e9e est renforc\u00e9e, pour des pieds plus lisses, plus souples et agr\u00e9ables au toucher. <\/p>\n","protected":false},"featured_media":57323,"comment_status":"open","ping_status":"closed","template":"","meta":{"_acf_changed":false},"product_brand":[],"product_cat":[5000,4972,4755,4999,5075,6135,5058],"product_tag":[],"class_list":{"0":"post-57324","1":"product","2":"type-product","3":"status-publish","4":"has-post-thumbnail","6":"product_cat-callosites-crevasses","7":"product_cat-nos-marques","8":"product_cat-pedicure","9":"product_cat-soins-specifique-pieds","10":"product_cat-nos-marques-suda-care-fr","11":"product_cat-suda-care-special","12":"product_cat-webshop-fr","14":"first","15":"instock","16":"taxable","17":"shipping-taxable","18":"product-type-simple"},"acf":[],"_links":{"self":[{"href":"https:\/\/sundar.be\/fr\/wp-json\/wp\/v2\/product\/57324","targetHints":{"allow":["GET"]}}],"collection":[{"href":"https:\/\/sundar.be\/fr\/wp-json\/wp\/v2\/product"}],"about":[{"href":"https:\/\/sundar.be\/fr\/wp-json\/wp\/v2\/types\/product"}],"replies":[{"embeddable":true,"href":"https:\/\/sundar.be\/fr\/wp-json\/wp\/v2\/comments?post=57324"}],"wp:featuredmedia":[{"embeddable":true,"href":"https:\/\/sundar.be\/fr\/wp-json\/wp\/v2\/media\/57323"}],"wp:attachment":[{"href":"https:\/\/sundar.be\/fr\/wp-json\/wp\/v2\/media?parent=57324"}],"wp:term":[{"taxonomy":"product_brand","embeddable":true,"href":"https:\/\/sundar.be\/fr\/wp-json\/wp\/v2\/product_brand?post=57324"},{"taxonomy":"product_cat","embeddable":true,"href":"https:\/\/sundar.be\/fr\/wp-json\/wp\/v2\/product_cat?post=57324"},{"taxonomy":"product_tag","embeddable":true,"href":"https:\/\/sundar.be\/fr\/wp-json\/wp\/v2\/product_tag?post=57324"}],"curies":[{"name":"wp","href":"https:\/\/api.w.org\/{rel}","templated":true}]}}