{"id":57314,"date":"2025-11-21T11:18:15","date_gmt":"2025-11-21T10:18:15","guid":{"rendered":"https:\/\/sundar.be\/product\/by-la-nature-natural-shoe-spray-100ml\/"},"modified":"2025-11-21T11:19:32","modified_gmt":"2025-11-21T10:19:32","slug":"by-la-nature-natural-shoe-spray-100ml","status":"publish","type":"product","link":"https:\/\/sundar.be\/fr\/produit\/by-la-nature-natural-shoe-spray-100ml\/","title":{"rendered":"By La Nature Natural Shoe Spray 100ml"},"content":{"rendered":"<p><strong>By La Nature Natural Shoe Spray <\/strong>permet de d\u00e9sodoriser efficacement les chaussures sujettes aux mauvaises odeurs, m\u00eame dans les cas les plus prononc\u00e9s, tout en apportant une v\u00e9ritable sensation de fra\u00eecheur. Les chaussures sont ainsi assainies et leur dur\u00e9e de vie prolong\u00e9e. Ce spray pr\u00e9vient \u00e9galement le d\u00e9veloppement microbien gr\u00e2ce \u00e0 l\u2019huile essentielle de tea tree.  <\/p>\n","protected":false},"excerpt":{"rendered":"<p>By La Nature Natural Shoe Spray permet de d\u00e9sodoriser efficacement les chaussures sujettes aux mauvaises odeurs, m\u00eame dans les cas les plus prononc\u00e9s, tout en apportant une v\u00e9ritable sensation de fra\u00eecheur. Les chaussures sont ainsi assainies et leur dur\u00e9e de vie prolong\u00e9e. Ce spray pr\u00e9vient \u00e9galement le d\u00e9veloppement microbien gr\u00e2ce \u00e0 l\u2019huile essentielle de tea [&hellip;]<\/p>\n","protected":false},"featured_media":57313,"comment_status":"open","ping_status":"closed","template":"","meta":{"_acf_changed":false},"product_brand":[],"product_cat":[4997,6148,6149,4972,4755,5796,4996,5058],"product_tag":[],"class_list":{"0":"post-57314","1":"product","2":"type-product","3":"status-publish","4":"has-post-thumbnail","6":"product_cat-anti-transpirants","7":"product_cat-by-la-nature","8":"product_cat-by-la-nature-soins-des-pieds","9":"product_cat-nos-marques","10":"product_cat-pedicure","11":"product_cat-soins-pieds-marque","12":"product_cat-soins-quotidiens-des-pieds","13":"product_cat-webshop-fr","15":"first","16":"instock","17":"taxable","18":"shipping-taxable","19":"product-type-simple"},"acf":[],"_links":{"self":[{"href":"https:\/\/sundar.be\/fr\/wp-json\/wp\/v2\/product\/57314","targetHints":{"allow":["GET"]}}],"collection":[{"href":"https:\/\/sundar.be\/fr\/wp-json\/wp\/v2\/product"}],"about":[{"href":"https:\/\/sundar.be\/fr\/wp-json\/wp\/v2\/types\/product"}],"replies":[{"embeddable":true,"href":"https:\/\/sundar.be\/fr\/wp-json\/wp\/v2\/comments?post=57314"}],"wp:featuredmedia":[{"embeddable":true,"href":"https:\/\/sundar.be\/fr\/wp-json\/wp\/v2\/media\/57313"}],"wp:attachment":[{"href":"https:\/\/sundar.be\/fr\/wp-json\/wp\/v2\/media?parent=57314"}],"wp:term":[{"taxonomy":"product_brand","embeddable":true,"href":"https:\/\/sundar.be\/fr\/wp-json\/wp\/v2\/product_brand?post=57314"},{"taxonomy":"product_cat","embeddable":true,"href":"https:\/\/sundar.be\/fr\/wp-json\/wp\/v2\/product_cat?post=57314"},{"taxonomy":"product_tag","embeddable":true,"href":"https:\/\/sundar.be\/fr\/wp-json\/wp\/v2\/product_tag?post=57314"}],"curies":[{"name":"wp","href":"https:\/\/api.w.org\/{rel}","templated":true}]}}