{"id":57303,"date":"2025-11-21T11:13:48","date_gmt":"2025-11-21T10:13:48","guid":{"rendered":"https:\/\/sundar.be\/product\/by-la-nature-foot-body-scrub\/"},"modified":"2025-11-30T16:12:38","modified_gmt":"2025-11-30T15:12:38","slug":"by-la-nature-foot-body-scrub","status":"publish","type":"product","link":"https:\/\/sundar.be\/fr\/produit\/by-la-nature-foot-body-scrub\/","title":{"rendered":"By La Nature Foot &amp; Body Scrub"},"content":{"rendered":"<p data-start=\"91\" data-end=\"454\">Offrez-vous un moment de d\u00e9tente et de r\u00e9g\u00e9n\u00e9ration avec nos luxueux foot &amp; body scrubs, sp\u00e9cialement con\u00e7us pour revitaliser le corps et apaiser l\u2019esprit. Enrichis en huiles essentielles soigneusement s\u00e9lectionn\u00e9es et en min\u00e9raux naturels, chaque gommage offre une exp\u00e9rience bien-\u00eatre unique. Choisissez le parfum et l\u2019action qui correspondent le mieux \u00e0 vos besoins :  <\/p>\n<p data-start=\"456\" data-end=\"712\"><img decoding=\"async\" class=\"emoji\" role=\"img\" draggable=\"false\" src=\"https:\/\/s.w.org\/images\/core\/emoji\/16.0.1\/svg\/1f33f.svg\" alt=\"\ud83c\udf3f\"> <span style=\"color: #557e96;\"><strong data-start=\"459\" data-end=\"495\">Tranquil Bliss Foot &amp; Body Scrub<\/strong> \u2013 <\/span><strong data-start=\"498\" data-end=\"523\"><span style=\"color: #557e96;\">Relaxing &amp; Antistress <\/span><img decoding=\"async\" class=\"emoji\" role=\"img\" draggable=\"false\" src=\"https:\/\/s.w.org\/images\/core\/emoji\/16.0.1\/svg\/1f33f.svg\" alt=\"\ud83c\udf3f\"><\/strong><br data-start=\"523\" data-end=\"526\">Id\u00e9al pour les peaux sensibles ou atopiques. Ce gommage doux \u00e0 la camomille et \u00e0 la lavande offre des ingr\u00e9dients r\u00e9parateurs pour une peau souple et hydrat\u00e9e. Laissez-vous envo\u00fbter par son parfum tandis que votre peau devient soyeuse. \u00c0 utiliser sur tout le corps et les pieds.<\/p>\n<p>   <\/p>\n<p data-start=\"714\" data-end=\"977\"><img decoding=\"async\" class=\"emoji\" role=\"img\" draggable=\"false\" src=\"https:\/\/s.w.org\/images\/core\/emoji\/16.0.1\/svg\/1f4aa.svg\" alt=\"\ud83d\udcaa\"> <span style=\"color: #557e96;\"><strong data-start=\"717\" data-end=\"757\">Revitalizing Tonic Foot &amp; Body Scrub<\/strong> \u2013 <\/span><strong data-start=\"760\" data-end=\"789\"><span style=\"color: #557e96;\">Muscle Relaxation &amp; Detox<\/span> <img decoding=\"async\" class=\"emoji\" role=\"img\" draggable=\"false\" src=\"https:\/\/s.w.org\/images\/core\/emoji\/16.0.1\/svg\/1f4aa.svg\" alt=\"\ud83d\udcaa\"><\/strong><br data-start=\"789\" data-end=\"792\">Gommage revitalisant \u00e0 l\u2019eucalyptus, \u00e0 la menthe, \u00e0 la citronnelle et au romarin. Son parfum frais et ses propri\u00e9t\u00e9s antiseptiques am\u00e9liorent la texture de la peau et offrent un v\u00e9ritable moment de bien-\u00eatre. Id\u00e9al pour tout le corps et les pieds.  <\/p>\n<p data-start=\"979\" data-end=\"1234\"><img decoding=\"async\" class=\"emoji\" role=\"img\" draggable=\"false\" src=\"https:\/\/s.w.org\/images\/core\/emoji\/16.0.1\/svg\/1f338.svg\" alt=\"\ud83c\udf38\"> <span style=\"color: #557e96;\"><strong data-start=\"982\" data-end=\"1015\">Tender Care Foot &amp; Body Scrub<\/strong> \u2013 <\/span><strong data-start=\"1018\" data-end=\"1037\"><span style=\"color: #557e96;\">Trust &amp; Harmony<\/span> <img decoding=\"async\" class=\"emoji\" role=\"img\" draggable=\"false\" src=\"https:\/\/s.w.org\/images\/core\/emoji\/16.0.1\/svg\/1f338.svg\" alt=\"\ud83c\udf38\"><\/strong><br data-start=\"1037\" data-end=\"1040\">Gommage exfoliant aux fleurs rares telles que le magnolia, le champaca et l\u2019ylang-ylang. Il apaise l\u2019esprit et les \u00e9motions tout en calmant les irritations et en r\u00e9v\u00e9lant une peau \u00e9clatante. Convient \u00e0 tout le corps et aux pieds.  <\/p>\n<p data-start=\"1236\" data-end=\"1467\"><img decoding=\"async\" class=\"emoji\" role=\"img\" draggable=\"false\" src=\"https:\/\/s.w.org\/images\/core\/emoji\/16.0.1\/svg\/1f525.svg\" alt=\"\ud83d\udd25\"> <span style=\"color: #557e96;\"><strong data-start=\"1239\" data-end=\"1278\">Sensual Awakening Foot &amp; Body Scrub<\/strong> \u2013 <\/span><strong data-start=\"1281\" data-end=\"1302\"><span style=\"color: #557e96;\">Love &amp; Sensuality<\/span> <img decoding=\"async\" class=\"emoji\" role=\"img\" draggable=\"false\" src=\"https:\/\/s.w.org\/images\/core\/emoji\/16.0.1\/svg\/1f525.svg\" alt=\"\ud83d\udd25\"><\/strong><br data-start=\"1302\" data-end=\"1305\">Envo\u00fbte avec l\u2019ylang-ylang et l\u2019orange douce. Ce gommage au sel d\u2019Epsom, au sucre et \u00e0 l\u2019huile de coco \u00e9limine les cellules mortes et stimule la microcirculation pour une peau lisse et douce. Une exp\u00e9rience sensorielle pour tout le corps et les pieds.  <\/p>\n<p data-start=\"1469\" data-end=\"1582\" data-is-last-node=\"\">Choisissez votre gommage pr\u00e9f\u00e9r\u00e9 et profitez d\u2019un v\u00e9ritable boost de magn\u00e9sium pour une relaxation et une r\u00e9cup\u00e9ration absolues.<\/p>\n","protected":false},"excerpt":{"rendered":"<p>Offrez-vous un moment de d\u00e9tente et de r\u00e9g\u00e9n\u00e9ration avec nos luxueux foot &amp; body scrubs, sp\u00e9cialement con\u00e7us pour revitaliser le corps et apaiser l\u2019esprit. Enrichis en huiles essentielles soigneusement s\u00e9lectionn\u00e9es et en min\u00e9raux naturels, chaque gommage offre une exp\u00e9rience bien-\u00eatre unique. Choisissez le parfum et l\u2019action qui correspondent le mieux \u00e0 vos besoins : Tranquil [&hellip;]<\/p>\n","protected":false},"featured_media":57302,"comment_status":"open","ping_status":"closed","template":"","meta":{"_acf_changed":false},"product_brand":[],"product_cat":[5055,6148,6149,4972,4755,5057,5796,5058],"product_tag":[],"class_list":{"0":"post-57303","1":"product","2":"type-product","3":"status-publish","4":"has-post-thumbnail","6":"product_cat-bains-pieds-gommage","7":"product_cat-by-la-nature","8":"product_cat-by-la-nature-soins-des-pieds","9":"product_cat-nos-marques","10":"product_cat-pedicure","11":"product_cat-peelings-gommages","12":"product_cat-soins-pieds-marque","13":"product_cat-webshop-fr","14":"pa_vorm-revitalizing-tonic-fr","15":"pa_vorm-sensual-awakening-fr","16":"pa_vorm-tender-care-fr","17":"pa_vorm-tranquil-bliss-fr","19":"first","20":"instock","21":"taxable","22":"shipping-taxable","23":"product-type-variable"},"acf":[],"_links":{"self":[{"href":"https:\/\/sundar.be\/fr\/wp-json\/wp\/v2\/product\/57303","targetHints":{"allow":["GET"]}}],"collection":[{"href":"https:\/\/sundar.be\/fr\/wp-json\/wp\/v2\/product"}],"about":[{"href":"https:\/\/sundar.be\/fr\/wp-json\/wp\/v2\/types\/product"}],"replies":[{"embeddable":true,"href":"https:\/\/sundar.be\/fr\/wp-json\/wp\/v2\/comments?post=57303"}],"wp:featuredmedia":[{"embeddable":true,"href":"https:\/\/sundar.be\/fr\/wp-json\/wp\/v2\/media\/57302"}],"wp:attachment":[{"href":"https:\/\/sundar.be\/fr\/wp-json\/wp\/v2\/media?parent=57303"}],"wp:term":[{"taxonomy":"product_brand","embeddable":true,"href":"https:\/\/sundar.be\/fr\/wp-json\/wp\/v2\/product_brand?post=57303"},{"taxonomy":"product_cat","embeddable":true,"href":"https:\/\/sundar.be\/fr\/wp-json\/wp\/v2\/product_cat?post=57303"},{"taxonomy":"product_tag","embeddable":true,"href":"https:\/\/sundar.be\/fr\/wp-json\/wp\/v2\/product_tag?post=57303"}],"curies":[{"name":"wp","href":"https:\/\/api.w.org\/{rel}","templated":true}]}}