{"id":57288,"date":"2025-11-21T10:57:16","date_gmt":"2025-11-21T09:57:16","guid":{"rendered":"https:\/\/sundar.be\/product\/by-la-nature-professionele-rvs-lime-pour-les-pieds\/"},"modified":"2025-11-30T16:15:30","modified_gmt":"2025-11-30T15:15:30","slug":"by-la-nature-professionele-rvs-lime-pour-les-pieds","status":"publish","type":"product","link":"https:\/\/sundar.be\/fr\/produit\/by-la-nature-professionele-rvs-lime-pour-les-pieds\/","title":{"rendered":"By La Nature Professionele RVS Lime pour les Pieds"},"content":{"rendered":"<p><span style=\"color: #557e96;\"><strong>Une lime pour les pieds double face pour des pieds lisses et soign\u00e9s.<\/strong><\/span><\/p>\n<p>La lime professionnelle en acier inoxydable de By La Nature est une lime pour les pieds \u00e0 double face avec un manche en m\u00e9tal. Cette lime double face unique et l\u00e9g\u00e8re est fabriqu\u00e9e en acier inoxydable de haute qualit\u00e9. Les rainures sont orient\u00e9es dans des directions diff\u00e9rentes et n&rsquo;ab\u00eement pas la peau. Id\u00e9ale pour une utilisation avec \u00ab\u00a0de <g id=\"gid_0\"><g id=\"gid_2\"><g id=\"gid_1\">La Nature Callus Softener<\/g><\/g><\/g>\u00ab\u00a0. Peut \u00eatre d\u00e9sinfect\u00e9e ou st\u00e9rilis\u00e9e.    <\/p>\n","protected":false},"excerpt":{"rendered":"<p>Une lime pour les pieds double face pour des pieds lisses et soign\u00e9s. La lime professionnelle en acier inoxydable de By La Nature est une lime pour les pieds \u00e0 double face avec un manche en m\u00e9tal. Cette lime double face unique et l\u00e9g\u00e8re est fabriqu\u00e9e en acier inoxydable de haute qualit\u00e9. Les rainures sont [&hellip;]<\/p>\n","protected":false},"featured_media":57287,"comment_status":"open","ping_status":"closed","template":"","meta":{"_acf_changed":false},"product_brand":[],"product_cat":[6148,6149,4759,4972,5001,4755,5796,5058],"product_tag":[],"class_list":{"0":"post-57288","1":"product","2":"type-product","3":"status-publish","4":"has-post-thumbnail","6":"product_cat-by-la-nature","7":"product_cat-by-la-nature-soins-des-pieds","8":"product_cat-limes-de-pied","9":"product_cat-nos-marques","10":"product_cat-outils-pedicure","11":"product_cat-pedicure","12":"product_cat-soins-pieds-marque","13":"product_cat-webshop-fr","15":"first","16":"instock","17":"taxable","18":"shipping-taxable","19":"product-type-simple"},"acf":[],"_links":{"self":[{"href":"https:\/\/sundar.be\/fr\/wp-json\/wp\/v2\/product\/57288","targetHints":{"allow":["GET"]}}],"collection":[{"href":"https:\/\/sundar.be\/fr\/wp-json\/wp\/v2\/product"}],"about":[{"href":"https:\/\/sundar.be\/fr\/wp-json\/wp\/v2\/types\/product"}],"replies":[{"embeddable":true,"href":"https:\/\/sundar.be\/fr\/wp-json\/wp\/v2\/comments?post=57288"}],"wp:featuredmedia":[{"embeddable":true,"href":"https:\/\/sundar.be\/fr\/wp-json\/wp\/v2\/media\/57287"}],"wp:attachment":[{"href":"https:\/\/sundar.be\/fr\/wp-json\/wp\/v2\/media?parent=57288"}],"wp:term":[{"taxonomy":"product_brand","embeddable":true,"href":"https:\/\/sundar.be\/fr\/wp-json\/wp\/v2\/product_brand?post=57288"},{"taxonomy":"product_cat","embeddable":true,"href":"https:\/\/sundar.be\/fr\/wp-json\/wp\/v2\/product_cat?post=57288"},{"taxonomy":"product_tag","embeddable":true,"href":"https:\/\/sundar.be\/fr\/wp-json\/wp\/v2\/product_tag?post=57288"}],"curies":[{"name":"wp","href":"https:\/\/api.w.org\/{rel}","templated":true}]}}