{"id":57269,"date":"2025-11-21T10:42:16","date_gmt":"2025-11-21T09:42:16","guid":{"rendered":"https:\/\/sundar.be\/product\/by-la-nature-skin-cure-cream\/"},"modified":"2025-11-30T16:15:57","modified_gmt":"2025-11-30T15:15:57","slug":"by-la-nature-skin-cure-cream","status":"publish","type":"product","link":"https:\/\/sundar.be\/fr\/produit\/by-la-nature-skin-cure-cream\/","title":{"rendered":"By La Nature Skin-Cure Cream"},"content":{"rendered":"<p><span style=\"color: #557e96;\"><strong>By La Nature Skin-Cure Cream<\/strong><\/span> est une cr\u00e8me r\u00e9paratrice et purifiante qui nourrit, prot\u00e8ge et apaise la peau en profondeur. Sa formule compos\u00e9e d\u2019huiles v\u00e9g\u00e9tales naturelles, d\u2019huiles essentielles biologiques et de cire d\u2019abeille a \u00e9t\u00e9 sp\u00e9cialement d\u00e9velopp\u00e9e pour renforcer la barri\u00e8re cutan\u00e9e et r\u00e9tablir une peau \u00e9quilibr\u00e9e et saine. La cr\u00e8me p\u00e9n\u00e8tre rapidement, hydrate intens\u00e9ment et apporte un soulagement agr\u00e9able aux peaux s\u00e8ches, irrit\u00e9es ou \u00e0 imperfections.  <\/p>\n","protected":false},"excerpt":{"rendered":"<p>Cette cr\u00e8me intens\u00e9ment r\u00e9paratrice nourrit la peau, apaise et purifie, pour retrouver un confort et un \u00e9quilibre durable. Avec une utilisation r\u00e9guli\u00e8re, la peau devient plus douce, plus r\u00e9sistante et visiblement plus saine. <\/p>\n","protected":false},"featured_media":57268,"comment_status":"open","ping_status":"closed","template":"","meta":{"_acf_changed":false},"product_brand":[],"product_cat":[4767,6148,4972,4923,4920,5058],"product_tag":[],"class_list":{"0":"post-57269","1":"product","2":"type-product","3":"status-publish","4":"has-post-thumbnail","6":"product_cat-beaute","7":"product_cat-by-la-nature","8":"product_cat-nos-marques","9":"product_cat-beaute-soins-de-jour","10":"product_cat-beaute-soins-du-visage","11":"product_cat-webshop-fr","12":"pa_inhoud-150ml-fr","13":"pa_inhoud-50-ml-fr","14":"pa_inhoud-500-ml-fr","16":"first","17":"instock","18":"taxable","19":"shipping-taxable","20":"product-type-variable"},"acf":[],"_links":{"self":[{"href":"https:\/\/sundar.be\/fr\/wp-json\/wp\/v2\/product\/57269","targetHints":{"allow":["GET"]}}],"collection":[{"href":"https:\/\/sundar.be\/fr\/wp-json\/wp\/v2\/product"}],"about":[{"href":"https:\/\/sundar.be\/fr\/wp-json\/wp\/v2\/types\/product"}],"replies":[{"embeddable":true,"href":"https:\/\/sundar.be\/fr\/wp-json\/wp\/v2\/comments?post=57269"}],"wp:featuredmedia":[{"embeddable":true,"href":"https:\/\/sundar.be\/fr\/wp-json\/wp\/v2\/media\/57268"}],"wp:attachment":[{"href":"https:\/\/sundar.be\/fr\/wp-json\/wp\/v2\/media?parent=57269"}],"wp:term":[{"taxonomy":"product_brand","embeddable":true,"href":"https:\/\/sundar.be\/fr\/wp-json\/wp\/v2\/product_brand?post=57269"},{"taxonomy":"product_cat","embeddable":true,"href":"https:\/\/sundar.be\/fr\/wp-json\/wp\/v2\/product_cat?post=57269"},{"taxonomy":"product_tag","embeddable":true,"href":"https:\/\/sundar.be\/fr\/wp-json\/wp\/v2\/product_tag?post=57269"}],"curies":[{"name":"wp","href":"https:\/\/api.w.org\/{rel}","templated":true}]}}