{"id":57257,"date":"2025-11-21T10:32:28","date_gmt":"2025-11-21T09:32:28","guid":{"rendered":"https:\/\/sundar.be\/product\/by-la-nature-refreshing-footcare\/"},"modified":"2025-11-21T10:34:15","modified_gmt":"2025-11-21T09:34:15","slug":"by-la-nature-refreshing-footcare","status":"publish","type":"product","link":"https:\/\/sundar.be\/fr\/produit\/by-la-nature-refreshing-footcare\/","title":{"rendered":"By La Nature Refreshing Footcare"},"content":{"rendered":"<p>C\u2019est une cr\u00e8me hydratante qui am\u00e9liore la circulation sanguine et l\u2019oxyg\u00e9nation des tissus.<\/p>\n<p>Cette cr\u00e8me rafra\u00eechissante apporte un v\u00e9ritable soulagement aux pieds et offre \u00e0 la peau l\u2019hydratation dont elle a besoin.<\/p>\n<p>Lors d\u2019un massage, Refreshing Footcare procure une d\u00e9tente absolue!<\/p>\n<p><strong>Prot\u00e8ge, rafra\u00eechit et relaxe les pieds fatigu\u00e9s.<\/strong><\/p>\n","protected":false},"excerpt":{"rendered":"<p>C\u2019est une cr\u00e8me hydratante qui am\u00e9liore la circulation sanguine et l\u2019oxyg\u00e9nation des tissus. Cette cr\u00e8me rafra\u00eechissante apporte un v\u00e9ritable soulagement aux pieds et offre \u00e0 la peau l\u2019hydratation dont elle a besoin. Lors d\u2019un massage, Refreshing Footcare procure une d\u00e9tente absolue! Prot\u00e8ge, rafra\u00eechit et relaxe les pieds fatigu\u00e9s.<\/p>\n","protected":false},"featured_media":57256,"comment_status":"open","ping_status":"closed","template":"","meta":{"_acf_changed":false},"product_brand":[],"product_cat":[6148,6149,5053,4972,4755,5796,4996,5058],"product_tag":[],"class_list":{"0":"post-57257","1":"product","2":"type-product","3":"status-publish","4":"has-post-thumbnail","6":"product_cat-by-la-nature","7":"product_cat-by-la-nature-soins-des-pieds","8":"product_cat-cremes-rafraichissantes","9":"product_cat-nos-marques","10":"product_cat-pedicure","11":"product_cat-soins-pieds-marque","12":"product_cat-soins-quotidiens-des-pieds","13":"product_cat-webshop-fr","14":"pa_inhoud-50-ml-fr","15":"pa_inhoud-500-ml-fr","17":"first","18":"instock","19":"taxable","20":"shipping-taxable","21":"product-type-variable"},"acf":[],"_links":{"self":[{"href":"https:\/\/sundar.be\/fr\/wp-json\/wp\/v2\/product\/57257","targetHints":{"allow":["GET"]}}],"collection":[{"href":"https:\/\/sundar.be\/fr\/wp-json\/wp\/v2\/product"}],"about":[{"href":"https:\/\/sundar.be\/fr\/wp-json\/wp\/v2\/types\/product"}],"replies":[{"embeddable":true,"href":"https:\/\/sundar.be\/fr\/wp-json\/wp\/v2\/comments?post=57257"}],"wp:featuredmedia":[{"embeddable":true,"href":"https:\/\/sundar.be\/fr\/wp-json\/wp\/v2\/media\/57256"}],"wp:attachment":[{"href":"https:\/\/sundar.be\/fr\/wp-json\/wp\/v2\/media?parent=57257"}],"wp:term":[{"taxonomy":"product_brand","embeddable":true,"href":"https:\/\/sundar.be\/fr\/wp-json\/wp\/v2\/product_brand?post=57257"},{"taxonomy":"product_cat","embeddable":true,"href":"https:\/\/sundar.be\/fr\/wp-json\/wp\/v2\/product_cat?post=57257"},{"taxonomy":"product_tag","embeddable":true,"href":"https:\/\/sundar.be\/fr\/wp-json\/wp\/v2\/product_tag?post=57257"}],"curies":[{"name":"wp","href":"https:\/\/api.w.org\/{rel}","templated":true}]}}