{"id":57241,"date":"2025-11-21T10:00:50","date_gmt":"2025-11-21T09:00:50","guid":{"rendered":"https:\/\/sundar.be\/product\/by-la-nature-nail-cure-combo\/"},"modified":"2025-11-30T16:26:19","modified_gmt":"2025-11-30T15:26:19","slug":"by-la-nature-nail-cure-combo","status":"publish","type":"product","link":"https:\/\/sundar.be\/fr\/produit\/by-la-nature-nail-cure-combo\/","title":{"rendered":"By La Nature Nail-Cure Combo"},"content":{"rendered":"<p>D\u00e9couvrez la solution ultime pour tous vos probl\u00e8mes d\u2019ongles ! Les gouttes Nail Cure et l\u2019huile Nail Cure forment la combinaison parfaite pour retrouver des ongles sains et brillants. Que vous souffriez d\u2019ongles jaunis ou d\u00e9color\u00e9s, d\u2019ongles fendill\u00e9s ou de cuticules s\u00e8ches, ces deux produits puissants assurent le soin et la r\u00e9paration adapt\u00e9s.  <\/p>\n<p>Les gouttes Nail Cure p\u00e9n\u00e8trent en profondeur dans la plaque ungu\u00e9ale, purifient la matrice de l\u2019ongle et apportent un soutien en cas de probl\u00e8mes ongulaires courants ou sp\u00e9cifiques. Elles favorisent une croissance saine de l\u2019ongle et pr\u00e9viennent les dommages. <\/p>\n<p>L\u2019huile Nail Cure est une huile riche et nourrissante qui hydrate intens\u00e9ment et adoucit les ongles, les cuticules et la peau environnante. Gr\u00e2ce \u00e0 son m\u00e9lange unique d\u2019ingr\u00e9dients r\u00e9parateurs, tels que des vitamines et des acides gras essentiels issus d\u2019huiles v\u00e9g\u00e9tales, vos ongles deviennent forts et beaux en un rien de temps.<\/p>\n","protected":false},"excerpt":{"rendered":"<p>Le combo ultime pour un soin complet des ongles.<\/p>\n<p><span style=\"color: #557e96;\"><strong>Contenu :<\/strong><\/span> Nail-Cure gouttes 30ml + huile 4ml<\/p>\n","protected":false},"featured_media":57240,"comment_status":"open","ping_status":"closed","template":"","meta":{"_acf_changed":false},"product_brand":[],"product_cat":[6148,4970,4972,4761,5077,5058],"product_tag":[],"class_list":{"0":"post-57241","1":"product","2":"type-product","3":"status-publish","4":"has-post-thumbnail","6":"product_cat-by-la-nature","7":"product_cat-manucure-huiles-ongles","8":"product_cat-nos-marques","9":"product_cat-pose-ongles","10":"product_cat-manucure-soin-des-ongles","11":"product_cat-webshop-fr","13":"first","14":"instock","15":"taxable","16":"shipping-taxable","17":"product-type-simple"},"acf":[],"_links":{"self":[{"href":"https:\/\/sundar.be\/fr\/wp-json\/wp\/v2\/product\/57241","targetHints":{"allow":["GET"]}}],"collection":[{"href":"https:\/\/sundar.be\/fr\/wp-json\/wp\/v2\/product"}],"about":[{"href":"https:\/\/sundar.be\/fr\/wp-json\/wp\/v2\/types\/product"}],"replies":[{"embeddable":true,"href":"https:\/\/sundar.be\/fr\/wp-json\/wp\/v2\/comments?post=57241"}],"wp:featuredmedia":[{"embeddable":true,"href":"https:\/\/sundar.be\/fr\/wp-json\/wp\/v2\/media\/57240"}],"wp:attachment":[{"href":"https:\/\/sundar.be\/fr\/wp-json\/wp\/v2\/media?parent=57241"}],"wp:term":[{"taxonomy":"product_brand","embeddable":true,"href":"https:\/\/sundar.be\/fr\/wp-json\/wp\/v2\/product_brand?post=57241"},{"taxonomy":"product_cat","embeddable":true,"href":"https:\/\/sundar.be\/fr\/wp-json\/wp\/v2\/product_cat?post=57241"},{"taxonomy":"product_tag","embeddable":true,"href":"https:\/\/sundar.be\/fr\/wp-json\/wp\/v2\/product_tag?post=57241"}],"curies":[{"name":"wp","href":"https:\/\/api.w.org\/{rel}","templated":true}]}}