{"id":57237,"date":"2025-11-21T09:51:04","date_gmt":"2025-11-21T08:51:04","guid":{"rendered":"https:\/\/sundar.be\/product\/by-la-nature-kera10-cure-caps-croissance-des-cheveux-et-des-ongles-60-unites\/"},"modified":"2025-11-21T09:55:44","modified_gmt":"2025-11-21T08:55:44","slug":"by-la-nature-kera10-cure-caps-croissance-des-cheveux-et-des-ongles-60-unites","status":"publish","type":"product","link":"https:\/\/sundar.be\/fr\/produit\/by-la-nature-kera10-cure-caps-croissance-des-cheveux-et-des-ongles-60-unites\/","title":{"rendered":"By La Nature Kera10-Cure Caps Croissance des Cheveux et des Ongles, 60 unit\u00e9s"},"content":{"rendered":"<h1>Formule puissante pour les cheveux et les ongles<\/h1>\n<p><em>Contient de la k\u00e9ratine naturelle de haute qualit\u00e9<\/em><\/p>\n<ul>\n<li>Garde les ongles et les cheveux beaux<\/li>\n<li>Acc\u00e9l\u00e8re la croissance des ongles et des cheveux<\/li>\n<li>Renforce les ongles mous et cassants<\/li>\n<li>Renforce la fibre capillaire des cheveux fragilis\u00e9s<\/li>\n<li>Restaure la vitalit\u00e9, la brillance et la souplesse des cheveux<\/li>\n<\/ul>\n<p>Formul\u00e9 \u00e0 base de k\u00e9ratine naturelle, d\u2019extrait de pr\u00eale, de vitamines B3, B5, B6, B8 (BIOTINE), B9 et Vitamine E, ainsi que de min\u00e9raux.<\/p>\n<ul>\n<li>V\u00e9g\u00e9talien<\/li>\n<li>Glutenvrij<\/li>\n<li>100 % naturel<\/li>\n<\/ul>\n<p><em>Il est recommand\u00e9 d&rsquo;utiliser la cure KERA10 plusieurs fois par an, notamment lors des changements de saison.<\/em><\/p>\n","protected":false},"excerpt":{"rendered":"<p>Formule puissante pour les cheveux et les ongles Contient de la k\u00e9ratine naturelle de haute qualit\u00e9 Garde les ongles et les cheveux beaux Acc\u00e9l\u00e8re la croissance des ongles et des cheveux Renforce les ongles mous et cassants Renforce la fibre capillaire des cheveux fragilis\u00e9s Restaure la vitalit\u00e9, la brillance et la souplesse des cheveux Formul\u00e9 [&hellip;]<\/p>\n","protected":false},"featured_media":57236,"comment_status":"open","ping_status":"closed","template":"","meta":{"_acf_changed":false},"product_brand":[],"product_cat":[6148,4972],"product_tag":[],"class_list":{"0":"post-57237","1":"product","2":"type-product","3":"status-publish","4":"has-post-thumbnail","6":"product_cat-by-la-nature","7":"product_cat-nos-marques","9":"first","10":"instock","11":"taxable","12":"shipping-taxable","13":"product-type-simple"},"acf":[],"_links":{"self":[{"href":"https:\/\/sundar.be\/fr\/wp-json\/wp\/v2\/product\/57237","targetHints":{"allow":["GET"]}}],"collection":[{"href":"https:\/\/sundar.be\/fr\/wp-json\/wp\/v2\/product"}],"about":[{"href":"https:\/\/sundar.be\/fr\/wp-json\/wp\/v2\/types\/product"}],"replies":[{"embeddable":true,"href":"https:\/\/sundar.be\/fr\/wp-json\/wp\/v2\/comments?post=57237"}],"wp:featuredmedia":[{"embeddable":true,"href":"https:\/\/sundar.be\/fr\/wp-json\/wp\/v2\/media\/57236"}],"wp:attachment":[{"href":"https:\/\/sundar.be\/fr\/wp-json\/wp\/v2\/media?parent=57237"}],"wp:term":[{"taxonomy":"product_brand","embeddable":true,"href":"https:\/\/sundar.be\/fr\/wp-json\/wp\/v2\/product_brand?post=57237"},{"taxonomy":"product_cat","embeddable":true,"href":"https:\/\/sundar.be\/fr\/wp-json\/wp\/v2\/product_cat?post=57237"},{"taxonomy":"product_tag","embeddable":true,"href":"https:\/\/sundar.be\/fr\/wp-json\/wp\/v2\/product_tag?post=57237"}],"curies":[{"name":"wp","href":"https:\/\/api.w.org\/{rel}","templated":true}]}}