{"id":57230,"date":"2025-11-21T09:45:27","date_gmt":"2025-11-21T08:45:27","guid":{"rendered":"https:\/\/sundar.be\/product\/by-la-nature-nail-cure-oil\/"},"modified":"2025-11-30T16:26:41","modified_gmt":"2025-11-30T15:26:41","slug":"by-la-nature-nail-cure-oil","status":"publish","type":"product","link":"https:\/\/sundar.be\/fr\/produit\/by-la-nature-nail-cure-oil\/","title":{"rendered":"By La Nature Nail-Cure Oil"},"content":{"rendered":"<p><span style=\"color: #557e96;\"><strong>Nail-Cure Oil<\/strong><\/span> est une huile r\u00e9paratrice et fortifiante qui nourrit, renforce et prot\u00e8ge les ongles ainsi que les cuticules. Sa formule 100 % v\u00e9g\u00e9tale, enrichie en huiles botaniques de haute qualit\u00e9 et en actifs naturels, lutte contre le dess\u00e8chement, la fragilit\u00e9 et le d\u00e9doublement des ongles. L\u2019huile p\u00e9n\u00e8tre rapidement et laisse un parfum d\u00e9licat et \u00e9l\u00e9gant de rose, tandis que les ongles deviennent visiblement plus forts, lisses et sains.  <\/p>\n","protected":false},"excerpt":{"rendered":"<p>Cette huile puissante r\u00e9pare les ongles ab\u00eem\u00e9s et fragiles, stimule leur croissance et pr\u00e9vient le d\u00e9doublement. Avec une utilisation quotidienne, les ongles gagnent en solidit\u00e9 et en brillance tandis que les cuticules restent douces et parfaitement hydrat\u00e9es. <\/p>\n","protected":false},"featured_media":57229,"comment_status":"open","ping_status":"closed","template":"","meta":{"_acf_changed":false},"product_brand":[],"product_cat":[6148,6149,4970,4972,4755,4761,5077,5796,5058],"product_tag":[],"class_list":{"0":"post-57230","1":"product","2":"type-product","3":"status-publish","4":"has-post-thumbnail","6":"product_cat-by-la-nature","7":"product_cat-by-la-nature-soins-des-pieds","8":"product_cat-manucure-huiles-ongles","9":"product_cat-nos-marques","10":"product_cat-pedicure","11":"product_cat-pose-ongles","12":"product_cat-manucure-soin-des-ongles","13":"product_cat-soins-pieds-marque","14":"product_cat-webshop-fr","15":"pa_inhoud-100-ml-fr","16":"pa_inhoud-15-ml-fr","17":"pa_inhoud-4-ml","19":"first","20":"instock","21":"taxable","22":"shipping-taxable","23":"product-type-variable"},"acf":[],"_links":{"self":[{"href":"https:\/\/sundar.be\/fr\/wp-json\/wp\/v2\/product\/57230","targetHints":{"allow":["GET"]}}],"collection":[{"href":"https:\/\/sundar.be\/fr\/wp-json\/wp\/v2\/product"}],"about":[{"href":"https:\/\/sundar.be\/fr\/wp-json\/wp\/v2\/types\/product"}],"replies":[{"embeddable":true,"href":"https:\/\/sundar.be\/fr\/wp-json\/wp\/v2\/comments?post=57230"}],"wp:featuredmedia":[{"embeddable":true,"href":"https:\/\/sundar.be\/fr\/wp-json\/wp\/v2\/media\/57229"}],"wp:attachment":[{"href":"https:\/\/sundar.be\/fr\/wp-json\/wp\/v2\/media?parent=57230"}],"wp:term":[{"taxonomy":"product_brand","embeddable":true,"href":"https:\/\/sundar.be\/fr\/wp-json\/wp\/v2\/product_brand?post=57230"},{"taxonomy":"product_cat","embeddable":true,"href":"https:\/\/sundar.be\/fr\/wp-json\/wp\/v2\/product_cat?post=57230"},{"taxonomy":"product_tag","embeddable":true,"href":"https:\/\/sundar.be\/fr\/wp-json\/wp\/v2\/product_tag?post=57230"}],"curies":[{"name":"wp","href":"https:\/\/api.w.org\/{rel}","templated":true}]}}